{"id":152332,"date":"2021-01-15T12:04:15","date_gmt":"2021-01-15T12:04:15","guid":{"rendered":"https:\/\/codengine3.ch\/?product=import-placeholder-for-203417"},"modified":"2021-01-15T14:23:04","modified_gmt":"2021-01-15T14:23:04","slug":"the-king-albert-i-memorial-foundation","status":"publish","type":"product","link":"https:\/\/pizbube.ch\/en\/shop\/the-king-albert-i-memorial-foundation\/","title":{"rendered":"The King Albert I Memorial Foundation"},"content":{"rendered":"<p>Die Klettertouren von K\u00f6nig Albert I., die nach ihm benannten Gipfel, H\u00fctten<br \/>\nund Hotels, die Gr\u00fcndung der King Albert I Memorial Foundation, alle Gewinner<br \/>\ndes King Albert Mountain Award seit 1994, Fotografien des Roi Alpiniste in<br \/>\nseinem bevorzugten Terrain zusammen mit seinen Kletterpartnern wie Walter<br \/>\nAmstutz, Aldo Bonacossa, Hans Steger und Paula Wiesinger: All dies kann in der<br \/>\nneuen Brosch\u00fcre der King Albert I Memorial Foundation gefunden werden.<br \/>\n100 Seiten, 86 Fotos  <\/p>\n<p>The climbing life of King Albert I, the peaks, huts and hotels named after<br \/>\nhim; the creation of the King Albert I Memorial Foundation, all the winners of<br \/>\nthe King Albert Mountain Award since 1994; photos showing the Roi Alpiniste on<br \/>\nhis favorite playground together with his climbing partners such as Walter<br \/>\nAmstutz, Aldo Bonacossa, Hans Steger and Paula Wiesinger: All this is to be<br \/>\nfound in the new booklet on the King Albert I Memorial Foundation.<br \/>\n100 pages, 86 photos  <\/p>","protected":false},"excerpt":{"rendered":"<p>Die Klettertouren von K\u00f6nig Albert I., die nach ihm benannten Gipfel, H\u00fctten und Hotels, die Gr\u00fcndung der King Albert I Memorial Foundation, alle Gewinner des King Albert Mountain Award seit 1994, Fotografien des Roi Alpiniste in seinem bevorzugten Terrain zusammen mit seinen Kletterpartnern wie Walter Amstutz, Aldo Bonacossa, Hans Steger und Paula Wiesinger: All dies [&#8230;]\n","protected":false},"featured_media":39266,"template":"","meta":[],"product_brand":[],"product_cat":[21542],"product_tag":[],"class_list":{"0":"post-152332","1":"product","2":"type-product","3":"status-publish","4":"has-post-thumbnail","6":"product_cat-sachbuecher-dokumentationen","7":"pa_autor-anker","8":"pa_erscheinungsjahr-21571","9":"pa_region-schweiz","10":"pa_sprache-en","12":"first","13":"instock","14":"taxable","15":"shipping-taxable","16":"purchasable","17":"product-type-simple"},"_links":{"self":[{"href":"https:\/\/pizbube.ch\/en\/wp-json\/wp\/v2\/product\/152332","targetHints":{"allow":["GET"]}}],"collection":[{"href":"https:\/\/pizbube.ch\/en\/wp-json\/wp\/v2\/product"}],"about":[{"href":"https:\/\/pizbube.ch\/en\/wp-json\/wp\/v2\/types\/product"}],"wp:featuredmedia":[{"embeddable":true,"href":"https:\/\/pizbube.ch\/en\/wp-json\/wp\/v2\/media\/39266"}],"wp:attachment":[{"href":"https:\/\/pizbube.ch\/en\/wp-json\/wp\/v2\/media?parent=152332"}],"wp:term":[{"taxonomy":"product_brand","embeddable":true,"href":"https:\/\/pizbube.ch\/en\/wp-json\/wp\/v2\/product_brand?post=152332"},{"taxonomy":"product_cat","embeddable":true,"href":"https:\/\/pizbube.ch\/en\/wp-json\/wp\/v2\/product_cat?post=152332"},{"taxonomy":"product_tag","embeddable":true,"href":"https:\/\/pizbube.ch\/en\/wp-json\/wp\/v2\/product_tag?post=152332"}],"curies":[{"name":"wp","href":"https:\/\/api.w.org\/{rel}","templated":true}]}}