{"id":152334,"date":"2021-01-15T12:04:15","date_gmt":"2021-01-15T12:04:15","guid":{"rendered":"https:\/\/codengine3.ch\/?product=import-placeholder-for-202968"},"modified":"2022-11-02T15:22:14","modified_gmt":"2022-11-02T14:22:14","slug":"uganda-ruwenzori","status":"publish","type":"product","link":"https:\/\/pizbube.ch\/en\/shop\/uganda-ruwenzori\/","title":{"rendered":"Uganda: Ruwenzori"},"content":{"rendered":"<p>Die legend\u00e4ren Mondberge (montes lunae) f\u00fchren diesen Namen nicht zu Unrecht.<br \/>\nEine Wanderung durch diese Giganten entf\u00fchrt in eine wahrlich andere von<br \/>\nunendlich erscheinendem Gr\u00fcn \u00fcberzogene Welt.<\/p>\n<p>Die Pflanzenwelt hat sich hier<br \/>\nw\u00e4hrend der letzten Million Jahre kaum ver\u00e4ndert. Hier ist der einzige Fleck<br \/>\nder Erde, wo man tagelang inmitten original eiszeitlicher Flora wandern kann.<br \/>\nWer diese au\u00dferirdische und au\u00dferzeitliche Besonderheit unvorbereitet<br \/>\ndurchwandern will erschrickt bereits am Start und versp\u00fcrt Ehrfurcht. Allzuoft<br \/>\nwandelt sie sich in reine Furch, in eine Welle von Angst, die sogar den<br \/>\nunerschrockensten Afrikafahrer H.M.Stanley den Blick abwenden und<br \/>\nweitzerziehen lie\u00df.<\/p>\n<p>Damit dem Wanderer der heutigen Zeit diese Furcht und<br \/>\nAngst erspart bleibt, wurde dieses Buch verfa\u00dft. Es beschreibt alle Facetten<br \/>\ndieses extremen Unternehmens, bietet au\u00dfer der Beschreibung der vielen<br \/>\nglanzvollen H\u00f6hepunkte, der ben\u00f6tigten Ausr\u00fcstung und der sinnvollen<br \/>\nVorbereitung auch einen Einblick in die finsteren Seiten der Mondberge.<\/p>\n<p>1. Auflage 2006, 228 Seiten, eine Farbkarte, 6 weitere Karten, 28 farbige<br \/>\nAbbildungen, 31 schwarz-wei\u00df Abbildungen<\/p>","protected":false},"excerpt":{"rendered":"<p>Die legend\u00e4ren Mondberge (montes lunae) f\u00fchren diesen Namen nicht zu Unrecht. Eine Wanderung durch diese Giganten entf\u00fchrt in eine wahrlich andere von unendlich erscheinendem Gr\u00fcn \u00fcberzogene Welt. Die Pflanzenwelt hat sich hier w\u00e4hrend der letzten Million Jahre kaum ver\u00e4ndert. Hier ist der einzige Fleck der Erde, wo man tagelang inmitten original eiszeitlicher Flora wandern kann. [&#8230;]\n","protected":false},"featured_media":30466,"template":"","meta":[],"product_brand":[],"product_cat":[21605],"product_tag":[],"class_list":{"0":"post-152334","1":"product","2":"type-product","3":"status-publish","4":"has-post-thumbnail","6":"product_cat-wanderfuehrer-trekking","7":"pa_autor-dippelreither","8":"pa_erscheinungsjahr-21763","9":"pa_region-afrika","10":"pa_sprache-de","12":"first","13":"outofstock","14":"taxable","15":"shipping-taxable","16":"purchasable","17":"product-type-simple"},"_links":{"self":[{"href":"https:\/\/pizbube.ch\/en\/wp-json\/wp\/v2\/product\/152334","targetHints":{"allow":["GET"]}}],"collection":[{"href":"https:\/\/pizbube.ch\/en\/wp-json\/wp\/v2\/product"}],"about":[{"href":"https:\/\/pizbube.ch\/en\/wp-json\/wp\/v2\/types\/product"}],"wp:featuredmedia":[{"embeddable":true,"href":"https:\/\/pizbube.ch\/en\/wp-json\/wp\/v2\/media\/30466"}],"wp:attachment":[{"href":"https:\/\/pizbube.ch\/en\/wp-json\/wp\/v2\/media?parent=152334"}],"wp:term":[{"taxonomy":"product_brand","embeddable":true,"href":"https:\/\/pizbube.ch\/en\/wp-json\/wp\/v2\/product_brand?post=152334"},{"taxonomy":"product_cat","embeddable":true,"href":"https:\/\/pizbube.ch\/en\/wp-json\/wp\/v2\/product_cat?post=152334"},{"taxonomy":"product_tag","embeddable":true,"href":"https:\/\/pizbube.ch\/en\/wp-json\/wp\/v2\/product_tag?post=152334"}],"curies":[{"name":"wp","href":"https:\/\/api.w.org\/{rel}","templated":true}]}}