{"id":152339,"date":"2021-01-15T12:04:15","date_gmt":"2021-01-15T12:04:15","guid":{"rendered":"https:\/\/codengine3.ch\/?product=import-placeholder-for-208303"},"modified":"2026-01-06T14:03:55","modified_gmt":"2026-01-06T13:03:55","slug":"climbing-in-the-maelaren-valley-sweden","status":"publish","type":"product","link":"https:\/\/pizbube.ch\/en\/shop\/climbing-in-the-maelaren-valley-sweden\/","title":{"rendered":"Climbing in the M\u00e4laren Valley (Sweden)"},"content":{"rendered":"<p>Kl\u00e4ttring i M\u00e4lardalen<\/p>\n<p>This new guidebook covers all the best climbing around lake M\u00e4laren in mid-<br \/>\neast Sweden about an hour and a halfs drive from Stockholm. The guidebook<br \/>\ndecribes hundreds of both bolted and &#8218;trad&#8216; routes of all grades and covers<br \/>\naround 40 crags, from Uppsala in the north to the well known Tunaberg region<br \/>\nin the south.<\/p>\n<p>All the crags featured have easy-to-follow maps for those driving to a<br \/>\nparticular area, it is well illustrated with some great action photos and all<br \/>\nthe crags have detailed topos making route finding dead easy. Gerneral<br \/>\ninformation is provided for the visiting climber and there&#8217;s a comprehensive<br \/>\nhistory charting the development of climbiung over recent years &#8211; Swedish and<br \/>\nEnglish language&#8230;<\/p>","protected":false},"excerpt":{"rendered":"<p>Kl\u00e4ttring i M\u00e4lardalen This new guidebook covers all the best climbing around lake M\u00e4laren in mid- east Sweden about an hour and a halfs drive from Stockholm. The guidebook decribes hundreds of both bolted and &#8218;trad&#8216; routes of all grades and covers around 40 crags, from Uppsala in the north to the well known Tunaberg [&#8230;]\n","protected":false},"featured_media":182726,"template":"","meta":[],"product_brand":[],"product_cat":[21539],"product_tag":[],"class_list":{"0":"post-152339","1":"product","2":"type-product","3":"status-publish","4":"has-post-thumbnail","6":"product_cat-fuehrerliteratur-sportklettern-bouldern","7":"pa_erscheinungsjahr-21586","8":"pa_region-skandinavien-norwegen-schweden-finnland","9":"pa_sprache-en-swed","11":"first","12":"instock","13":"taxable","14":"shipping-taxable","15":"purchasable","16":"product-type-simple"},"_links":{"self":[{"href":"https:\/\/pizbube.ch\/en\/wp-json\/wp\/v2\/product\/152339","targetHints":{"allow":["GET"]}}],"collection":[{"href":"https:\/\/pizbube.ch\/en\/wp-json\/wp\/v2\/product"}],"about":[{"href":"https:\/\/pizbube.ch\/en\/wp-json\/wp\/v2\/types\/product"}],"wp:featuredmedia":[{"embeddable":true,"href":"https:\/\/pizbube.ch\/en\/wp-json\/wp\/v2\/media\/182726"}],"wp:attachment":[{"href":"https:\/\/pizbube.ch\/en\/wp-json\/wp\/v2\/media?parent=152339"}],"wp:term":[{"taxonomy":"product_brand","embeddable":true,"href":"https:\/\/pizbube.ch\/en\/wp-json\/wp\/v2\/product_brand?post=152339"},{"taxonomy":"product_cat","embeddable":true,"href":"https:\/\/pizbube.ch\/en\/wp-json\/wp\/v2\/product_cat?post=152339"},{"taxonomy":"product_tag","embeddable":true,"href":"https:\/\/pizbube.ch\/en\/wp-json\/wp\/v2\/product_tag?post=152339"}],"curies":[{"name":"wp","href":"https:\/\/api.w.org\/{rel}","templated":true}]}}