{"id":152341,"date":"2021-01-15T12:04:20","date_gmt":"2021-01-15T12:04:20","guid":{"rendered":"https:\/\/codengine3.ch\/?product=import-placeholder-for-201760"},"modified":"2021-01-15T12:04:23","modified_gmt":"2021-01-15T12:04:23","slug":"wandern-in-den-pyrenaeen","status":"publish","type":"product","link":"https:\/\/pizbube.ch\/en\/shop\/wandern-in-den-pyrenaeen\/","title":{"rendered":"Wandern in den Pyren\u00e4en"},"content":{"rendered":"<p>35 Touren, exakte Karten, H\u00f6henprofile. 40 Farbfotos, 36 Karten. 142 S. Dumont<br \/>\naktiv: Zuverl\u00e4ssige und detaillierte Wegbeschreibungen f\u00fcr die Planung und<br \/>\nDurchf\u00fchrung der Touren. Zahlreiche farbige Abbildung machen Appetit auf das<br \/>\nNaturerlebnis und wecken die Vorfreude. Markante Naturerscheinungen,<br \/>\nverborgene Sch\u00f6nheiten, r\u00e4tselhafte Spuren &#8211; was unterwegs besonders auff\u00e4llt,<br \/>\nwird am Ende des Textes vorgestellt und erkl\u00e4rt.  <\/p>","protected":false},"excerpt":{"rendered":"<p>35 Touren, exakte Karten, H\u00f6henprofile. 40 Farbfotos, 36 Karten. 142 S. Dumont aktiv: Zuverl\u00e4ssige und detaillierte Wegbeschreibungen f\u00fcr die Planung und Durchf\u00fchrung der Touren. Zahlreiche farbige Abbildung machen Appetit auf das Naturerlebnis und wecken die Vorfreude. Markante Naturerscheinungen, verborgene Sch\u00f6nheiten, r\u00e4tselhafte Spuren &#8211; was unterwegs besonders auff\u00e4llt, wird am Ende des Textes vorgestellt und erkl\u00e4rt.<\/p>","protected":false},"featured_media":29147,"template":"","meta":[],"product_brand":[],"product_cat":[21605],"product_tag":[],"class_list":{"0":"post-152341","1":"product","2":"type-product","3":"status-publish","4":"has-post-thumbnail","6":"product_cat-wanderfuehrer-trekking","7":"pa_autor-lipps","8":"pa_erscheinungsjahr-22144","9":"pa_region-spanien","10":"pa_sprache-de","12":"first","13":"instock","14":"taxable","15":"shipping-taxable","16":"purchasable","17":"product-type-simple"},"_links":{"self":[{"href":"https:\/\/pizbube.ch\/en\/wp-json\/wp\/v2\/product\/152341","targetHints":{"allow":["GET"]}}],"collection":[{"href":"https:\/\/pizbube.ch\/en\/wp-json\/wp\/v2\/product"}],"about":[{"href":"https:\/\/pizbube.ch\/en\/wp-json\/wp\/v2\/types\/product"}],"wp:featuredmedia":[{"embeddable":true,"href":"https:\/\/pizbube.ch\/en\/wp-json\/wp\/v2\/media\/29147"}],"wp:attachment":[{"href":"https:\/\/pizbube.ch\/en\/wp-json\/wp\/v2\/media?parent=152341"}],"wp:term":[{"taxonomy":"product_brand","embeddable":true,"href":"https:\/\/pizbube.ch\/en\/wp-json\/wp\/v2\/product_brand?post=152341"},{"taxonomy":"product_cat","embeddable":true,"href":"https:\/\/pizbube.ch\/en\/wp-json\/wp\/v2\/product_cat?post=152341"},{"taxonomy":"product_tag","embeddable":true,"href":"https:\/\/pizbube.ch\/en\/wp-json\/wp\/v2\/product_tag?post=152341"}],"curies":[{"name":"wp","href":"https:\/\/api.w.org\/{rel}","templated":true}]}}