{"id":152343,"date":"2021-01-15T12:04:20","date_gmt":"2021-01-15T12:04:20","guid":{"rendered":"https:\/\/codengine3.ch\/?product=import-placeholder-for-204178"},"modified":"2021-01-15T14:30:39","modified_gmt":"2021-01-15T14:30:39","slug":"pirineos-trekkings-de-fin-de-semana","status":"publish","type":"product","link":"https:\/\/pizbube.ch\/en\/shop\/pirineos-trekkings-de-fin-de-semana\/","title":{"rendered":"Pirineos: trekkings de fin de semana"},"content":{"rendered":"<p>La gu\u00eda recopila 20 itinerarios circulares de dos d\u00edas distribuidos en los<br \/>\nvalles y monta\u00f1as del Pirineo navarro, aragon\u00e9s y catal\u00e1n, con una propuesta<br \/>\nen el Pirineo franc\u00e9s, el popular tour del Midi. d&#8217;Ossau; 20 trekkings de<br \/>\ntodos los niveles y estilos que son un escal\u00f3n entre el sencillo paseo<br \/>\nexcursionista de una jornada y las grandes traves\u00edas pirenaicas.<\/p>","protected":false},"excerpt":{"rendered":"<p>La gu\u00eda recopila 20 itinerarios circulares de dos d\u00edas distribuidos en los valles y monta\u00f1as del Pirineo navarro, aragon\u00e9s y catal\u00e1n, con una propuesta en el Pirineo franc\u00e9s, el popular tour del Midi. d&#8217;Ossau; 20 trekkings de todos los niveles y estilos que son un escal\u00f3n entre el sencillo paseo excursionista de una jornada y [&#8230;]\n","protected":false},"featured_media":31962,"template":"","meta":[],"product_brand":[],"product_cat":[21605],"product_tag":[],"class_list":{"0":"post-152343","1":"product","2":"type-product","3":"status-publish","4":"has-post-thumbnail","6":"product_cat-wanderfuehrer-trekking","7":"pa_autor-alonso","8":"pa_erscheinungsjahr-21763","9":"pa_region-spanien","10":"pa_sprache-sp","12":"first","13":"instock","14":"taxable","15":"shipping-taxable","16":"purchasable","17":"product-type-simple"},"_links":{"self":[{"href":"https:\/\/pizbube.ch\/en\/wp-json\/wp\/v2\/product\/152343","targetHints":{"allow":["GET"]}}],"collection":[{"href":"https:\/\/pizbube.ch\/en\/wp-json\/wp\/v2\/product"}],"about":[{"href":"https:\/\/pizbube.ch\/en\/wp-json\/wp\/v2\/types\/product"}],"wp:featuredmedia":[{"embeddable":true,"href":"https:\/\/pizbube.ch\/en\/wp-json\/wp\/v2\/media\/31962"}],"wp:attachment":[{"href":"https:\/\/pizbube.ch\/en\/wp-json\/wp\/v2\/media?parent=152343"}],"wp:term":[{"taxonomy":"product_brand","embeddable":true,"href":"https:\/\/pizbube.ch\/en\/wp-json\/wp\/v2\/product_brand?post=152343"},{"taxonomy":"product_cat","embeddable":true,"href":"https:\/\/pizbube.ch\/en\/wp-json\/wp\/v2\/product_cat?post=152343"},{"taxonomy":"product_tag","embeddable":true,"href":"https:\/\/pizbube.ch\/en\/wp-json\/wp\/v2\/product_tag?post=152343"}],"curies":[{"name":"wp","href":"https:\/\/api.w.org\/{rel}","templated":true}]}}