{"id":152345,"date":"2021-01-15T12:04:21","date_gmt":"2021-01-15T12:04:21","guid":{"rendered":"https:\/\/codengine3.ch\/?product=import-placeholder-for-205746"},"modified":"2021-01-15T14:43:35","modified_gmt":"2021-01-15T14:43:35","slug":"auf-pilgerspuren-unterwegs","status":"publish","type":"product","link":"https:\/\/pizbube.ch\/en\/shop\/auf-pilgerspuren-unterwegs\/","title":{"rendered":"Auf Pilgerspuren unterwegs"},"content":{"rendered":"<p>20 Wanderungen zu Wallfahrtsorten in der Schweiz.<br \/>\nEine versteckte Einsiedelei besuchen, zu einer idyllisch gelegenen Kapelle auf<br \/>\neinem H\u00fcgel aufsteigen: Wallfahrten bringen Erholung f\u00fcr K\u00f6rper, Geist und<br \/>\nSeele. Pilgern heisst Bewegung in der Natur, Kunstdenkm\u00e4ler und eine<br \/>\nwundersame Welt gelebter Volksfr\u00f6mmigkeit entdecken, an magischen,<br \/>\nlandschaftlich bezaubernden Orten &#8211; kleine Fluchten aus dem Alltag.<br \/>\nEs muss nicht immer Santiago de Compostela sein; die 20 Touren in der ganzen<br \/>\nSchweiz lassen sich bequem in einem Tag oder einem Nachmittag erwandern.<br \/>\nDie Pilgerst\u00e4tten sind nicht nur f\u00fcr fromme Wanderer spannend, sondern bieten<br \/>\nkulturgeschichtlichen, landschaftlichen und manchmal sogar kulinarischen<br \/>\nHochgenuss f\u00fcr jeden, der gerne unterwegs ist. Dabei lassen die malerischen<br \/>\nKirchen und Kapellen die Herzen von Romantikerinnen und bisweilen gar von<br \/>\neingefleischten Realisten h\u00f6her schlagen<br \/>\nZahlr. farb. Fotos, Karten. 160 S.  <\/p>","protected":false},"excerpt":{"rendered":"<p>20 Wanderungen zu Wallfahrtsorten in der Schweiz. Eine versteckte Einsiedelei besuchen, zu einer idyllisch gelegenen Kapelle auf einem H\u00fcgel aufsteigen: Wallfahrten bringen Erholung f\u00fcr K\u00f6rper, Geist und Seele. Pilgern heisst Bewegung in der Natur, Kunstdenkm\u00e4ler und eine wundersame Welt gelebter Volksfr\u00f6mmigkeit entdecken, an magischen, landschaftlich bezaubernden Orten &#8211; kleine Fluchten aus dem Alltag. Es muss [&#8230;]\n","protected":false},"featured_media":34562,"template":"","meta":[],"product_brand":[],"product_cat":[21605],"product_tag":[],"class_list":{"0":"post-152345","1":"product","2":"type-product","3":"status-publish","4":"has-post-thumbnail","6":"product_cat-wanderfuehrer-trekking","7":"pa_autor-oehninger","8":"pa_erscheinungsjahr-21591","9":"pa_region-schweiz","10":"pa_sprache-de","12":"first","13":"instock","14":"taxable","15":"shipping-taxable","16":"purchasable","17":"product-type-simple"},"_links":{"self":[{"href":"https:\/\/pizbube.ch\/en\/wp-json\/wp\/v2\/product\/152345","targetHints":{"allow":["GET"]}}],"collection":[{"href":"https:\/\/pizbube.ch\/en\/wp-json\/wp\/v2\/product"}],"about":[{"href":"https:\/\/pizbube.ch\/en\/wp-json\/wp\/v2\/types\/product"}],"wp:featuredmedia":[{"embeddable":true,"href":"https:\/\/pizbube.ch\/en\/wp-json\/wp\/v2\/media\/34562"}],"wp:attachment":[{"href":"https:\/\/pizbube.ch\/en\/wp-json\/wp\/v2\/media?parent=152345"}],"wp:term":[{"taxonomy":"product_brand","embeddable":true,"href":"https:\/\/pizbube.ch\/en\/wp-json\/wp\/v2\/product_brand?post=152345"},{"taxonomy":"product_cat","embeddable":true,"href":"https:\/\/pizbube.ch\/en\/wp-json\/wp\/v2\/product_cat?post=152345"},{"taxonomy":"product_tag","embeddable":true,"href":"https:\/\/pizbube.ch\/en\/wp-json\/wp\/v2\/product_tag?post=152345"}],"curies":[{"name":"wp","href":"https:\/\/api.w.org\/{rel}","templated":true}]}}