{"id":152346,"date":"2021-01-15T12:04:21","date_gmt":"2021-01-15T12:04:21","guid":{"rendered":"https:\/\/codengine3.ch\/?product=import-placeholder-for-205437"},"modified":"2021-01-15T14:41:15","modified_gmt":"2021-01-15T14:41:15","slug":"via-son-giachen-jakobsweg-graubuenden","status":"publish","type":"product","link":"https:\/\/pizbube.ch\/en\/shop\/via-son-giachen-jakobsweg-graubuenden\/","title":{"rendered":"Via Son Giachen &#8211; Jakobsweg Graub\u00fcnden"},"content":{"rendered":"<p>Wanderung auf dem Jakobsweg. Seiten, 80 Fotos und Routenkarten.  <\/p>\n<p>Ab dem 12. Jahrhundert pilgerten die Wallfahrer auch durch Graub\u00fcnden. Das<br \/>\n\u00fcberrascht nicht, liegt doch Graub\u00fcnden von alters her am Schnittpunkt<br \/>\nwichtiger Handelswege. Eine beachtliche Zahl von Jakobsdarstellungen und<br \/>\nPatrozinien belegen den B\u00fcndner Jakobsweg.<br \/>\nDer Verein Jakobsweg Graub\u00fcnden hat sich zur Aufgabe gemacht, diesen alten<br \/>\nPilgerweg zu dokumentieren und zu signalisieren. Der Weg f\u00fchrt vom Vinschgau<br \/>\n\u00fcber M\u00fcstair, Scuol, Chapella, Davos, Chur, Breil, Disentis nach Amsteg.<br \/>\n&#8218;Via Son Giachen&#8216; heisst das Buch, welches den Weg begleitet. Detaillierte<br \/>\nRoutenbeschreibungen und Karten f\u00fchren durch das Buch. Seitenblicke auf<br \/>\nkulturelle und historische Sehensw\u00fcrdigkeiten laden zum Besuch. Hinweise zu<br \/>\nden Spuren des alten Jakobsweges laden zum Innehalten. Eine ausf\u00fchrliche<br \/>\nEinleitung \u00fcber die Bedeutung der Jakobswege erg\u00e4nzt das Werk.  <\/p>","protected":false},"excerpt":{"rendered":"<p>Wanderung auf dem Jakobsweg. Seiten, 80 Fotos und Routenkarten. Ab dem 12. Jahrhundert pilgerten die Wallfahrer auch durch Graub\u00fcnden. Das \u00fcberrascht nicht, liegt doch Graub\u00fcnden von alters her am Schnittpunkt wichtiger Handelswege. Eine beachtliche Zahl von Jakobsdarstellungen und Patrozinien belegen den B\u00fcndner Jakobsweg. Der Verein Jakobsweg Graub\u00fcnden hat sich zur Aufgabe gemacht, diesen alten Pilgerweg [&#8230;]\n","protected":false},"featured_media":34145,"template":"","meta":[],"product_brand":[],"product_cat":[21605],"product_tag":[],"class_list":{"0":"post-152346","1":"product","2":"type-product","3":"status-publish","4":"has-post-thumbnail","6":"product_cat-wanderfuehrer-trekking","7":"pa_autor-riederer-bellasi","8":"pa_erscheinungsjahr-21591","9":"pa_region-schweiz","10":"pa_sprache-de","12":"first","13":"instock","14":"taxable","15":"shipping-taxable","16":"purchasable","17":"product-type-simple"},"_links":{"self":[{"href":"https:\/\/pizbube.ch\/en\/wp-json\/wp\/v2\/product\/152346","targetHints":{"allow":["GET"]}}],"collection":[{"href":"https:\/\/pizbube.ch\/en\/wp-json\/wp\/v2\/product"}],"about":[{"href":"https:\/\/pizbube.ch\/en\/wp-json\/wp\/v2\/types\/product"}],"wp:featuredmedia":[{"embeddable":true,"href":"https:\/\/pizbube.ch\/en\/wp-json\/wp\/v2\/media\/34145"}],"wp:attachment":[{"href":"https:\/\/pizbube.ch\/en\/wp-json\/wp\/v2\/media?parent=152346"}],"wp:term":[{"taxonomy":"product_brand","embeddable":true,"href":"https:\/\/pizbube.ch\/en\/wp-json\/wp\/v2\/product_brand?post=152346"},{"taxonomy":"product_cat","embeddable":true,"href":"https:\/\/pizbube.ch\/en\/wp-json\/wp\/v2\/product_cat?post=152346"},{"taxonomy":"product_tag","embeddable":true,"href":"https:\/\/pizbube.ch\/en\/wp-json\/wp\/v2\/product_tag?post=152346"}],"curies":[{"name":"wp","href":"https:\/\/api.w.org\/{rel}","templated":true}]}}