{"id":152347,"date":"2021-01-15T12:04:21","date_gmt":"2021-01-15T12:04:21","guid":{"rendered":"https:\/\/codengine3.ch\/?product=import-placeholder-for-206593"},"modified":"2025-04-10T09:46:37","modified_gmt":"2025-04-10T07:46:37","slug":"jakobswege-in-der-schweiz","status":"publish","type":"product","link":"https:\/\/pizbube.ch\/en\/shop\/jakobswege-in-der-schweiz\/","title":{"rendered":"Jakobswege Schweiz"},"content":{"rendered":"<p class=\"mt-3\">Von Konstanz, Rorschach und Rankweil bis Genf<\/p>\n<p><span class=\"value\">Pilgern auf dem Jakobsweg \u2013 das muss nicht unbedingt in Spanien sein. Auch die Schweiz verf\u00fcgt \u00fcber eine lange Jakobustradition. Die Wiederbelebung der historischen Wege durch das Alpenland erm\u00f6glicht, was vor Jahrhunderten selbstverst\u00e4ndlich war: von der Heimat aus zum Grab des Apostels in Santiago de Compostela zu wandern. In insgesamt 36 Etappen inklusive Varianten f\u00fchrt der Rother Wanderf\u00fchrer \u00bbJakobswege Schweiz\u00ab durch die wunderbaren Landschaften der Nordschweiz.<\/span><\/p>\n<p>Die drei Zubringerrouten \u2013 Schwabenweg, St. Galler Weg und Appenzeller Weg \u2013 beginnen in Konstanz, Rorschach oder dem \u00f6sterreichischen Rankweil und vereinen sich beim historischen Kloster von Einsiedeln. Durch die Schweiz geht es \u00fcber Luzern oder Thun ins Berner Oberland und weiter bis zum Genfersee. Unvergessliche landschaftliche und kulturelle Eindr\u00fccke sind hier garantiert. Ein immer dichter werdendes Netz an Pilgerunterk\u00fcnften tr\u00e4gt zur besonderen Atmosph\u00e4re bei.<\/p>\n<p>Jede Etappe in diesem Rother Wanderf\u00fchrer ist pr\u00e4zise beschrieben. Erg\u00e4nzt wird die Wegbeschreibung durch viele Hinweise auf Sehensw\u00fcrdigkeiten und die Geschichte. Hinzu kommen Infos zu Einkehr- und \u00dcbernachtungsm\u00f6glichkeiten (verschiedener Preisklassen) sowie sonstige wichtige Infrastruktur. Wanderk\u00e4rtchen mit eingezeichnetem Routenverlauf und H\u00f6henprofile erleichtern die Orientierung und Tagesplanung. GPS-Tracks stehen zu allen Etappen zum Download bereit.<\/p>\n<p>Renate Florl ist im Schw\u00e4bisch-Fr\u00e4nkischen Wald zu Hause und Autorin zahlreicher Wanderf\u00fchrer. Ein Schwerpunkt ihres Interesses sind Pilger- und Weitwanderwege. F\u00fcr den Rother Bergverlag hat sie zu diesem Thema bereits einige Wanderf\u00fchrer verfasst.<\/p>\n<p>4., aktualisierte Auflage 2022<br \/>\n232 Seiten, 36 H\u00f6henprofile, 38 Wanderk\u00e4rtchen im Ma\u00dfstab 1:100.000, 6 Stadtpl\u00e4ne, 2 \u00dcbersichtskarten<\/p>","protected":false},"excerpt":{"rendered":"<p>Von Konstanz, Rorschach und Rankweil bis Genf Pilgern auf dem Jakobsweg \u2013 das muss nicht unbedingt in Spanien sein. Auch die Schweiz verf\u00fcgt \u00fcber eine lange Jakobustradition. Die Wiederbelebung der historischen Wege durch das Alpenland erm\u00f6glicht, was vor Jahrhunderten selbstverst\u00e4ndlich war: von der Heimat aus zum Grab des Apostels in Santiago de Compostela zu wandern. [&#8230;]\n","protected":false},"featured_media":179240,"template":"","meta":[],"product_brand":[],"product_cat":[21605],"product_tag":[],"class_list":{"0":"post-152347","1":"product","2":"type-product","3":"status-publish","4":"has-post-thumbnail","6":"product_cat-wanderfuehrer-trekking","7":"pa_autor-florl","8":"pa_erscheinungsjahr-27013","9":"pa_region-schweiz","10":"pa_sprache-de","12":"first","13":"instock","14":"taxable","15":"shipping-taxable","16":"purchasable","17":"product-type-simple"},"_links":{"self":[{"href":"https:\/\/pizbube.ch\/en\/wp-json\/wp\/v2\/product\/152347","targetHints":{"allow":["GET"]}}],"collection":[{"href":"https:\/\/pizbube.ch\/en\/wp-json\/wp\/v2\/product"}],"about":[{"href":"https:\/\/pizbube.ch\/en\/wp-json\/wp\/v2\/types\/product"}],"wp:featuredmedia":[{"embeddable":true,"href":"https:\/\/pizbube.ch\/en\/wp-json\/wp\/v2\/media\/179240"}],"wp:attachment":[{"href":"https:\/\/pizbube.ch\/en\/wp-json\/wp\/v2\/media?parent=152347"}],"wp:term":[{"taxonomy":"product_brand","embeddable":true,"href":"https:\/\/pizbube.ch\/en\/wp-json\/wp\/v2\/product_brand?post=152347"},{"taxonomy":"product_cat","embeddable":true,"href":"https:\/\/pizbube.ch\/en\/wp-json\/wp\/v2\/product_cat?post=152347"},{"taxonomy":"product_tag","embeddable":true,"href":"https:\/\/pizbube.ch\/en\/wp-json\/wp\/v2\/product_tag?post=152347"}],"curies":[{"name":"wp","href":"https:\/\/api.w.org\/{rel}","templated":true}]}}