{"id":152348,"date":"2021-01-15T12:04:21","date_gmt":"2021-01-15T12:04:21","guid":{"rendered":"https:\/\/codengine3.ch\/?product=import-placeholder-for-203335"},"modified":"2021-01-15T14:22:16","modified_gmt":"2021-01-15T14:22:16","slug":"schweiz-jakobsweg-vom-bodensse-zum-genfer-see","status":"publish","type":"product","link":"https:\/\/pizbube.ch\/en\/shop\/schweiz-jakobsweg-vom-bodensse-zum-genfer-see\/","title":{"rendered":"Schweiz: Jakobsweg vom Bodensse zum Genfer See"},"content":{"rendered":"<p>\nIm Mittelalter machten sich eine gro\u00dfe Anzahl Menschen unterschiedlicher<br \/>\ngeographischer und st\u00e4ndischer Herkunft mit einer Muschel als<br \/>\nErkennungszeichen und einem langen Wanderstab als St\u00fctze auf nach Santiago de<br \/>\nCompostela, um zum Grab des heiligen Jakobus zu pilgern. Die Schweiz geh\u00f6rte<br \/>\ndamals zu den wichtigsten Durchgangsl\u00e4ndern der Pilger. Inzwischen ist das<br \/>\nWandern auf den historischen Jakobswegen wieder modern geworden und so<br \/>\nverwundert es nicht, da\u00df auch in der Eidgenossenschaft die alten Routen f\u00fcr<br \/>\nWanderer wieder durchgehend begehbar gemacht wurden.<\/p>\n<p>Das Buch beschreibt den Jakobsweg \u00fcber mehr als 400 km vom Bodensee bis zum<br \/>\nGenfer See, wobei nicht nur auf die Hauptroute eingegangen wird, sondern auch<br \/>\nNebenstrecken Erw\u00e4hnung finden. Die Etappenbeschreibungen enthalten<br \/>\nausf\u00fchrliche Angaben \u00fcber den Wegverlauf, Verkehrsverbindungen und<br \/>\n\u00dcbernachtungsm\u00f6glichkeiten sowie Informationen zu interessanten Details aus<br \/>\nNatur und Landschaft, Kultur und Geschichte, wobei entlang des Weges besonders<br \/>\nauf historische Zeugen der mittelalterlichen Pilgerschaft eingegangen wird.  <\/p>\n<p>10. Auflage 2018, 288 Seiten, eine Farbkarte, 27 weitere Karten, 56 farbige<br \/>\nAbbildungen  <\/p>","protected":false},"excerpt":{"rendered":"<p>Im Mittelalter machten sich eine gro\u00dfe Anzahl Menschen unterschiedlicher geographischer und st\u00e4ndischer Herkunft mit einer Muschel als Erkennungszeichen und einem langen Wanderstab als St\u00fctze auf nach Santiago de Compostela, um zum Grab des heiligen Jakobus zu pilgern. Die Schweiz geh\u00f6rte damals zu den wichtigsten Durchgangsl\u00e4ndern der Pilger. Inzwischen ist das Wandern auf den historischen Jakobswegen [&#8230;]\n","protected":false},"featured_media":40985,"template":"","meta":[],"product_brand":[],"product_cat":[21605],"product_tag":[],"class_list":{"0":"post-152348","1":"product","2":"type-product","3":"status-publish","4":"has-post-thumbnail","6":"product_cat-wanderfuehrer-trekking","7":"pa_autor-engel","8":"pa_erscheinungsjahr-21546","9":"pa_region-schweiz","10":"pa_sprache-de","12":"first","13":"instock","14":"taxable","15":"shipping-taxable","16":"purchasable","17":"product-type-simple"},"_links":{"self":[{"href":"https:\/\/pizbube.ch\/en\/wp-json\/wp\/v2\/product\/152348","targetHints":{"allow":["GET"]}}],"collection":[{"href":"https:\/\/pizbube.ch\/en\/wp-json\/wp\/v2\/product"}],"about":[{"href":"https:\/\/pizbube.ch\/en\/wp-json\/wp\/v2\/types\/product"}],"wp:featuredmedia":[{"embeddable":true,"href":"https:\/\/pizbube.ch\/en\/wp-json\/wp\/v2\/media\/40985"}],"wp:attachment":[{"href":"https:\/\/pizbube.ch\/en\/wp-json\/wp\/v2\/media?parent=152348"}],"wp:term":[{"taxonomy":"product_brand","embeddable":true,"href":"https:\/\/pizbube.ch\/en\/wp-json\/wp\/v2\/product_brand?post=152348"},{"taxonomy":"product_cat","embeddable":true,"href":"https:\/\/pizbube.ch\/en\/wp-json\/wp\/v2\/product_cat?post=152348"},{"taxonomy":"product_tag","embeddable":true,"href":"https:\/\/pizbube.ch\/en\/wp-json\/wp\/v2\/product_tag?post=152348"}],"curies":[{"name":"wp","href":"https:\/\/api.w.org\/{rel}","templated":true}]}}