{"id":152349,"date":"2021-01-15T12:04:21","date_gmt":"2021-01-15T12:04:21","guid":{"rendered":"https:\/\/codengine3.ch\/?product=import-placeholder-for-205181"},"modified":"2026-02-11T08:41:57","modified_gmt":"2026-02-11T07:41:57","slug":"via-jacobi-wanderland-schweiz-band-4","status":"publish","type":"product","link":"https:\/\/pizbube.ch\/en\/shop\/via-jacobi-wanderland-schweiz-band-4\/","title":{"rendered":"Via Jacobi Wanderland Schweiz Band 4"},"content":{"rendered":"<p><span class=\"value\">Die nationale Route 4 Via Jacobi folgt den historischen Pilgerwegen zum Grab des heiligen Jakobus in Santiago de Compostela in Spanien. <\/span><\/p>\n<p><span class=\"value\">Auf dem Gebiet der Schweiz zieht sich die Via Jacobi von Rorschach bzw. Konstanz am Bodensee bis nach Genf. Auf diesem Weg werden mehrere Jahrhunderte Vergangenheit und die uralte Faszination des Unterwegsseins wieder lebendig. In 35 Etappen 725 Kilometer spannende, abwechslungsreiche Landschaften und Kulturr\u00e4ume erleben.<\/span><\/p>\n<p><span class=\"value\">Mit allen praktischen Informationen, \u00fcbersichtlichen Kartenausschnitten und H\u00f6henprofilen, einer F\u00fclle an Hinweisen auf Sehensw\u00fcrdigkeiten und Attraktionen am Weg sowie mit Farbfotos reich illustriert.<\/span><\/p>\n<p><span class=\"book_info\">3. Auflage, 2025<br \/>\nEinband: Broschur mit Klappe<br \/>\nUmfang: 112 Seiten<\/span><\/p>","protected":false},"excerpt":{"rendered":"<p>Die nationale Route 4 Via Jacobi folgt den historischen Pilgerwegen zum Grab des heiligen Jakobus in Santiago de Compostela in Spanien. Auf dem Gebiet der Schweiz zieht sich die Via Jacobi von Rorschach bzw. Konstanz am Bodensee bis nach Genf. Auf diesem Weg werden mehrere Jahrhunderte Vergangenheit und die uralte Faszination des Unterwegsseins wieder lebendig. [&#8230;]\n","protected":false},"featured_media":183121,"template":"","meta":[],"product_brand":[],"product_cat":[21605],"product_tag":[],"class_list":{"0":"post-152349","1":"product","2":"type-product","3":"status-publish","4":"has-post-thumbnail","6":"product_cat-wanderfuehrer-trekking","7":"pa_autor-bolliger","8":"pa_erscheinungsjahr-21586","9":"pa_region-schweiz","10":"pa_sprache-de","12":"first","13":"instock","14":"taxable","15":"shipping-taxable","16":"purchasable","17":"product-type-simple"},"_links":{"self":[{"href":"https:\/\/pizbube.ch\/en\/wp-json\/wp\/v2\/product\/152349","targetHints":{"allow":["GET"]}}],"collection":[{"href":"https:\/\/pizbube.ch\/en\/wp-json\/wp\/v2\/product"}],"about":[{"href":"https:\/\/pizbube.ch\/en\/wp-json\/wp\/v2\/types\/product"}],"wp:featuredmedia":[{"embeddable":true,"href":"https:\/\/pizbube.ch\/en\/wp-json\/wp\/v2\/media\/183121"}],"wp:attachment":[{"href":"https:\/\/pizbube.ch\/en\/wp-json\/wp\/v2\/media?parent=152349"}],"wp:term":[{"taxonomy":"product_brand","embeddable":true,"href":"https:\/\/pizbube.ch\/en\/wp-json\/wp\/v2\/product_brand?post=152349"},{"taxonomy":"product_cat","embeddable":true,"href":"https:\/\/pizbube.ch\/en\/wp-json\/wp\/v2\/product_cat?post=152349"},{"taxonomy":"product_tag","embeddable":true,"href":"https:\/\/pizbube.ch\/en\/wp-json\/wp\/v2\/product_tag?post=152349"}],"curies":[{"name":"wp","href":"https:\/\/api.w.org\/{rel}","templated":true}]}}