{"id":152350,"date":"2021-01-15T12:04:21","date_gmt":"2021-01-15T12:04:21","guid":{"rendered":"https:\/\/codengine3.ch\/?product=import-placeholder-for-207950"},"modified":"2021-01-15T17:48:30","modified_gmt":"2021-01-15T17:48:30","slug":"pilgern-auf-dem-jakobsweg-schweiz-und-seinen-anschlusswegen","status":"publish","type":"product","link":"https:\/\/pizbube.ch\/en\/shop\/pilgern-auf-dem-jakobsweg-schweiz-und-seinen-anschlusswegen\/","title":{"rendered":"PILGERN AUF DEM JAKOBSWEG SCHWEIZ und seinen Anschlusswegen"},"content":{"rendered":"<p>Seit Jahrhunderten schon ist der Jakobsweg nach Santiago de Compostela<br \/>\nSinnbild f\u00fcr die Sinnsuche des Menschen. Dieser Pilgerweg durchquert auch die<br \/>\nSchweiz.<\/p>\n<p>Der Jakobsweg f\u00fchrt die Pilger auf wenig befahrenen Quartierstrassen und<br \/>\nStadtgassen durch die St\u00e4dte und die gr\u00f6sseren Ortschaften, viele davon mit<br \/>\nlanger Pilgertradition, an sch\u00f6nen Kathedralen und Stadtkirchen und<br \/>\nbeachtenswerten kulturhistorischen Sehensw\u00fcrdigkeiten vorbei. Kommen Sie mit<br \/>\nuns auf eine Reise!<\/p>\n<p>1. Auflage 2018<br \/>\nCa. 560 Seiten, gebunden, Softcover<br \/>\nMit \u00fcber 400 Abbildungen; 133 Karten und 117 H\u00f6henprofile<\/p>","protected":false},"excerpt":{"rendered":"<p>Seit Jahrhunderten schon ist der Jakobsweg nach Santiago de Compostela Sinnbild f\u00fcr die Sinnsuche des Menschen. Dieser Pilgerweg durchquert auch die Schweiz. Der Jakobsweg f\u00fchrt die Pilger auf wenig befahrenen Quartierstrassen und Stadtgassen durch die St\u00e4dte und die gr\u00f6sseren Ortschaften, viele davon mit langer Pilgertradition, an sch\u00f6nen Kathedralen und Stadtkirchen und beachtenswerten kulturhistorischen Sehensw\u00fcrdigkeiten vorbei. [&#8230;]\n","protected":false},"featured_media":38912,"template":"","meta":[],"product_brand":[],"product_cat":[21605],"product_tag":[],"class_list":{"0":"post-152350","1":"product","2":"type-product","3":"status-publish","4":"has-post-thumbnail","6":"product_cat-wanderfuehrer-trekking","7":"pa_autor-verein-jakobsweg","8":"pa_erscheinungsjahr-21546","9":"pa_region-schweiz","10":"pa_sprache-de","12":"first","13":"instock","14":"taxable","15":"shipping-taxable","16":"purchasable","17":"product-type-simple"},"_links":{"self":[{"href":"https:\/\/pizbube.ch\/en\/wp-json\/wp\/v2\/product\/152350","targetHints":{"allow":["GET"]}}],"collection":[{"href":"https:\/\/pizbube.ch\/en\/wp-json\/wp\/v2\/product"}],"about":[{"href":"https:\/\/pizbube.ch\/en\/wp-json\/wp\/v2\/types\/product"}],"wp:featuredmedia":[{"embeddable":true,"href":"https:\/\/pizbube.ch\/en\/wp-json\/wp\/v2\/media\/38912"}],"wp:attachment":[{"href":"https:\/\/pizbube.ch\/en\/wp-json\/wp\/v2\/media?parent=152350"}],"wp:term":[{"taxonomy":"product_brand","embeddable":true,"href":"https:\/\/pizbube.ch\/en\/wp-json\/wp\/v2\/product_brand?post=152350"},{"taxonomy":"product_cat","embeddable":true,"href":"https:\/\/pizbube.ch\/en\/wp-json\/wp\/v2\/product_cat?post=152350"},{"taxonomy":"product_tag","embeddable":true,"href":"https:\/\/pizbube.ch\/en\/wp-json\/wp\/v2\/product_tag?post=152350"}],"curies":[{"name":"wp","href":"https:\/\/api.w.org\/{rel}","templated":true}]}}