{"id":152351,"date":"2021-01-15T12:04:21","date_gmt":"2021-01-15T12:04:21","guid":{"rendered":"https:\/\/codengine3.ch\/?product=import-placeholder-for-205246"},"modified":"2021-01-15T14:39:48","modified_gmt":"2021-01-15T14:39:48","slug":"mit-dampfendem-leib","status":"publish","type":"product","link":"https:\/\/pizbube.ch\/en\/shop\/mit-dampfendem-leib\/","title":{"rendered":"Mit dampfendem Leib"},"content":{"rendered":"<p>Sportliche K\u00f6rper bei Ludwig Hohl, Annemarie Schwarzenbach, Walther Kauer und<br \/>\nLorenz Lotmar  <\/p>\n<p>Der Sport und der sportliche K\u00f6rper tauchen immer wieder als Motive in<br \/>\nliterarischen Texten auf. Nicht selten sind diese Motive mehr als nur<br \/>\nschm\u00fcckendes und modisches Beiwerk. In Texten wie Ludwig Hohls &#8218;Bergfahrt&#8216;,<br \/>\nAnnemarie Schwarzenbachs &#8218;Flucht nach oben&#8216;, Walther Kauers &#8218;Abseitsfalle&#8216; und<br \/>\nLorenz Lotmars &#8218;Bisst&#8216; zeigt sich der sportliche K\u00f6rper je verschieden als<br \/>\nDreh- und Angelpunkt von Selbstwahrnehmung und Fremdbestimmung, sozialen<br \/>\nRollen und Geschlechterbildern; als Speicher von Kapital, Mittel der<br \/>\nSelbstvergewisserung, als blosse Maschine, Teil des Klassenkampfs oder als<br \/>\nElement eines Gegendiskurses, der die herrschende Ordnung in Frage stellt.<br \/>\nIn den exemplarischen Untersuchungen dieser vier Texte aus der Deutschschweiz<br \/>\nlassen sich &#8211; durch das Motiv des sportlichen K\u00f6rpers &#8211; nicht nur Einblicke in<br \/>\ndie Entstehung literarischer Texte gewinnen, sondern auch besondere Aspekte<br \/>\neiner Kultur- und Mentalit\u00e4tsgeschichte des 20. Jahrhunderts erschliessen.  <\/p>","protected":false},"excerpt":{"rendered":"<p>Sportliche K\u00f6rper bei Ludwig Hohl, Annemarie Schwarzenbach, Walther Kauer und Lorenz Lotmar Der Sport und der sportliche K\u00f6rper tauchen immer wieder als Motive in literarischen Texten auf. Nicht selten sind diese Motive mehr als nur schm\u00fcckendes und modisches Beiwerk. In Texten wie Ludwig Hohls &#8218;Bergfahrt&#8216;, Annemarie Schwarzenbachs &#8218;Flucht nach oben&#8216;, Walther Kauers &#8218;Abseitsfalle&#8216; und Lorenz [&#8230;]\n","protected":false},"featured_media":33897,"template":"","meta":[],"product_brand":[],"product_cat":[21542],"product_tag":[],"class_list":{"0":"post-152351","1":"product","2":"type-product","3":"status-publish","4":"has-post-thumbnail","6":"product_cat-sachbuecher-dokumentationen","7":"pa_autor-pellin","8":"pa_erscheinungsjahr-21591","9":"pa_region-schweiz","10":"pa_sprache-de","12":"first","13":"instock","14":"taxable","15":"shipping-taxable","16":"purchasable","17":"product-type-simple"},"_links":{"self":[{"href":"https:\/\/pizbube.ch\/en\/wp-json\/wp\/v2\/product\/152351","targetHints":{"allow":["GET"]}}],"collection":[{"href":"https:\/\/pizbube.ch\/en\/wp-json\/wp\/v2\/product"}],"about":[{"href":"https:\/\/pizbube.ch\/en\/wp-json\/wp\/v2\/types\/product"}],"wp:featuredmedia":[{"embeddable":true,"href":"https:\/\/pizbube.ch\/en\/wp-json\/wp\/v2\/media\/33897"}],"wp:attachment":[{"href":"https:\/\/pizbube.ch\/en\/wp-json\/wp\/v2\/media?parent=152351"}],"wp:term":[{"taxonomy":"product_brand","embeddable":true,"href":"https:\/\/pizbube.ch\/en\/wp-json\/wp\/v2\/product_brand?post=152351"},{"taxonomy":"product_cat","embeddable":true,"href":"https:\/\/pizbube.ch\/en\/wp-json\/wp\/v2\/product_cat?post=152351"},{"taxonomy":"product_tag","embeddable":true,"href":"https:\/\/pizbube.ch\/en\/wp-json\/wp\/v2\/product_tag?post=152351"}],"curies":[{"name":"wp","href":"https:\/\/api.w.org\/{rel}","templated":true}]}}