{"id":152353,"date":"2021-01-15T12:04:21","date_gmt":"2021-01-15T12:04:21","guid":{"rendered":"https:\/\/codengine3.ch\/?product=import-placeholder-for-205280"},"modified":"2025-08-06T16:15:11","modified_gmt":"2025-08-06T14:15:11","slug":"wanderziel-gipfel-oberwallis","status":"publish","type":"product","link":"https:\/\/pizbube.ch\/en\/shop\/wanderziel-gipfel-oberwallis\/","title":{"rendered":"Wanderziel Gipfel Oberwallis"},"content":{"rendered":"<p>Zwischen Furka und Turtmanntal<\/p>\n<p>Mit diesem Band er\u00f6ffnet der SAC eine neue Reihe von Alpinwander- F\u00fchrern, in<br \/>\ndenen die sch\u00f6nsten Wandergipfel einer Region vorgestellt werden. Im ersten<br \/>\nF\u00fchrer dieser Reihe werden 40 lohnende Gipfelwanderungen im Oberwallis<br \/>\nbeschrieben, in den Regionen Obergoms, Binntal, Aletsch, L\u00f6tschental, Simplon,<br \/>\nZwischbergen und Vispert\u00e4ler. Hinweise auf Varianten und Nachbargipfel locken<br \/>\nzu zahlreichen weiteren Wanderungen. Interessante Zusatzkapitel vermitteln<br \/>\nInformationen zu Natur und Kultur des Oberwallis. Die F\u00fchrerautoren haben<br \/>\nwenig begangene und zum Teil in Vergessenheit geratene Routen und Gipfel, alte<br \/>\nPfade von Strahlern und J\u00e4gern, weglose Flanken und Grate erkundet,<br \/>\nfotografiert und beschrieben.<\/p>\n<p>Vom markierten Bergweg bis zur anspruchsvollen, weglosen Route stellen die<br \/>\nAutoren eine Auswahl von spannenden Gipfelwanderungen vor, welche die<br \/>\nSchwierigkeitsgrade T2 bis T6 abdecken. Viele der Gipfel sind \u00fcber 3000 m<br \/>\nhoch. Detaillierte Routenbeschreibungen und pr\u00e4chtige Fotografien laden dazu<br \/>\nein, die sch\u00f6nsten Wandergipfel des Oberwallis zu entdecken.<\/p>\n<p>Aus dem Inhalt:<br \/>\nMajinghorn, Hogleifa, Grisighorn, L\u00f6ffelhorn, Scherbadung, Joderhorn,<br \/>\nNollenhorn, Barrh\u00f6rner, Gross Bigerhorn, Chesselhorn, Irgilihorn, Pizzo<br \/>\nStraciugo, Schwarzhorn, G\u00e4rsthorn, Mattwaldhorn und viele mehr.<\/p>\n<p>40 Touren plus Varianten, 280 Seiten, 191 Farbfotos, 41 \u00dcbersichtskarten<\/p>","protected":false},"excerpt":{"rendered":"<p>Zwischen Furka und Turtmanntal Mit diesem Band er\u00f6ffnet der SAC eine neue Reihe von Alpinwander- F\u00fchrern, in denen die sch\u00f6nsten Wandergipfel einer Region vorgestellt werden. Im ersten F\u00fchrer dieser Reihe werden 40 lohnende Gipfelwanderungen im Oberwallis beschrieben, in den Regionen Obergoms, Binntal, Aletsch, L\u00f6tschental, Simplon, Zwischbergen und Vispert\u00e4ler. Hinweise auf Varianten und Nachbargipfel locken zu [&#8230;]\n","protected":false},"featured_media":180781,"template":"","meta":[],"product_brand":[],"product_cat":[21605],"product_tag":[],"class_list":{"0":"post-152353","1":"product","2":"type-product","3":"status-publish","4":"has-post-thumbnail","6":"product_cat-wanderfuehrer-trekking","7":"pa_autor-joss","8":"pa_erscheinungsjahr-21591","9":"pa_region-schweiz","10":"pa_sprache-de","12":"first","13":"instock","14":"taxable","15":"shipping-taxable","16":"purchasable","17":"product-type-simple"},"_links":{"self":[{"href":"https:\/\/pizbube.ch\/en\/wp-json\/wp\/v2\/product\/152353","targetHints":{"allow":["GET"]}}],"collection":[{"href":"https:\/\/pizbube.ch\/en\/wp-json\/wp\/v2\/product"}],"about":[{"href":"https:\/\/pizbube.ch\/en\/wp-json\/wp\/v2\/types\/product"}],"wp:featuredmedia":[{"embeddable":true,"href":"https:\/\/pizbube.ch\/en\/wp-json\/wp\/v2\/media\/180781"}],"wp:attachment":[{"href":"https:\/\/pizbube.ch\/en\/wp-json\/wp\/v2\/media?parent=152353"}],"wp:term":[{"taxonomy":"product_brand","embeddable":true,"href":"https:\/\/pizbube.ch\/en\/wp-json\/wp\/v2\/product_brand?post=152353"},{"taxonomy":"product_cat","embeddable":true,"href":"https:\/\/pizbube.ch\/en\/wp-json\/wp\/v2\/product_cat?post=152353"},{"taxonomy":"product_tag","embeddable":true,"href":"https:\/\/pizbube.ch\/en\/wp-json\/wp\/v2\/product_tag?post=152353"}],"curies":[{"name":"wp","href":"https:\/\/api.w.org\/{rel}","templated":true}]}}