{"id":152355,"date":"2021-01-15T12:04:21","date_gmt":"2021-01-15T12:04:21","guid":{"rendered":"https:\/\/codengine3.ch\/?product=import-placeholder-for-203016"},"modified":"2024-09-27T12:31:29","modified_gmt":"2024-09-27T10:31:29","slug":"dolomiten-sagenbuch","status":"publish","type":"product","link":"https:\/\/pizbube.ch\/en\/shop\/dolomiten-sagenbuch\/","title":{"rendered":"Dolomiten Sagenbuch"},"content":{"rendered":"<p>Die Sagengestalten der Dolomiten f\u00fcr junge Leser zu neuem Leben erweckt!<\/p>\n<p>Die Dolomitensagen wurden vom S\u00fcdtiroler Volkskundler Karl Felix Wolff zu Beginn des 20. Jahrhunderts erstmals gesammelt und ver\u00f6ffentlicht. Auguste Lechner traf sp\u00e4ter aus dieser umfangreichen Sammlung eine vor allem f\u00fcr ein jugendliches Publikum passende Auswahl und verstand es in ihren Nacherz\u00e4hlungen meisterhaft, die Sagengestalten der Dolomitenlandschaft zu neuem Leben zu erwecken.<\/p>\n<p>Dieser seit Jahrzehnten so erfolgreiche Klassiker der Jugendliteratur neu aufgelegt, gro\u00dfartig illustriert von Linda Wolfsgruber!<\/p>\n<p>Hardcover<br \/>\n304 Seiten; 33 farb. Abb.; 24 cm x 17 cm<\/p>","protected":false},"excerpt":{"rendered":"<p>Die Sagengestalten der Dolomiten f\u00fcr junge Leser zu neuem Leben erweckt! Die Dolomitensagen wurden vom S\u00fcdtiroler Volkskundler Karl Felix Wolff zu Beginn des 20. Jahrhunderts erstmals gesammelt und ver\u00f6ffentlicht. Auguste Lechner traf sp\u00e4ter aus dieser umfangreichen Sammlung eine vor allem f\u00fcr ein jugendliches Publikum passende Auswahl und verstand es in ihren Nacherz\u00e4hlungen meisterhaft, die Sagengestalten [&#8230;]\n","protected":false},"featured_media":174984,"template":"","meta":[],"product_brand":[],"product_cat":[21580],"product_tag":[],"class_list":{"0":"post-152355","1":"product","2":"type-product","3":"status-publish","4":"has-post-thumbnail","6":"product_cat-kunst-kultur","7":"pa_autor-lechner","8":"pa_erscheinungsjahr-21610","9":"pa_region-italien","10":"pa_sprache-de","12":"first","13":"instock","14":"taxable","15":"shipping-taxable","16":"purchasable","17":"product-type-simple"},"_links":{"self":[{"href":"https:\/\/pizbube.ch\/en\/wp-json\/wp\/v2\/product\/152355","targetHints":{"allow":["GET"]}}],"collection":[{"href":"https:\/\/pizbube.ch\/en\/wp-json\/wp\/v2\/product"}],"about":[{"href":"https:\/\/pizbube.ch\/en\/wp-json\/wp\/v2\/types\/product"}],"wp:featuredmedia":[{"embeddable":true,"href":"https:\/\/pizbube.ch\/en\/wp-json\/wp\/v2\/media\/174984"}],"wp:attachment":[{"href":"https:\/\/pizbube.ch\/en\/wp-json\/wp\/v2\/media?parent=152355"}],"wp:term":[{"taxonomy":"product_brand","embeddable":true,"href":"https:\/\/pizbube.ch\/en\/wp-json\/wp\/v2\/product_brand?post=152355"},{"taxonomy":"product_cat","embeddable":true,"href":"https:\/\/pizbube.ch\/en\/wp-json\/wp\/v2\/product_cat?post=152355"},{"taxonomy":"product_tag","embeddable":true,"href":"https:\/\/pizbube.ch\/en\/wp-json\/wp\/v2\/product_tag?post=152355"}],"curies":[{"name":"wp","href":"https:\/\/api.w.org\/{rel}","templated":true}]}}