{"id":152357,"date":"2021-01-15T12:04:22","date_gmt":"2021-01-15T12:04:22","guid":{"rendered":"https:\/\/codengine3.ch\/?product=import-placeholder-for-203661"},"modified":"2021-01-15T14:25:23","modified_gmt":"2021-01-15T14:25:23","slug":"zbaerg-im-amt-interlaken-band-2","status":"publish","type":"product","link":"https:\/\/pizbube.ch\/en\/shop\/zbaerg-im-amt-interlaken-band-2\/","title":{"rendered":"z&#8217;B\u00e4rg im Amt Interlaken, Band 2"},"content":{"rendered":"<p>47 K\u00e4sealpen des Amtes Interlaken.<br \/>\nEr liefert eine F\u00fclle von Daten der 47 beschriebenen Alpen und ihren 89<br \/>\nSennten, gibt Auskunft \u00fcber deren genauen Standort, \u00fcber Eigent\u00fcmer,<br \/>\nBewirtschafter und \u00fcbriges Alppersonal des Sommers 2002 sowie \u00fcber die K\u00e4se-<br \/>\nund Spezialit\u00e4tenproduktion. Zudem sind die Besonderheiten der Alpen, die<br \/>\nGeschichte der Alpgeb\u00e4ude und die touristischen M\u00f6glichkeiten beschrieben. Die<br \/>\nAlpen werden dabei mit einer repr\u00e4sentativen Bildauswahl vorgestellt mit Fotos<br \/>\neinzigartiger Landschaften sowie stimmungsvollen Details des Alplebens und der<br \/>\nK\u00e4seproduktion.<br \/>\nDer F\u00fchrer soll K\u00e4seliebhaber, Freunde des \u00c4lplerlebens, Wanderer und<br \/>\nNaturfreunde auf Touren zu den Produktionsst\u00e4tten ihrer Lieblingsk\u00e4se<br \/>\nbegleiten und dabei als T\u00fcr\u00f6ffner f\u00fcr gute Begegnungen mit dem Alppersonal<br \/>\ndienen.<\/p>","protected":false},"excerpt":{"rendered":"<p>47 K\u00e4sealpen des Amtes Interlaken. Er liefert eine F\u00fclle von Daten der 47 beschriebenen Alpen und ihren 89 Sennten, gibt Auskunft \u00fcber deren genauen Standort, \u00fcber Eigent\u00fcmer, Bewirtschafter und \u00fcbriges Alppersonal des Sommers 2002 sowie \u00fcber die K\u00e4se- und Spezialit\u00e4tenproduktion. Zudem sind die Besonderheiten der Alpen, die Geschichte der Alpgeb\u00e4ude und die touristischen M\u00f6glichkeiten beschrieben. [&#8230;]\n","protected":false},"featured_media":31314,"template":"","meta":[],"product_brand":[],"product_cat":[21542],"product_tag":[],"class_list":{"0":"post-152357","1":"product","2":"type-product","3":"status-publish","4":"has-post-thumbnail","6":"product_cat-sachbuecher-dokumentationen","7":"pa_autor-roth-straubhaar","8":"pa_erscheinungsjahr-22292","9":"pa_region-schweiz","10":"pa_sprache-de","12":"first","13":"outofstock","14":"taxable","15":"shipping-taxable","16":"purchasable","17":"product-type-simple"},"_links":{"self":[{"href":"https:\/\/pizbube.ch\/en\/wp-json\/wp\/v2\/product\/152357","targetHints":{"allow":["GET"]}}],"collection":[{"href":"https:\/\/pizbube.ch\/en\/wp-json\/wp\/v2\/product"}],"about":[{"href":"https:\/\/pizbube.ch\/en\/wp-json\/wp\/v2\/types\/product"}],"wp:featuredmedia":[{"embeddable":true,"href":"https:\/\/pizbube.ch\/en\/wp-json\/wp\/v2\/media\/31314"}],"wp:attachment":[{"href":"https:\/\/pizbube.ch\/en\/wp-json\/wp\/v2\/media?parent=152357"}],"wp:term":[{"taxonomy":"product_brand","embeddable":true,"href":"https:\/\/pizbube.ch\/en\/wp-json\/wp\/v2\/product_brand?post=152357"},{"taxonomy":"product_cat","embeddable":true,"href":"https:\/\/pizbube.ch\/en\/wp-json\/wp\/v2\/product_cat?post=152357"},{"taxonomy":"product_tag","embeddable":true,"href":"https:\/\/pizbube.ch\/en\/wp-json\/wp\/v2\/product_tag?post=152357"}],"curies":[{"name":"wp","href":"https:\/\/api.w.org\/{rel}","templated":true}]}}