{"id":152358,"date":"2021-01-15T12:04:22","date_gmt":"2021-01-15T12:04:22","guid":{"rendered":"https:\/\/codengine3.ch\/?product=import-placeholder-for-207035"},"modified":"2021-01-15T14:54:29","modified_gmt":"2021-01-15T14:54:29","slug":"die-alpen-im-fruehmittelalter","status":"publish","type":"product","link":"https:\/\/pizbube.ch\/en\/shop\/die-alpen-im-fruehmittelalter\/","title":{"rendered":"Die Alpen im Fr\u00fchmittelalter"},"content":{"rendered":"<p>Die Geschichte eines Raumes in den Jahren 500 bis 800  <\/p>\n<p>Die Zeit zwischen 500 und 800, der \u00dcbergang zwischen Sp\u00e4tantike und<br \/>\nMittelalter, brachte in den Alpen Ver\u00e4nderungen in Religion,<br \/>\nBesiedlungsstrukturen, Wirtschaft, Kommunikationsrouten und nicht zuletzt dem<br \/>\nherrschaftlichen Zugriff. Das Buch untersucht und vergleicht diese<br \/>\nTransformationen im gesamten Alpenraum: Zentral ist der Zugriff und die<br \/>\nWahrnehmung von au\u00dfen, die durch die Wege und den Verkehr durch die Alpen<br \/>\nbestimmt wurden.  <\/p>\n<p>Daneben wird das Innere der Alpen behandelt: Der Umgang der Einwohner mit der<br \/>\nNatur in Landwirtschaft und Besiedlungsstrukturen sowie die gesellschaftlichen<br \/>\nEntwicklungen, die im Austausch mit dem umliegenden Flachland stattfanden. Die<br \/>\nPosition der Alpen zwischen den Gro\u00dfm\u00e4chten des Fr\u00fchmittelalters bewirkte,<br \/>\ndass dieses Gebirge Peripherie und Knotenpunkt zugleich war.  <\/p>","protected":false},"excerpt":{"rendered":"<p>Die Geschichte eines Raumes in den Jahren 500 bis 800 Die Zeit zwischen 500 und 800, der \u00dcbergang zwischen Sp\u00e4tantike und Mittelalter, brachte in den Alpen Ver\u00e4nderungen in Religion, Besiedlungsstrukturen, Wirtschaft, Kommunikationsrouten und nicht zuletzt dem herrschaftlichen Zugriff. Das Buch untersucht und vergleicht diese Transformationen im gesamten Alpenraum: Zentral ist der Zugriff und die Wahrnehmung [&#8230;]\n","protected":false},"featured_media":36615,"template":"","meta":[],"product_brand":[],"product_cat":[21580],"product_tag":[],"class_list":{"0":"post-152358","1":"product","2":"type-product","3":"status-publish","4":"has-post-thumbnail","6":"product_cat-kunst-kultur","7":"pa_autor-winckler","8":"pa_erscheinungsjahr-21621","9":"pa_region-oesterreich","10":"pa_sprache-de","12":"first","13":"instock","14":"taxable","15":"shipping-taxable","16":"purchasable","17":"product-type-simple"},"_links":{"self":[{"href":"https:\/\/pizbube.ch\/en\/wp-json\/wp\/v2\/product\/152358","targetHints":{"allow":["GET"]}}],"collection":[{"href":"https:\/\/pizbube.ch\/en\/wp-json\/wp\/v2\/product"}],"about":[{"href":"https:\/\/pizbube.ch\/en\/wp-json\/wp\/v2\/types\/product"}],"wp:featuredmedia":[{"embeddable":true,"href":"https:\/\/pizbube.ch\/en\/wp-json\/wp\/v2\/media\/36615"}],"wp:attachment":[{"href":"https:\/\/pizbube.ch\/en\/wp-json\/wp\/v2\/media?parent=152358"}],"wp:term":[{"taxonomy":"product_brand","embeddable":true,"href":"https:\/\/pizbube.ch\/en\/wp-json\/wp\/v2\/product_brand?post=152358"},{"taxonomy":"product_cat","embeddable":true,"href":"https:\/\/pizbube.ch\/en\/wp-json\/wp\/v2\/product_cat?post=152358"},{"taxonomy":"product_tag","embeddable":true,"href":"https:\/\/pizbube.ch\/en\/wp-json\/wp\/v2\/product_tag?post=152358"}],"curies":[{"name":"wp","href":"https:\/\/api.w.org\/{rel}","templated":true}]}}