{"id":152359,"date":"2021-01-15T12:04:22","date_gmt":"2021-01-15T12:04:22","guid":{"rendered":"https:\/\/codengine3.ch\/?product=import-placeholder-for-201773"},"modified":"2021-01-15T12:04:27","modified_gmt":"2021-01-15T12:04:27","slug":"senkrecht-gegen-die-zeit","status":"publish","type":"product","link":"https:\/\/pizbube.ch\/en\/shop\/senkrecht-gegen-die-zeit\/","title":{"rendered":"Senkrecht gegen die Zeit"},"content":{"rendered":"<p>Thomas Bubendorfer ist Extremkletterer. Ohne Seil erklimmt er die<br \/>\ngef\u00e4hrlichsten Steilw\u00e4nde der Welt, bricht einen Rekord nach dem anderen. Doch<br \/>\nauf dem Gipfel seines Erfolges st\u00fcrzt er pl\u00f6tzlich 20 Meter im freien Fall in<br \/>\ndie Tiefe: `Nie wieder klettern`, sagen die \u00c4rzte. `Klettern ist mein Leben`,<br \/>\nsagt Bubendorfer und k\u00e4mpft, denn es gibt immer einen Weg, das Unm\u00f6gliche zu<br \/>\nschaffen.<\/p>","protected":false},"excerpt":{"rendered":"<p>Thomas Bubendorfer ist Extremkletterer. Ohne Seil erklimmt er die gef\u00e4hrlichsten Steilw\u00e4nde der Welt, bricht einen Rekord nach dem anderen. Doch auf dem Gipfel seines Erfolges st\u00fcrzt er pl\u00f6tzlich 20 Meter im freien Fall in die Tiefe: `Nie wieder klettern`, sagen die \u00c4rzte. `Klettern ist mein Leben`, sagt Bubendorfer und k\u00e4mpft, denn es gibt immer einen [&#8230;]\n","protected":false},"featured_media":29158,"template":"","meta":[],"product_brand":[],"product_cat":[21542],"product_tag":[],"class_list":{"0":"post-152359","1":"product","2":"type-product","3":"status-publish","4":"has-post-thumbnail","6":"product_cat-sachbuecher-dokumentationen","7":"pa_autor-bubendorfer","8":"pa_erscheinungsjahr-22242","9":"pa_region-deutschland","10":"pa_sprache-de","12":"first","13":"instock","14":"taxable","15":"shipping-taxable","16":"purchasable","17":"product-type-simple"},"_links":{"self":[{"href":"https:\/\/pizbube.ch\/en\/wp-json\/wp\/v2\/product\/152359","targetHints":{"allow":["GET"]}}],"collection":[{"href":"https:\/\/pizbube.ch\/en\/wp-json\/wp\/v2\/product"}],"about":[{"href":"https:\/\/pizbube.ch\/en\/wp-json\/wp\/v2\/types\/product"}],"wp:featuredmedia":[{"embeddable":true,"href":"https:\/\/pizbube.ch\/en\/wp-json\/wp\/v2\/media\/29158"}],"wp:attachment":[{"href":"https:\/\/pizbube.ch\/en\/wp-json\/wp\/v2\/media?parent=152359"}],"wp:term":[{"taxonomy":"product_brand","embeddable":true,"href":"https:\/\/pizbube.ch\/en\/wp-json\/wp\/v2\/product_brand?post=152359"},{"taxonomy":"product_cat","embeddable":true,"href":"https:\/\/pizbube.ch\/en\/wp-json\/wp\/v2\/product_cat?post=152359"},{"taxonomy":"product_tag","embeddable":true,"href":"https:\/\/pizbube.ch\/en\/wp-json\/wp\/v2\/product_tag?post=152359"}],"curies":[{"name":"wp","href":"https:\/\/api.w.org\/{rel}","templated":true}]}}