{"id":152362,"date":"2021-01-15T12:04:27","date_gmt":"2021-01-15T12:04:27","guid":{"rendered":"https:\/\/codengine3.ch\/?product=import-placeholder-for-203123"},"modified":"2021-01-15T12:54:18","modified_gmt":"2021-01-15T12:54:18","slug":"wo-selbst-die-wege-nachdenklich-werden","status":"publish","type":"product","link":"https:\/\/pizbube.ch\/en\/shop\/wo-selbst-die-wege-nachdenklich-werden\/","title":{"rendered":"Wo selbst die Wege nachdenklich werden"},"content":{"rendered":"<p>Der Philosoph Friedrich Nietzsche war kein Mann des Schreibtischs. Er hielt es<br \/>\nnur dort aus, wo es Wanderwege gab: am Meer oder in den Bergen. Seine<br \/>\nGedankeng\u00e4nge dagegen f\u00fchrten ihn in wegloses Gel\u00e4nde. Vorbei an<br \/>\nschwindelerregenden Abgr\u00fcnden, in v\u00f6llige Einsamkeit und schlie\u00dflich in die<br \/>\nRegion der Gipfel und des ewigen Eises. Dieser philosophische Wanderf\u00fchrer<br \/>\nbegleitet Nietzsche auf einsamen und gef\u00e4hrlichen Wegen im Oberengadin, einer<br \/>\nLandschaft, die er als Tourist in jungen Jahren entdeckt hat und in die er als<br \/>\numher-getriebener Kranker immer wieder zur\u00fcckgekehrt ist. Es ist ein St\u00fcck<br \/>\nBiografie des Philosophen unter besonderer Ber\u00fccksichtigung seines<br \/>\nVerh\u00e4ltnisses zu Bergen und Gipfeln.  <\/p>","protected":false},"excerpt":{"rendered":"<p>Der Philosoph Friedrich Nietzsche war kein Mann des Schreibtischs. Er hielt es nur dort aus, wo es Wanderwege gab: am Meer oder in den Bergen. Seine Gedankeng\u00e4nge dagegen f\u00fchrten ihn in wegloses Gel\u00e4nde. Vorbei an schwindelerregenden Abgr\u00fcnden, in v\u00f6llige Einsamkeit und schlie\u00dflich in die Region der Gipfel und des ewigen Eises. Dieser philosophische Wanderf\u00fchrer begleitet [&#8230;]\n","protected":false},"featured_media":30656,"template":"","meta":[],"product_brand":[],"product_cat":[21580],"product_tag":[],"class_list":{"0":"post-152362","1":"product","2":"type-product","3":"status-publish","4":"has-post-thumbnail","6":"product_cat-kunst-kultur","7":"pa_autor-hueser","8":"pa_erscheinungsjahr-22292","9":"pa_region-schweiz","10":"pa_sprache-de","12":"first","13":"instock","14":"taxable","15":"shipping-taxable","16":"purchasable","17":"product-type-simple"},"_links":{"self":[{"href":"https:\/\/pizbube.ch\/en\/wp-json\/wp\/v2\/product\/152362","targetHints":{"allow":["GET"]}}],"collection":[{"href":"https:\/\/pizbube.ch\/en\/wp-json\/wp\/v2\/product"}],"about":[{"href":"https:\/\/pizbube.ch\/en\/wp-json\/wp\/v2\/types\/product"}],"wp:featuredmedia":[{"embeddable":true,"href":"https:\/\/pizbube.ch\/en\/wp-json\/wp\/v2\/media\/30656"}],"wp:attachment":[{"href":"https:\/\/pizbube.ch\/en\/wp-json\/wp\/v2\/media?parent=152362"}],"wp:term":[{"taxonomy":"product_brand","embeddable":true,"href":"https:\/\/pizbube.ch\/en\/wp-json\/wp\/v2\/product_brand?post=152362"},{"taxonomy":"product_cat","embeddable":true,"href":"https:\/\/pizbube.ch\/en\/wp-json\/wp\/v2\/product_cat?post=152362"},{"taxonomy":"product_tag","embeddable":true,"href":"https:\/\/pizbube.ch\/en\/wp-json\/wp\/v2\/product_tag?post=152362"}],"curies":[{"name":"wp","href":"https:\/\/api.w.org\/{rel}","templated":true}]}}