{"id":152363,"date":"2021-01-15T12:04:27","date_gmt":"2021-01-15T12:04:27","guid":{"rendered":"https:\/\/codengine3.ch\/?product=import-placeholder-for-202451"},"modified":"2021-01-15T12:36:25","modified_gmt":"2021-01-15T12:36:25","slug":"hochland","status":"publish","type":"product","link":"https:\/\/pizbube.ch\/en\/shop\/hochland\/","title":{"rendered":"Hochland"},"content":{"rendered":"<p>faszinierende Bilder- Baryt-Prints, die die scheinbar vertraute Landschaft des<br \/>\nEngadins auf eine frappante und so noch nicht gesehene Art und Weise zeigen,<br \/>\nund damit der langen Tradition der Maler und Fotografen, die sich mit diesem<br \/>\nber\u00fchmten Hochtal besch\u00e4ftigt haben, eine v\u00f6llig neue, aktuelle und innovative<br \/>\nFacette und Sichtweise hinzuf\u00fcgen.<\/p>","protected":false},"excerpt":{"rendered":"<p>faszinierende Bilder- Baryt-Prints, die die scheinbar vertraute Landschaft des Engadins auf eine frappante und so noch nicht gesehene Art und Weise zeigen, und damit der langen Tradition der Maler und Fotografen, die sich mit diesem ber\u00fchmten Hochtal besch\u00e4ftigt haben, eine v\u00f6llig neue, aktuelle und innovative Facette und Sichtweise hinzuf\u00fcgen.<\/p>","protected":false},"featured_media":29839,"template":"","meta":[],"product_brand":[],"product_cat":[21580],"product_tag":[],"class_list":{"0":"post-152363","1":"product","2":"type-product","3":"status-publish","4":"has-post-thumbnail","6":"product_cat-kunst-kultur","7":"pa_autor-baselgia","8":"pa_erscheinungsjahr-22242","9":"pa_region-schweiz","10":"pa_sprache-d","11":"pa_sprache-e","13":"first","14":"instock","15":"taxable","16":"shipping-taxable","17":"purchasable","18":"product-type-simple"},"_links":{"self":[{"href":"https:\/\/pizbube.ch\/en\/wp-json\/wp\/v2\/product\/152363","targetHints":{"allow":["GET"]}}],"collection":[{"href":"https:\/\/pizbube.ch\/en\/wp-json\/wp\/v2\/product"}],"about":[{"href":"https:\/\/pizbube.ch\/en\/wp-json\/wp\/v2\/types\/product"}],"wp:featuredmedia":[{"embeddable":true,"href":"https:\/\/pizbube.ch\/en\/wp-json\/wp\/v2\/media\/29839"}],"wp:attachment":[{"href":"https:\/\/pizbube.ch\/en\/wp-json\/wp\/v2\/media?parent=152363"}],"wp:term":[{"taxonomy":"product_brand","embeddable":true,"href":"https:\/\/pizbube.ch\/en\/wp-json\/wp\/v2\/product_brand?post=152363"},{"taxonomy":"product_cat","embeddable":true,"href":"https:\/\/pizbube.ch\/en\/wp-json\/wp\/v2\/product_cat?post=152363"},{"taxonomy":"product_tag","embeddable":true,"href":"https:\/\/pizbube.ch\/en\/wp-json\/wp\/v2\/product_tag?post=152363"}],"curies":[{"name":"wp","href":"https:\/\/api.w.org\/{rel}","templated":true}]}}