{"id":152365,"date":"2021-01-15T12:04:27","date_gmt":"2021-01-15T12:04:27","guid":{"rendered":"https:\/\/codengine3.ch\/?product=import-placeholder-for-201775"},"modified":"2021-01-15T12:04:30","modified_gmt":"2021-01-15T12:04:30","slug":"mutiger-aufstieg-im-leben","status":"publish","type":"product","link":"https:\/\/pizbube.ch\/en\/shop\/mutiger-aufstieg-im-leben\/","title":{"rendered":"Mutiger Aufstieg im Leben"},"content":{"rendered":"<p>Das Bergsteigen wird zum Bild des inneren Prozesses: Naturabenteuer als<br \/>\npsychische Selbsterfahrung nutzen.  <\/p>\n<p>&#8218;Wenn wir das Leben im Geiste einer Bergtour f\u00fchren &#8211; mit anderen Worten, wenn<br \/>\nwir Risiken eingehen, uns mit unserer Angst auseinandersetzen, Vertrauen<br \/>\nhaben, um Hilfe bitten, durchhalten, die Schl\u00fcsselstelle erkennen und den<br \/>\nwichtigen Entschlu\u00df, der dar\u00fcber hinausf\u00fchrt, fassen, erreichen wir<br \/>\nschlie\u00dflich einen Punkt, an dem wir unseren inneren Geist in die Arme<br \/>\nschlie\u00dfen.&#8216;  <\/p>","protected":false},"excerpt":{"rendered":"<p>Das Bergsteigen wird zum Bild des inneren Prozesses: Naturabenteuer als psychische Selbsterfahrung nutzen. &#8218;Wenn wir das Leben im Geiste einer Bergtour f\u00fchren &#8211; mit anderen Worten, wenn wir Risiken eingehen, uns mit unserer Angst auseinandersetzen, Vertrauen haben, um Hilfe bitten, durchhalten, die Schl\u00fcsselstelle erkennen und den wichtigen Entschlu\u00df, der dar\u00fcber hinausf\u00fchrt, fassen, erreichen wir schlie\u00dflich [&#8230;]\n","protected":false},"featured_media":29160,"template":"","meta":[],"product_brand":[],"product_cat":[21538],"product_tag":[],"class_list":{"0":"post-152365","1":"product","2":"type-product","3":"status-publish","4":"has-post-thumbnail","6":"product_cat-lehrbuecher","7":"pa_autor-mason","8":"pa_erscheinungsjahr-22060","9":"pa_region-medizin-recht","10":"pa_sprache-de","12":"first","13":"instock","14":"taxable","15":"shipping-taxable","16":"purchasable","17":"product-type-simple"},"_links":{"self":[{"href":"https:\/\/pizbube.ch\/en\/wp-json\/wp\/v2\/product\/152365","targetHints":{"allow":["GET"]}}],"collection":[{"href":"https:\/\/pizbube.ch\/en\/wp-json\/wp\/v2\/product"}],"about":[{"href":"https:\/\/pizbube.ch\/en\/wp-json\/wp\/v2\/types\/product"}],"wp:featuredmedia":[{"embeddable":true,"href":"https:\/\/pizbube.ch\/en\/wp-json\/wp\/v2\/media\/29160"}],"wp:attachment":[{"href":"https:\/\/pizbube.ch\/en\/wp-json\/wp\/v2\/media?parent=152365"}],"wp:term":[{"taxonomy":"product_brand","embeddable":true,"href":"https:\/\/pizbube.ch\/en\/wp-json\/wp\/v2\/product_brand?post=152365"},{"taxonomy":"product_cat","embeddable":true,"href":"https:\/\/pizbube.ch\/en\/wp-json\/wp\/v2\/product_cat?post=152365"},{"taxonomy":"product_tag","embeddable":true,"href":"https:\/\/pizbube.ch\/en\/wp-json\/wp\/v2\/product_tag?post=152365"}],"curies":[{"name":"wp","href":"https:\/\/api.w.org\/{rel}","templated":true}]}}