{"id":152367,"date":"2021-01-15T12:04:27","date_gmt":"2021-01-15T12:04:27","guid":{"rendered":"https:\/\/codengine3.ch\/?product=import-placeholder-for-201776"},"modified":"2023-03-21T11:26:55","modified_gmt":"2023-03-21T10:26:55","slug":"gammler-zen-und-hohe-berge","status":"publish","type":"product","link":"https:\/\/pizbube.ch\/en\/shop\/gammler-zen-und-hohe-berge\/","title":{"rendered":"Gammler, Zen und hohe Berge"},"content":{"rendered":"<p>Dokument einer Jugend, die f\u00fcr sich die Natur neu entdeckte- Jack Kerouac,<br \/>\ngefeierter Initiator der Gegengesellschaft von New York bis Amsterdam, gibt<br \/>\nhier seine Anleitung zur Rucksackrevolution.<\/p>\n<p>Japhy Ryder und sein Trampkollege vagabundieren und gammeln durch die Seiten<br \/>\ndes Buchs, bis sie schlie\u00dflich in die Boheme-Metropole San Francisco geraten,<br \/>\nwo sie mit nackten M\u00e4dchen, Cool Jazz und LSD ausgefallene Feste feiern.<\/p>\n<p>Rock, Sex, Pot, Freiheit und Solidarit\u00e4t hei\u00dfen die Zauberw\u00f6rter der<br \/>\nBeatgeneration, die st\u00e4ndig unterwegs ist auf der Suche nach einem intensiven,<br \/>\nrauscherf\u00fcllten Dasein. Immer noch auf der Suche nach einer Alternative zu<br \/>\nunserer zerst\u00f6rerischen Konsumgesellschaft.<\/p>\n<p>\u00dcberarb. Neue Auflg.<\/p>","protected":false},"excerpt":{"rendered":"<p>Dokument einer Jugend, die f\u00fcr sich die Natur neu entdeckte- Jack Kerouac, gefeierter Initiator der Gegengesellschaft von New York bis Amsterdam, gibt hier seine Anleitung zur Rucksackrevolution. Japhy Ryder und sein Trampkollege vagabundieren und gammeln durch die Seiten des Buchs, bis sie schlie\u00dflich in die Boheme-Metropole San Francisco geraten, wo sie mit nackten M\u00e4dchen, Cool [&#8230;]\n","protected":false},"featured_media":29161,"template":"","meta":[],"product_brand":[],"product_cat":[21629],"product_tag":[],"class_list":{"0":"post-152367","1":"product","2":"type-product","3":"status-publish","4":"has-post-thumbnail","6":"product_cat-belletristik","7":"pa_autor-kerouac","8":"pa_erscheinungsjahr-21830","9":"pa_region-amerika-nord","10":"pa_sprache-de","12":"first","13":"outofstock","14":"taxable","15":"shipping-taxable","16":"purchasable","17":"product-type-simple"},"_links":{"self":[{"href":"https:\/\/pizbube.ch\/en\/wp-json\/wp\/v2\/product\/152367","targetHints":{"allow":["GET"]}}],"collection":[{"href":"https:\/\/pizbube.ch\/en\/wp-json\/wp\/v2\/product"}],"about":[{"href":"https:\/\/pizbube.ch\/en\/wp-json\/wp\/v2\/types\/product"}],"wp:featuredmedia":[{"embeddable":true,"href":"https:\/\/pizbube.ch\/en\/wp-json\/wp\/v2\/media\/29161"}],"wp:attachment":[{"href":"https:\/\/pizbube.ch\/en\/wp-json\/wp\/v2\/media?parent=152367"}],"wp:term":[{"taxonomy":"product_brand","embeddable":true,"href":"https:\/\/pizbube.ch\/en\/wp-json\/wp\/v2\/product_brand?post=152367"},{"taxonomy":"product_cat","embeddable":true,"href":"https:\/\/pizbube.ch\/en\/wp-json\/wp\/v2\/product_cat?post=152367"},{"taxonomy":"product_tag","embeddable":true,"href":"https:\/\/pizbube.ch\/en\/wp-json\/wp\/v2\/product_tag?post=152367"}],"curies":[{"name":"wp","href":"https:\/\/api.w.org\/{rel}","templated":true}]}}