{"id":152371,"date":"2021-01-15T12:04:28","date_gmt":"2021-01-15T12:04:28","guid":{"rendered":"https:\/\/codengine3.ch\/?product=import-placeholder-for-206217"},"modified":"2023-10-10T18:06:17","modified_gmt":"2023-10-10T16:06:17","slug":"klettern-in-den-tannheimer-bergen","status":"publish","type":"product","link":"https:\/\/pizbube.ch\/en\/shop\/klettern-in-den-tannheimer-bergen\/","title":{"rendered":"Klettern in den Tannheimer Bergen"},"content":{"rendered":"<p>Im vorliegenden Kletterf\u00fchrer werden 22 neue, perfekt eingerichtete Routen<br \/>\nvorgestellt, in denen ausschlie\u00dflich an Bohrhaken gesichert wird, so dass<br \/>\nSt\u00fcrze relativ ungef\u00e4hrlich sind. S\u00e4mtliche Abseilst\u00e4nde sind mit Ketten<br \/>\nausgestattet.<\/p>\n<p>Der Allg\u00e4uer Peter Schwarzmann erschloss ab 2003 in der bis dahin unber\u00fchrten<br \/>\nZwerchwand in den Tannheimer Bergen viele neue Kletterwege, die allesamt das<br \/>\nPr\u00e4dikat &#8218;Plaisir&#8216; verdienen.<br \/>\nDas Buch beschreibt die Touren aus erster Hand und beinhaltet alle wichtigen<br \/>\nInformationen wie Routen, Zu- bzw. Abstiege, Abseilpisten und Infrastruktur.<\/p>","protected":false},"excerpt":{"rendered":"<p>Im vorliegenden Kletterf\u00fchrer werden 22 neue, perfekt eingerichtete Routen vorgestellt, in denen ausschlie\u00dflich an Bohrhaken gesichert wird, so dass St\u00fcrze relativ ungef\u00e4hrlich sind. S\u00e4mtliche Abseilst\u00e4nde sind mit Ketten ausgestattet. Der Allg\u00e4uer Peter Schwarzmann erschloss ab 2003 in der bis dahin unber\u00fchrten Zwerchwand in den Tannheimer Bergen viele neue Kletterwege, die allesamt das Pr\u00e4dikat &#8218;Plaisir&#8216; verdienen. [&#8230;]\n","protected":false},"featured_media":35180,"template":"","meta":[],"product_brand":[],"product_cat":[21539],"product_tag":[],"class_list":{"0":"post-152371","1":"product","2":"type-product","3":"status-publish","4":"has-post-thumbnail","6":"product_cat-fuehrerliteratur-sportklettern-bouldern","7":"pa_autor-schwarzmann","8":"pa_erscheinungsjahr-21842","9":"pa_region-deutschland","10":"pa_sprache-de","12":"first","13":"outofstock","14":"taxable","15":"shipping-taxable","16":"purchasable","17":"product-type-simple"},"_links":{"self":[{"href":"https:\/\/pizbube.ch\/en\/wp-json\/wp\/v2\/product\/152371","targetHints":{"allow":["GET"]}}],"collection":[{"href":"https:\/\/pizbube.ch\/en\/wp-json\/wp\/v2\/product"}],"about":[{"href":"https:\/\/pizbube.ch\/en\/wp-json\/wp\/v2\/types\/product"}],"wp:featuredmedia":[{"embeddable":true,"href":"https:\/\/pizbube.ch\/en\/wp-json\/wp\/v2\/media\/35180"}],"wp:attachment":[{"href":"https:\/\/pizbube.ch\/en\/wp-json\/wp\/v2\/media?parent=152371"}],"wp:term":[{"taxonomy":"product_brand","embeddable":true,"href":"https:\/\/pizbube.ch\/en\/wp-json\/wp\/v2\/product_brand?post=152371"},{"taxonomy":"product_cat","embeddable":true,"href":"https:\/\/pizbube.ch\/en\/wp-json\/wp\/v2\/product_cat?post=152371"},{"taxonomy":"product_tag","embeddable":true,"href":"https:\/\/pizbube.ch\/en\/wp-json\/wp\/v2\/product_tag?post=152371"}],"curies":[{"name":"wp","href":"https:\/\/api.w.org\/{rel}","templated":true}]}}