{"id":152372,"date":"2021-01-15T12:04:28","date_gmt":"2021-01-15T12:04:28","guid":{"rendered":"https:\/\/codengine3.ch\/?product=import-placeholder-for-204819"},"modified":"2021-01-15T14:36:29","modified_gmt":"2021-01-15T14:36:29","slug":"parois-de-legende-les-plus-belles-escalades-deurope","status":"publish","type":"product","link":"https:\/\/pizbube.ch\/en\/shop\/parois-de-legende-les-plus-belles-escalades-deurope\/","title":{"rendered":"Parois de l\u00e9gende Les plus belles escalades d&#8217;Europe"},"content":{"rendered":"<p>Avec ce nouveau livre, Arnaud Petit entra\u00eene les passionn\u00e9s d&#8217;escalade dans<br \/>\ndes sites de r\u00eave, toujours, mais auxquels ils pourront acc\u00e9der souvent \u00e0 la<br \/>\nfaveur d&#8217;un week-end. Il nous invite dans les Alpes tout d&#8217;abord, sur les<br \/>\ngrandes murailles des Dolomites italiennes, le calcaire parfait du Wendenstock<br \/>\nsuisse ou le granit orang\u00e9 du Mont-Blanc.<br \/>\nIl nous emm\u00e8ne ensuite \u00e0 plus basse altitude, sur les falaises fran\u00e7aises<br \/>\njouissant d&#8217;un prestige international, comme Presles, C\u00e9\u00fcse, le Verdon ou les<br \/>\nCalanques de Marseille. Apr\u00e8s un pa ssage color\u00e9 dans les \u00eeles (Corse et<br \/>\nSardaigne), il termine par les Pyr\u00e9n\u00e9es et l&#8217;Espagne, o\u00f9 se trouvent notamment<br \/>\nles c\u00e9l\u00e8bres Riglos de Mallos et un grand nombre de sites encore peu connus.<br \/>\nLa s\u00e9lection des voies d&#8217;escalade est effectu\u00e9e en fonction de leur beaut\u00e9, de<br \/>\nleur \u00e9quipement et de leur faible engagement. La majorit\u00e9 d&#8217;entre elles est<br \/>\naccessible \u00e0 la moyenne des grimpeurs. Les photos et les topos tr\u00e8s d\u00e9taill\u00e9s<br \/>\nde chaque voie (une cinquantaine au total) permettent au lecteur de se<br \/>\nprojeter dans ces belles parois, avant de passer du r\u00eave \u00e0 la r\u00e9alit\u00e9.<\/p>","protected":false},"excerpt":{"rendered":"<p>Avec ce nouveau livre, Arnaud Petit entra\u00eene les passionn\u00e9s d&#8217;escalade dans des sites de r\u00eave, toujours, mais auxquels ils pourront acc\u00e9der souvent \u00e0 la faveur d&#8217;un week-end. Il nous invite dans les Alpes tout d&#8217;abord, sur les grandes murailles des Dolomites italiennes, le calcaire parfait du Wendenstock suisse ou le granit orang\u00e9 du Mont-Blanc. Il [&#8230;]\n","protected":false},"featured_media":33339,"template":"","meta":[],"product_brand":[],"product_cat":[21542],"product_tag":[],"class_list":{"0":"post-152372","1":"product","2":"type-product","3":"status-publish","4":"has-post-thumbnail","6":"product_cat-sachbuecher-dokumentationen","7":"pa_autor-petit-stephanie","8":"pa_erscheinungsjahr-21763","9":"pa_region-uebrigers-europa","10":"pa_sprache-fr","12":"first","13":"outofstock","14":"taxable","15":"shipping-taxable","16":"purchasable","17":"product-type-simple"},"_links":{"self":[{"href":"https:\/\/pizbube.ch\/en\/wp-json\/wp\/v2\/product\/152372","targetHints":{"allow":["GET"]}}],"collection":[{"href":"https:\/\/pizbube.ch\/en\/wp-json\/wp\/v2\/product"}],"about":[{"href":"https:\/\/pizbube.ch\/en\/wp-json\/wp\/v2\/types\/product"}],"wp:featuredmedia":[{"embeddable":true,"href":"https:\/\/pizbube.ch\/en\/wp-json\/wp\/v2\/media\/33339"}],"wp:attachment":[{"href":"https:\/\/pizbube.ch\/en\/wp-json\/wp\/v2\/media?parent=152372"}],"wp:term":[{"taxonomy":"product_brand","embeddable":true,"href":"https:\/\/pizbube.ch\/en\/wp-json\/wp\/v2\/product_brand?post=152372"},{"taxonomy":"product_cat","embeddable":true,"href":"https:\/\/pizbube.ch\/en\/wp-json\/wp\/v2\/product_cat?post=152372"},{"taxonomy":"product_tag","embeddable":true,"href":"https:\/\/pizbube.ch\/en\/wp-json\/wp\/v2\/product_tag?post=152372"}],"curies":[{"name":"wp","href":"https:\/\/api.w.org\/{rel}","templated":true}]}}