{"id":152381,"date":"2021-01-15T12:04:29","date_gmt":"2021-01-15T12:04:29","guid":{"rendered":"https:\/\/codengine3.ch\/?product=import-placeholder-for-206497"},"modified":"2021-01-15T14:49:22","modified_gmt":"2021-01-15T14:49:22","slug":"bergfibel","status":"publish","type":"product","link":"https:\/\/pizbube.ch\/en\/shop\/bergfibel\/","title":{"rendered":"Bergfibel"},"content":{"rendered":"<p>Der bekannte S\u00fcdtiroler Schriftsteller, K\u00fcnstler und Skilehrer Hubert Mumelter<br \/>\nhat in den Drei\u00dfigerjahren des vorigen Jahrhunderts in Versform eine Reihe von<br \/>\nhumoristischen Fibeln herausgebracht, so beispielsweise die Skifibel, die<br \/>\nStrandfibel und auch die Bergfibel. Der Rowohlt-Verlag in Berlin und nach dem<br \/>\nZweiten Weltkrieg der Langenm\u00fcller-Verlag in M\u00fcnchen brachten jeweils mehrere<br \/>\nAusgaben und Auflagen heraus; die B\u00fccher waren ein gro\u00dfer Erfolg.<br \/>\nAus all den Fibeln Mumelters spricht der Zeitgeist: Der Massenansturm auf<br \/>\nBerge, Str\u00e4nde und Skipisten spielt dabei genauso eine Rolle wie die<br \/>\nVerletzungsgefahr oder die diversen Modeerscheinungen. Wer die Verse heute<br \/>\nliest und die kolorierten Bilder betrachtet, merkt, dass sich seither gar<br \/>\nnicht viel ver\u00e4ndert hat. Mumelters Visionen von damals sind auch heute noch<br \/>\naktuell. In einem Nachwort wird auf die Entstehungsgeschichte der Mumelter-<br \/>\nFibeln, das damalige Umfeld und auch auf ihren literarischen Wert eingegangen.  <\/p>\n<p>Mit feinem Pinselstrich und geschliffenen Worten nahm der verhinderte<br \/>\nRechtsexperte schon in den 1930er-Jahren das touristische<br \/>\n&#8218;Massentierverhalten&#8216; aufs Korn und traf damit humoristisch voll ins Schwarze.<br \/>\nBemerkenswert ist sein unver\u00e4ndert moderner Blick auf die Tourismusbranche.  <\/p>","protected":false},"excerpt":{"rendered":"<p>Der bekannte S\u00fcdtiroler Schriftsteller, K\u00fcnstler und Skilehrer Hubert Mumelter hat in den Drei\u00dfigerjahren des vorigen Jahrhunderts in Versform eine Reihe von humoristischen Fibeln herausgebracht, so beispielsweise die Skifibel, die Strandfibel und auch die Bergfibel. Der Rowohlt-Verlag in Berlin und nach dem Zweiten Weltkrieg der Langenm\u00fcller-Verlag in M\u00fcnchen brachten jeweils mehrere Ausgaben und Auflagen heraus; die [&#8230;]\n","protected":false},"featured_media":35547,"template":"","meta":[],"product_brand":[],"product_cat":[21881],"product_tag":[],"class_list":{"0":"post-152381","1":"product","2":"type-product","3":"status-publish","4":"has-post-thumbnail","6":"product_cat-comics","7":"pa_autor-mumelter","8":"pa_erscheinungsjahr-21830","9":"pa_region-italien","10":"pa_sprache-de","12":"first","13":"instock","14":"taxable","15":"shipping-taxable","16":"purchasable","17":"product-type-simple"},"_links":{"self":[{"href":"https:\/\/pizbube.ch\/en\/wp-json\/wp\/v2\/product\/152381","targetHints":{"allow":["GET"]}}],"collection":[{"href":"https:\/\/pizbube.ch\/en\/wp-json\/wp\/v2\/product"}],"about":[{"href":"https:\/\/pizbube.ch\/en\/wp-json\/wp\/v2\/types\/product"}],"wp:featuredmedia":[{"embeddable":true,"href":"https:\/\/pizbube.ch\/en\/wp-json\/wp\/v2\/media\/35547"}],"wp:attachment":[{"href":"https:\/\/pizbube.ch\/en\/wp-json\/wp\/v2\/media?parent=152381"}],"wp:term":[{"taxonomy":"product_brand","embeddable":true,"href":"https:\/\/pizbube.ch\/en\/wp-json\/wp\/v2\/product_brand?post=152381"},{"taxonomy":"product_cat","embeddable":true,"href":"https:\/\/pizbube.ch\/en\/wp-json\/wp\/v2\/product_cat?post=152381"},{"taxonomy":"product_tag","embeddable":true,"href":"https:\/\/pizbube.ch\/en\/wp-json\/wp\/v2\/product_tag?post=152381"}],"curies":[{"name":"wp","href":"https:\/\/api.w.org\/{rel}","templated":true}]}}