{"id":152382,"date":"2021-01-15T12:04:29","date_gmt":"2021-01-15T12:04:29","guid":{"rendered":"https:\/\/codengine3.ch\/?product=import-placeholder-for-204411"},"modified":"2021-01-15T14:32:54","modified_gmt":"2021-01-15T14:32:54","slug":"nouvelles-den-haut","status":"publish","type":"product","link":"https:\/\/pizbube.ch\/en\/shop\/nouvelles-den-haut\/","title":{"rendered":"Nouvelles d&#8217;en haut"},"content":{"rendered":"<p>Dessinateur et peintre, mais aussi cin\u00e9aste, photographe et conf\u00e9rencier,<br \/>\nSamivel fut avant tout un merveilleux \u00e9crivain. Il n&#8217;existe aucun genre qu&#8217;il<br \/>\nn&#8217;ait tent\u00e9 avec succ\u00e8s, du conte humoristique \u00e0 l&#8217;essai philosophique, de la<br \/>\nchanson au roman, de la bande dessin\u00e9e \u00e0 l&#8217;\u00e9tude historique. Si ses grandes<br \/>\noeuvres, comme les Contes \u00e0 pic ou L&#8217;amateur d&#8217;ab\u00eemes, enchantent toujours un<br \/>\npublic fid\u00e8le et fervent, son oeuvre foisonnante demeurait riche de nombreux<br \/>\ntextes peu connus, in\u00e9dits ou publi\u00e9s en revues. Le pr\u00e9sent volume offre le<br \/>\nmeilleur de ceux consacr\u00e9s \u00e0 la montagne, et on ne s&#8217;\u00e9tonnera pas qu&#8217;ils<br \/>\nsoient de coloration et de styles divers. Les contes et nouvelles y vont de la<br \/>\nsayn\u00e8te humoristique \u00e0 l&#8217;\u00e9vocation dramatique d&#8217;une temp\u00eate en altitude, mais<br \/>\nles r\u00e9cits et essais qui composent la suite du volume ne sont pas moins<br \/>\nvari\u00e9s.  <\/p>\n<p>Samivel y prend position, avant l&#8217;heure, contre les t\u00e9l\u00e9ph\u00e9riques, d\u00e9fend le<br \/>\nparc national de la Vanoise, raconte les heures d\u00e9licieuses pass\u00e9es \u00e0 observer<br \/>\nchamois et bouquetins ou analyse &#8218;l&#8217;\u00e9nigme&#8216; de l&#8217;alpinisme.<br \/>\nLa montagne a suscit\u00e9 peu d&#8217;\u00e9crivains dont la curiosit\u00e9 soit aussi<br \/>\nuniverselle, les connaissances aussi vastes, le style aussi fin et \u00e9vocateur.<br \/>\nDans sa diversit\u00e9 m\u00eame, Samivel d\u00e9ploie toute la pale<br \/>\ntte de ses talents, mise ici au service d&#8217;une seule cause : l&#8217;amiti\u00e9 des<br \/>\nmontagnes.  <\/p>","protected":false},"excerpt":{"rendered":"<p>Dessinateur et peintre, mais aussi cin\u00e9aste, photographe et conf\u00e9rencier, Samivel fut avant tout un merveilleux \u00e9crivain. Il n&#8217;existe aucun genre qu&#8217;il n&#8217;ait tent\u00e9 avec succ\u00e8s, du conte humoristique \u00e0 l&#8217;essai philosophique, de la chanson au roman, de la bande dessin\u00e9e \u00e0 l&#8217;\u00e9tude historique. Si ses grandes oeuvres, comme les Contes \u00e0 pic ou L&#8217;amateur d&#8217;ab\u00eemes, [&#8230;]\n","protected":false},"featured_media":32276,"template":"","meta":[],"product_brand":[],"product_cat":[21629],"product_tag":[],"class_list":{"0":"post-152382","1":"product","2":"type-product","3":"status-publish","4":"has-post-thumbnail","6":"product_cat-belletristik","7":"pa_autor-samivel","8":"pa_erscheinungsjahr-22112","9":"pa_region-frankreich","10":"pa_sprache-fr","12":"first","13":"instock","14":"taxable","15":"shipping-taxable","16":"purchasable","17":"product-type-simple"},"_links":{"self":[{"href":"https:\/\/pizbube.ch\/en\/wp-json\/wp\/v2\/product\/152382","targetHints":{"allow":["GET"]}}],"collection":[{"href":"https:\/\/pizbube.ch\/en\/wp-json\/wp\/v2\/product"}],"about":[{"href":"https:\/\/pizbube.ch\/en\/wp-json\/wp\/v2\/types\/product"}],"wp:featuredmedia":[{"embeddable":true,"href":"https:\/\/pizbube.ch\/en\/wp-json\/wp\/v2\/media\/32276"}],"wp:attachment":[{"href":"https:\/\/pizbube.ch\/en\/wp-json\/wp\/v2\/media?parent=152382"}],"wp:term":[{"taxonomy":"product_brand","embeddable":true,"href":"https:\/\/pizbube.ch\/en\/wp-json\/wp\/v2\/product_brand?post=152382"},{"taxonomy":"product_cat","embeddable":true,"href":"https:\/\/pizbube.ch\/en\/wp-json\/wp\/v2\/product_cat?post=152382"},{"taxonomy":"product_tag","embeddable":true,"href":"https:\/\/pizbube.ch\/en\/wp-json\/wp\/v2\/product_tag?post=152382"}],"curies":[{"name":"wp","href":"https:\/\/api.w.org\/{rel}","templated":true}]}}