{"id":152385,"date":"2021-01-15T12:04:29","date_gmt":"2021-01-15T12:04:29","guid":{"rendered":"https:\/\/codengine3.ch\/?product=import-placeholder-for-208461"},"modified":"2025-02-11T15:18:02","modified_gmt":"2025-02-11T14:18:02","slug":"ich-bleibe-noch-ein-wenig-illustrationen-aus-den-bergen","status":"publish","type":"product","link":"https:\/\/pizbube.ch\/en\/shop\/ich-bleibe-noch-ein-wenig-illustrationen-aus-den-bergen\/","title":{"rendered":"Ich bleibe noch ein wenig &#8211; Illustrationen aus den Bergen"},"content":{"rendered":"<p>Unaufger\u00e4umte Ger\u00f6llfelder, verwobene Felsstrukturen,zerschundene Gletscher,<br \/>\nsteile Wiesen mit bizarren Schneeresten, zusammengedr\u00fcckte D\u00f6rfer, die an<br \/>\nH\u00e4ngen kleben. Einsame Strassen und Wege,die sich bergauf, bergab durch die<br \/>\nLandschaft winden.Linien und Formen, die den Ton angeben, dem sich die Welt<br \/>\nunterzuordnen hat.<\/p>\n<p>Im Bildraum der Berge, ihrer Sch\u00f6nheit, aber auch ihrer Unwirtlichkeit bahnt<br \/>\nsich der Mensch seinen Weg. Da ist der Ehrgeizige mit dem Gipfel im Kopf, der<br \/>\nsich durch die steile Wand und das grosse Bild k\u00e4mpft. Der Bed\u00e4chtige,der<br \/>\nunbeirrt seines Weges geht. Der Arbeiter,der ergeben sein Tagwerk in der rauen<br \/>\nBergluft verrichtet, und der Ruhelose, der in der Einsamkeit der Berge einen<br \/>\nAugenblick Frieden findet.<\/p>\n<p>Mit feinem Strich erz\u00e4hlt Esther Angst in ihren Illustrationen Geschichten<br \/>\nrund um die Welt der Berge, ihrer Bewohner und ihrer Besucher. Zu Hause in den<br \/>\nGlarner Alpen l\u00e4sst sie sich auf ausgedehnten Streifz\u00fcgen zu ihren ber\u00fchrenden<br \/>\nBildmotiven verleiten. Von Glarus aus unternimmt die K\u00fcnstlerin Fahrradreisen<br \/>\ndurch den Balkan, den Iran und \u00fcber die Gebirge Zentralasiens und Chinas.<\/p>\n<p>Die hier entstandenen Reiseskizzen und Illustrationen verbinden die Berge der<br \/>\nFerne mit jenen der Heimat. Ob Reiseskizzen, unterwegs, in wenig Zeit und mit<br \/>\neinfachen Mitteln entstanden, oder Tiefdruckgrafiken, aufwendig in der Glarner<br \/>\nWerkstatt erarbeitet &#8211; in ihrer unverwechselbaren<br \/>\nBildsprache bringt die Illustratorin Eindr\u00fccke und Stimmungen poetisch auf den<br \/>\nPunkt.<\/p>","protected":false},"excerpt":{"rendered":"<p>Unaufger\u00e4umte Ger\u00f6llfelder, verwobene Felsstrukturen,zerschundene Gletscher, steile Wiesen mit bizarren Schneeresten, zusammengedr\u00fcckte D\u00f6rfer, die an H\u00e4ngen kleben. Einsame Strassen und Wege,die sich bergauf, bergab durch die Landschaft winden.Linien und Formen, die den Ton angeben, dem sich die Welt unterzuordnen hat. Im Bildraum der Berge, ihrer Sch\u00f6nheit, aber auch ihrer Unwirtlichkeit bahnt sich der Mensch seinen Weg. [&#8230;]\n","protected":false},"featured_media":178466,"template":"","meta":[],"product_brand":[],"product_cat":[21580],"product_tag":[],"class_list":{"0":"post-152385","1":"product","2":"type-product","3":"status-publish","4":"has-post-thumbnail","6":"product_cat-kunst-kultur","7":"pa_autor-angst","8":"pa_erscheinungsjahr-21546","9":"pa_region-schweiz","10":"pa_sprache-de","12":"first","13":"onbackorder","14":"taxable","15":"shipping-taxable","16":"purchasable","17":"product-type-simple"},"_links":{"self":[{"href":"https:\/\/pizbube.ch\/en\/wp-json\/wp\/v2\/product\/152385","targetHints":{"allow":["GET"]}}],"collection":[{"href":"https:\/\/pizbube.ch\/en\/wp-json\/wp\/v2\/product"}],"about":[{"href":"https:\/\/pizbube.ch\/en\/wp-json\/wp\/v2\/types\/product"}],"wp:featuredmedia":[{"embeddable":true,"href":"https:\/\/pizbube.ch\/en\/wp-json\/wp\/v2\/media\/178466"}],"wp:attachment":[{"href":"https:\/\/pizbube.ch\/en\/wp-json\/wp\/v2\/media?parent=152385"}],"wp:term":[{"taxonomy":"product_brand","embeddable":true,"href":"https:\/\/pizbube.ch\/en\/wp-json\/wp\/v2\/product_brand?post=152385"},{"taxonomy":"product_cat","embeddable":true,"href":"https:\/\/pizbube.ch\/en\/wp-json\/wp\/v2\/product_cat?post=152385"},{"taxonomy":"product_tag","embeddable":true,"href":"https:\/\/pizbube.ch\/en\/wp-json\/wp\/v2\/product_tag?post=152385"}],"curies":[{"name":"wp","href":"https:\/\/api.w.org\/{rel}","templated":true}]}}