{"id":152389,"date":"2021-01-15T12:04:30","date_gmt":"2021-01-15T12:04:30","guid":{"rendered":"https:\/\/codengine3.ch\/?product=import-placeholder-for-205855"},"modified":"2021-01-15T14:44:30","modified_gmt":"2021-01-15T14:44:30","slug":"free-solo","status":"publish","type":"product","link":"https:\/\/pizbube.ch\/en\/shop\/free-solo\/","title":{"rendered":"Free Solo"},"content":{"rendered":"<p>Dieses Buch ist keine Anleitung zum Free Solo. Die gibt es nicht, kann und<br \/>\ndarf es nie geben. F\u00fcr viele Alpinisten ist das Klettern ohne irgendeine<br \/>\nSicherung Wahnsinn, sind die M\u00e4nner und Frauen, die schwierigste Routen ohne<br \/>\nKlettergurt und Seil gehen, Verr\u00fcckte. F\u00fcr wenige ist das Free Solo Klettern<br \/>\nin seiner reinsten Form, eine Begegnung mit sich selbst, bei der die mentale<br \/>\nSt\u00e4rke alles ist, bei der in der Auseinandersetzung mit dem Tod Eindr\u00fccke<br \/>\nintensivster Daseinserfahrung entstehen, die ein Leben ver\u00e4ndern. Alexander<br \/>\nHuber, einer der besten Kletterer der Welt, hat selbst viele seilfreie und<br \/>\nexponierte Alleing\u00e4nge unternommen.  <\/p>\n<p>In Free Solo gibt er Einblick in eine exklusive Welt an der Grenze des<br \/>\nM\u00f6glichen. Das Ergebnis ist zweifellos eines der spektakul\u00e4rsten Alpinb\u00fccher<br \/>\ndes Jahres, bebildert mit ebenso opulenten wie faszinierenden Fotos.<br \/>\nAuthentisch und offen schildert Huber die Motive und Visionen, die hinter<br \/>\ndiesen atemberaubenden Klettereien stecken und macht deutlich, dass f\u00fcr die<br \/>\nmeisten der Ausnahmek\u00f6nner, die nach intensivem Training und minuti\u00f6ser<br \/>\nPlanung eine Route ohne Sicherungen durchklettern, ein Free Solo ein<br \/>\nkalkulierbares Risiko ist. Dabei gibt er ein sensibles Psychogramm seiner<br \/>\neigenen Motive. Die Geschichte des seilfreien Kletterns ist so alt wie der<br \/>\nAlpinismus: Ausf\u00fchrlich werden Wegbereiter wie Paul Preu\u00df, Emilio Comici,<br \/>\nCesare Maestri oder Claudio Barbier gew\u00fcrdigt, wird die Entwicklung des<br \/>\nexplizit formulierten Anspruchs &#8218;Free solo&#8216; durch John Bachar im Yosemite-<br \/>\nValley ebenso beschrieben wie die Entwicklung zum Bigwall-Klettern. Ein<br \/>\nwichtiger Fokus des Buches liegt auf der inneren Wirklichkeit der Menschen,<br \/>\ndie spektakul\u00e4re Free Solos unternommen haben. Ihren Textbeitr\u00e4gen ist breiter<br \/>\nRaum gelassen. Der Leser ist dabei, wenn Alex Honnold in &#8218;Moonligt Butress&#8216; am<br \/>\nHalf Dome klettert, Alain Robert &#8218;La Nuit du L\u00e9zard&#8216; wagt&#8230;<\/p>\n<p>2. Auflg. Kartonierter Einband (Kt)  <\/p>","protected":false},"excerpt":{"rendered":"<p>Dieses Buch ist keine Anleitung zum Free Solo. Die gibt es nicht, kann und darf es nie geben. F\u00fcr viele Alpinisten ist das Klettern ohne irgendeine Sicherung Wahnsinn, sind die M\u00e4nner und Frauen, die schwierigste Routen ohne Klettergurt und Seil gehen, Verr\u00fcckte. F\u00fcr wenige ist das Free Solo Klettern in seiner reinsten Form, eine Begegnung [&#8230;]\n","protected":false},"featured_media":25862,"template":"","meta":[],"product_brand":[],"product_cat":[21542],"product_tag":[],"class_list":{"0":"post-152389","1":"product","2":"type-product","3":"status-publish","4":"has-post-thumbnail","6":"product_cat-sachbuecher-dokumentationen","7":"pa_autor-huber","8":"pa_erscheinungsjahr-21550","9":"pa_region-deutschland","10":"pa_sprache-de","12":"first","13":"instock","14":"taxable","15":"shipping-taxable","16":"purchasable","17":"product-type-simple"},"_links":{"self":[{"href":"https:\/\/pizbube.ch\/en\/wp-json\/wp\/v2\/product\/152389","targetHints":{"allow":["GET"]}}],"collection":[{"href":"https:\/\/pizbube.ch\/en\/wp-json\/wp\/v2\/product"}],"about":[{"href":"https:\/\/pizbube.ch\/en\/wp-json\/wp\/v2\/types\/product"}],"wp:featuredmedia":[{"embeddable":true,"href":"https:\/\/pizbube.ch\/en\/wp-json\/wp\/v2\/media\/25862"}],"wp:attachment":[{"href":"https:\/\/pizbube.ch\/en\/wp-json\/wp\/v2\/media?parent=152389"}],"wp:term":[{"taxonomy":"product_brand","embeddable":true,"href":"https:\/\/pizbube.ch\/en\/wp-json\/wp\/v2\/product_brand?post=152389"},{"taxonomy":"product_cat","embeddable":true,"href":"https:\/\/pizbube.ch\/en\/wp-json\/wp\/v2\/product_cat?post=152389"},{"taxonomy":"product_tag","embeddable":true,"href":"https:\/\/pizbube.ch\/en\/wp-json\/wp\/v2\/product_tag?post=152389"}],"curies":[{"name":"wp","href":"https:\/\/api.w.org\/{rel}","templated":true}]}}