{"id":152390,"date":"2021-01-15T12:04:35","date_gmt":"2021-01-15T12:04:35","guid":{"rendered":"https:\/\/codengine3.ch\/?product=import-placeholder-for-206558"},"modified":"2023-03-18T09:49:12","modified_gmt":"2023-03-18T08:49:12","slug":"hohe-tatra-vysoke-tatry-150000","status":"publish","type":"product","link":"https:\/\/pizbube.ch\/en\/shop\/hohe-tatra-vysoke-tatry-150000\/","title":{"rendered":"Hohe Tatra &#8211; Vysoke Tatry 1:50&#8217;000"},"content":{"rendered":"<p>WK 2100,<br \/>\nTatra. Hohe &#8211; Westliche &#8211; Belaer; 1:50&#8217;000<br \/>\nVysok\u00e9 &#8211; Z\u00e1padn\u00e9 &#8211; Belianske<\/p>\n<p>4in1 Wanderkarte 1:50000 mit Aktiv Guide und Detailkarten inklusive Karte zur<br \/>\noffline Verwendung in der KOMPASS-App. Fahrradfahren. Skitouren<br \/>\nGPS tauglich<\/p>\n<p>KOMPASS Wanderkarten enthalten alles Wissenswerte zum Wandern wie aktuelle<br \/>\nWanderwege, empfehlenswerte Routen und wichtige touristische Informationen.<\/p>\n<p>Doch k\u00f6nnen unsere Wanderkarten meist mehr, sind sie nicht nur eine reine<br \/>\nWanderkarte sondern fungieren sie auch als Skitouren- sowie Bikekarte, siehe<br \/>\nTitelabbildung. Der topographische Inhalt der Karte wird dabei bei aller<br \/>\nDetailgenauigkeit leicht lesbar und anschaulich dargestellt.<\/p>\n<p>Abgerundet wird das Angebot der Wanderkarte mit einem \u00fcbersichtlich<br \/>\ngestalteten Beiheft mit zahlreichen Farbfotos. Das Heft informiert \u00fcber Orte<br \/>\nund Schutzh\u00fctten sowie empfehlenswerte Touren, Sehensw\u00fcrdigkeiten und<br \/>\nFreizeiteinrichtungen.<\/p>","protected":false},"excerpt":{"rendered":"<p>WK 2100, Tatra. Hohe &#8211; Westliche &#8211; Belaer; 1:50&#8217;000 Vysok\u00e9 &#8211; Z\u00e1padn\u00e9 &#8211; Belianske 4in1 Wanderkarte 1:50000 mit Aktiv Guide und Detailkarten inklusive Karte zur offline Verwendung in der KOMPASS-App. Fahrradfahren. Skitouren GPS tauglich KOMPASS Wanderkarten enthalten alles Wissenswerte zum Wandern wie aktuelle Wanderwege, empfehlenswerte Routen und wichtige touristische Informationen. Doch k\u00f6nnen unsere Wanderkarten meist [&#8230;]\n","protected":false},"featured_media":166723,"template":"","meta":[],"product_brand":[],"product_cat":[21543],"product_tag":[],"class_list":{"0":"post-152390","1":"product","2":"type-product","3":"status-publish","4":"has-post-thumbnail","6":"product_cat-landkarten","7":"pa_autor-kompass","8":"pa_erscheinungsjahr-21586","9":"pa_region-osteuropa","10":"pa_sprache-de-slov","12":"first","13":"instock","14":"taxable","15":"shipping-taxable","16":"purchasable","17":"product-type-simple"},"_links":{"self":[{"href":"https:\/\/pizbube.ch\/en\/wp-json\/wp\/v2\/product\/152390","targetHints":{"allow":["GET"]}}],"collection":[{"href":"https:\/\/pizbube.ch\/en\/wp-json\/wp\/v2\/product"}],"about":[{"href":"https:\/\/pizbube.ch\/en\/wp-json\/wp\/v2\/types\/product"}],"wp:featuredmedia":[{"embeddable":true,"href":"https:\/\/pizbube.ch\/en\/wp-json\/wp\/v2\/media\/166723"}],"wp:attachment":[{"href":"https:\/\/pizbube.ch\/en\/wp-json\/wp\/v2\/media?parent=152390"}],"wp:term":[{"taxonomy":"product_brand","embeddable":true,"href":"https:\/\/pizbube.ch\/en\/wp-json\/wp\/v2\/product_brand?post=152390"},{"taxonomy":"product_cat","embeddable":true,"href":"https:\/\/pizbube.ch\/en\/wp-json\/wp\/v2\/product_cat?post=152390"},{"taxonomy":"product_tag","embeddable":true,"href":"https:\/\/pizbube.ch\/en\/wp-json\/wp\/v2\/product_tag?post=152390"}],"curies":[{"name":"wp","href":"https:\/\/api.w.org\/{rel}","templated":true}]}}