{"id":152417,"date":"2021-01-15T12:04:43","date_gmt":"2021-01-15T12:04:43","guid":{"rendered":"https:\/\/codengine3.ch\/?product=import-placeholder-for-204486"},"modified":"2021-01-15T14:33:38","modified_gmt":"2021-01-15T14:33:38","slug":"der-weg-2","status":"publish","type":"product","link":"https:\/\/pizbube.ch\/en\/shop\/der-weg-2\/","title":{"rendered":"Der Weg"},"content":{"rendered":"<p>\n&#171;Der Weg&#187; ist ein autobiographisch-philosophischer Roman, die Erz\u00e4hlung des<br \/>\nAutors \u00fcber seine Lebensreise die ihn von den Bergen seiner slowenischen<br \/>\nHeimatstadt bis auf den Gipfel des Mount Everest f\u00fchrte. Zaplotnik beschreibt<br \/>\nseine vielen Expeditionen und erz\u00e4hlt aus einer pers\u00f6nlichen Perspektive vom<br \/>\nlangen Leidensweg bis zum Gipfel, von Entbehrungen, K\u00e4lte, Kameradschaft,<br \/>\nGipfelgl\u00fcck und Trauer \u00fcber verungl\u00fcckte Freunde. Durch seinen intimen,<br \/>\ndetailliert-anschaulichen und mitrei\u00dfenden Schreibstil l\u00e4sst er den Leser<br \/>\nseine Erstbegehungen und Wiederholungen extremer Kletterrouten hautnah<br \/>\nmiterleben.  <\/p>\n<p>Bereits in seiner Kindheit und Jugend entdeckte Zaplotnik seine Liebe zu den<br \/>\nBergen, die sich im Laufe der Jahre zu einer wahren Berg-Sehnsucht<br \/>\nentwickelte. Als ihm die umliegenden heimischen Berge nicht mehr gen\u00fcgten,<br \/>\nw\u00e4hlte er immer extremere Routen und immer h\u00f6here Gipfel im In- und Ausland<br \/>\nals Ziel. Die M\u00f6glichkeit, seinem Wunsch nach einem freien Leben m\u00f6glichst<br \/>\nnahe zu kommen, sah er nur im Bergsteigen, dem er alles andere unterordnete.<\/p>\n<p>Der H\u00f6hepunkt seiner bergsteigerischen Karriere war dann die Bezwingung des<br \/>\nEverest \u00fcber eine vollkommen neue Route und als erster Jugoslawe auf dem<br \/>\nh\u00f6chsten Berg der Welt. Zaplotnik wollte sein Leben jeden Tag so frei und<br \/>\nauthentisch wie nur m\u00f6glich leben. Der Leser erf\u00e4hrt, was einen Vollblut-<br \/>\nBergsteiger im Innersten antreibt. Dabei ersch\u00f6pft sich das Buch nicht in der<br \/>\nblo\u00dfen Nacherz\u00e4hlung von Bergsteigergeschichten, sondern liest sich<br \/>\nstreckenweise wie ein philosophisches Werk, wie ein Ratgeber f\u00fcr eine<br \/>\nm\u00f6glichst erf\u00fcllte und authentische Lebensweise.  <\/p>\n<p>Jernej (Nejc) Zaplotnik (1952-1983) war ein slowenischer Bergsteiger und einer<br \/>\nder gr\u00f6\u00dften Alpinisten seiner Zeit, der in seinem kurzen Leben \u00fcber 350<br \/>\nBesteigungen aller Schwierigkeitsgrade in Europa, Afrika, Asien und<br \/>\nNordamerika realisiert und innerhalb weniger Jahre \u00fcber vollkommen neue Routen<br \/>\ndrei Achttausender bestiegen hat, was ihn damals (leistungsm\u00e4\u00dfig) an die Seite<br \/>\ndes ber\u00fchmten Reinhold Messner stellte.<\/p>\n<p>Als erster und bisher einziger Alpinist, der den kompletten Westgrat des<br \/>\nEverest bezwungen hat, schrieb Zaplotnik 1979 Bergsteigergeschichte. Er starb<br \/>\nam 24. April 1983 bei einer Expedition im Himalaya unter einer Eislawine.<\/p>\n<p>Gebunden, 220 Seiten,<\/p>","protected":false},"excerpt":{"rendered":"<p>&#171;Der Weg&#187; ist ein autobiographisch-philosophischer Roman, die Erz\u00e4hlung des Autors \u00fcber seine Lebensreise die ihn von den Bergen seiner slowenischen Heimatstadt bis auf den Gipfel des Mount Everest f\u00fchrte. Zaplotnik beschreibt seine vielen Expeditionen und erz\u00e4hlt aus einer pers\u00f6nlichen Perspektive vom langen Leidensweg bis zum Gipfel, von Entbehrungen, K\u00e4lte, Kameradschaft, Gipfelgl\u00fcck und Trauer \u00fcber verungl\u00fcckte [&#8230;]\n","protected":false},"featured_media":32428,"template":"","meta":[],"product_brand":[],"product_cat":[21542],"product_tag":[],"class_list":{"0":"post-152417","1":"product","2":"type-product","3":"status-publish","4":"has-post-thumbnail","6":"product_cat-sachbuecher-dokumentationen","7":"pa_autor-zaplotnik","8":"pa_erscheinungsjahr-21558","9":"pa_region-uebrigers-europa","10":"pa_sprache-de","12":"first","13":"instock","14":"taxable","15":"shipping-taxable","16":"purchasable","17":"product-type-simple"},"_links":{"self":[{"href":"https:\/\/pizbube.ch\/en\/wp-json\/wp\/v2\/product\/152417","targetHints":{"allow":["GET"]}}],"collection":[{"href":"https:\/\/pizbube.ch\/en\/wp-json\/wp\/v2\/product"}],"about":[{"href":"https:\/\/pizbube.ch\/en\/wp-json\/wp\/v2\/types\/product"}],"wp:featuredmedia":[{"embeddable":true,"href":"https:\/\/pizbube.ch\/en\/wp-json\/wp\/v2\/media\/32428"}],"wp:attachment":[{"href":"https:\/\/pizbube.ch\/en\/wp-json\/wp\/v2\/media?parent=152417"}],"wp:term":[{"taxonomy":"product_brand","embeddable":true,"href":"https:\/\/pizbube.ch\/en\/wp-json\/wp\/v2\/product_brand?post=152417"},{"taxonomy":"product_cat","embeddable":true,"href":"https:\/\/pizbube.ch\/en\/wp-json\/wp\/v2\/product_cat?post=152417"},{"taxonomy":"product_tag","embeddable":true,"href":"https:\/\/pizbube.ch\/en\/wp-json\/wp\/v2\/product_tag?post=152417"}],"curies":[{"name":"wp","href":"https:\/\/api.w.org\/{rel}","templated":true}]}}