{"id":152418,"date":"2021-01-15T12:04:43","date_gmt":"2021-01-15T12:04:43","guid":{"rendered":"https:\/\/codengine3.ch\/?product=import-placeholder-for-207761"},"modified":"2021-01-15T16:58:19","modified_gmt":"2021-01-15T16:58:19","slug":"wozu-ein-himmel-sonst","status":"publish","type":"product","link":"https:\/\/pizbube.ch\/en\/shop\/wozu-ein-himmel-sonst\/","title":{"rendered":"Wozu ein Himmel sonst?"},"content":{"rendered":"<p>Erinnerungen an meine Zeit im Himalaya.<br \/>\nMit einem Vorwort von Ed Webster und einem Lebensbild von Dr. Michael Bilic<\/p>\n<p>Ein Glanzst\u00fcck klassischer Expeditionsliteratur<\/p>\n<p>Der Name Dyhrenfurth ist untrennbar mit dem Himalaya verbunden. Das Reich der<br \/>\nChomolongma &#8211; &#171;G\u00f6ttinmutter der Erde&#187;, wie die Tibeter den Mount Everest<br \/>\nnennen, zieht Norman G. Dyhrenfurth (1918-2017) ein Leben lang in seinen Bann.<br \/>\n1952, ein Jahr vor der Erstbesteigung, besucht er den h\u00f6chsten Berg dieser<br \/>\nErde ein erstes Mal &#8211; eine Erfahrung, die sein Leben ver\u00e4ndert. Er h\u00e4ngt seine<br \/>\nakademische Karriere an den Nagel und treibt den Plan weiterer Himalaya-<br \/>\nExpeditionen voran. 1963 erf\u00fcllt sich sein Traum einer ersten amerikanischen<br \/>\nEverest-Expedition, deren Erfolg zum H\u00f6hepunkt seines Lebens wird.<\/p>\n<p>Das vorliegende Buch versammelt die sch\u00f6nsten unver\u00f6ffentlichten Texte aus dem<br \/>\nNachlass dieses gro\u00dfen Bergsteigers und Filmemachers, der heuer im Mai 100<br \/>\nJahre alt w\u00fcrde. Es erz\u00e4hlt von einzigartigen Momenten, Triumphen und<br \/>\nTrag\u00f6dien, und l\u00e4sst die tiefe Faszination, die von den h\u00f6chsten Gipfeln der<br \/>\nWelt und der Kultur der an ihrem Fu\u00dfe lebenden Menschen ausgeht, ganz<br \/>\nunmittelbar lebendig werden.  <\/p>\n<p>Das Vorwort des bekannten amerikanischen Bergsteigers und Everest-Spezialisten<br \/>\nEd Webster sowie das abschlie\u00dfende Lebensbild, verfasst vom langj\u00e4hrigen<br \/>\nLeiter des Salzburger Bergfilmfestivals Dr. Michael Bilic, setzen dazu den<br \/>\nbiographischen Rahmen.<\/p>","protected":false},"excerpt":{"rendered":"<p>Erinnerungen an meine Zeit im Himalaya. Mit einem Vorwort von Ed Webster und einem Lebensbild von Dr. Michael Bilic Ein Glanzst\u00fcck klassischer Expeditionsliteratur Der Name Dyhrenfurth ist untrennbar mit dem Himalaya verbunden. Das Reich der Chomolongma &#8211; &#171;G\u00f6ttinmutter der Erde&#187;, wie die Tibeter den Mount Everest nennen, zieht Norman G. Dyhrenfurth (1918-2017) ein Leben lang [&#8230;]\n","protected":false},"featured_media":38377,"template":"","meta":[],"product_brand":[],"product_cat":[21542],"product_tag":[],"class_list":{"0":"post-152418","1":"product","2":"type-product","3":"status-publish","4":"has-post-thumbnail","6":"product_cat-sachbuecher-dokumentationen","7":"pa_autor-dyhrenfurth","8":"pa_erscheinungsjahr-21546","9":"pa_region-oesterreich","10":"pa_sprache-de","12":"first","13":"instock","14":"taxable","15":"shipping-taxable","16":"purchasable","17":"product-type-simple"},"_links":{"self":[{"href":"https:\/\/pizbube.ch\/en\/wp-json\/wp\/v2\/product\/152418","targetHints":{"allow":["GET"]}}],"collection":[{"href":"https:\/\/pizbube.ch\/en\/wp-json\/wp\/v2\/product"}],"about":[{"href":"https:\/\/pizbube.ch\/en\/wp-json\/wp\/v2\/types\/product"}],"wp:featuredmedia":[{"embeddable":true,"href":"https:\/\/pizbube.ch\/en\/wp-json\/wp\/v2\/media\/38377"}],"wp:attachment":[{"href":"https:\/\/pizbube.ch\/en\/wp-json\/wp\/v2\/media?parent=152418"}],"wp:term":[{"taxonomy":"product_brand","embeddable":true,"href":"https:\/\/pizbube.ch\/en\/wp-json\/wp\/v2\/product_brand?post=152418"},{"taxonomy":"product_cat","embeddable":true,"href":"https:\/\/pizbube.ch\/en\/wp-json\/wp\/v2\/product_cat?post=152418"},{"taxonomy":"product_tag","embeddable":true,"href":"https:\/\/pizbube.ch\/en\/wp-json\/wp\/v2\/product_tag?post=152418"}],"curies":[{"name":"wp","href":"https:\/\/api.w.org\/{rel}","templated":true}]}}