{"id":152423,"date":"2021-01-15T12:04:43","date_gmt":"2021-01-15T12:04:43","guid":{"rendered":"https:\/\/codengine3.ch\/?product=import-placeholder-for-202616"},"modified":"2021-01-15T12:37:52","modified_gmt":"2021-01-15T12:37:52","slug":"randonnees-en-montagne-chablais-et-valais-francophone","status":"publish","type":"product","link":"https:\/\/pizbube.ch\/en\/shop\/randonnees-en-montagne-chablais-et-valais-francophone\/","title":{"rendered":"Randonn\u00e9es en montagne Chablais et Valais francophone"},"content":{"rendered":"<p>\nUn choix de 125 randonn\u00e9es en basse et moyenne montagne, \u00e0 l`usage des<br \/>\nrandonneurs d\u00e9butants ou exp\u00e9riment\u00e9s, des familles avec enfants, des<br \/>\nv\u00e9t\u00e9rans, mais aussi pour tous les amis de la montagne.  <\/p>\n<p>Version 2009 pr\u00e9sent\u00e9e dans une mise en page nouvelle, plus facile \u00e0 consulter<br \/>\net plus attrayante, avec 135 photos, dont 92 in\u00e9dites et de nombreux textes<br \/>\nculturels. L`auteur offre ici un volume totalement nouveau qui d\u00e9crit 125<br \/>\nrandonn\u00e9es, dont 16 enti\u00e8rement in\u00e9dites.  <\/p>","protected":false},"excerpt":{"rendered":"<ul>\n<li><b>INFO: \u00e9puis\u00e9 &#8211; Vergriffen, keine Neuauflage\/Nachdruck<b><\/li>\n<\/ul>","protected":false},"featured_media":30035,"template":"","meta":[],"product_brand":[],"product_cat":[21605],"product_tag":[],"class_list":{"0":"post-152423","1":"product","2":"type-product","3":"status-publish","4":"has-post-thumbnail","6":"product_cat-wanderfuehrer-trekking","7":"pa_autor-metzeker","8":"pa_erscheinungsjahr-21693","9":"pa_region-schweiz","10":"pa_sprache-fr","12":"first","13":"outofstock","14":"taxable","15":"shipping-taxable","16":"purchasable","17":"product-type-simple"},"_links":{"self":[{"href":"https:\/\/pizbube.ch\/en\/wp-json\/wp\/v2\/product\/152423","targetHints":{"allow":["GET"]}}],"collection":[{"href":"https:\/\/pizbube.ch\/en\/wp-json\/wp\/v2\/product"}],"about":[{"href":"https:\/\/pizbube.ch\/en\/wp-json\/wp\/v2\/types\/product"}],"wp:featuredmedia":[{"embeddable":true,"href":"https:\/\/pizbube.ch\/en\/wp-json\/wp\/v2\/media\/30035"}],"wp:attachment":[{"href":"https:\/\/pizbube.ch\/en\/wp-json\/wp\/v2\/media?parent=152423"}],"wp:term":[{"taxonomy":"product_brand","embeddable":true,"href":"https:\/\/pizbube.ch\/en\/wp-json\/wp\/v2\/product_brand?post=152423"},{"taxonomy":"product_cat","embeddable":true,"href":"https:\/\/pizbube.ch\/en\/wp-json\/wp\/v2\/product_cat?post=152423"},{"taxonomy":"product_tag","embeddable":true,"href":"https:\/\/pizbube.ch\/en\/wp-json\/wp\/v2\/product_tag?post=152423"}],"curies":[{"name":"wp","href":"https:\/\/api.w.org\/{rel}","templated":true}]}}