{"id":152424,"date":"2021-01-15T12:04:43","date_gmt":"2021-01-15T12:04:43","guid":{"rendered":"https:\/\/codengine3.ch\/?product=import-placeholder-for-203996"},"modified":"2021-06-23T11:53:28","modified_gmt":"2021-06-23T09:53:28","slug":"der-matterhorn-trek","status":"publish","type":"product","link":"https:\/\/pizbube.ch\/en\/shop\/der-matterhorn-trek\/","title":{"rendered":"Der Matterhorn-Trek"},"content":{"rendered":"<p>Ber\u00fchmte Berge zu umrunden ist zum Trend geworden. Seit dem Sommer 2002 l\u00e4sst<br \/>\nsich auch der sch\u00f6nste und bekannteste Berg der Schweiz, das Matterhorn, auf<br \/>\neinem durchgehenden gut markierten H\u00f6henweg in acht bzw. neun Tagen und 220<br \/>\nKilometern umrunden. Dabei durchwandert man auf alten Handelsrouten sechs<br \/>\nT\u00e4ler und drei Kulturen- das deutsche Hochwallis, das franz\u00f6sische<br \/>\nZentralwallis und das italienische Aostatal.<\/p>\n<p>Auch wenn einige der Etappen recht anspruchsvoll sind, ist die Matterhorn-<br \/>\nUmrundung dennoch ein echter Genuss- und Gourmet-Trek, denn die Etappen enden<br \/>\nfast immer im Tal, wo Unterkunft und Verpflegung von der einfachen Bergh\u00fctte<br \/>\nbis zum gediegenen Hotel zur Verf\u00fcgung stehen. Dank der guten<br \/>\nVerkehrsverbindungen l\u00e4sst sich die L\u00e4nge der Tour auch variieren oder<br \/>\neinzelne Etappen als Wochenendwanderungen unternehmen.<\/p>\n<p>Jede Tagesetappe wird ausf\u00fchrlich beschrieben, mit wertvollen Informationen<br \/>\nzur Planung, zu Unterk\u00fcnften und Varianten. Dazu vermittelt der Text viel<br \/>\nWissenswertes \u00fcber Geologie und Berggeschichte, Fauna und Flora, \u00fcber die<br \/>\nBesonderheiten, die Geschichte und Kultur der verschiedenen T\u00e4ler.<\/p>","protected":false},"excerpt":{"rendered":"<p>Ber\u00fchmte Berge zu umrunden ist zum Trend geworden. Seit dem Sommer 2002 l\u00e4sst sich auch der sch\u00f6nste und bekannteste Berg der Schweiz, das Matterhorn, auf einem durchgehenden gut markierten H\u00f6henweg in acht bzw. neun Tagen und 220 Kilometern umrunden. Dabei durchwandert man auf alten Handelsrouten sechs T\u00e4ler und drei Kulturen- das deutsche Hochwallis, das franz\u00f6sische [&#8230;]\n","protected":false},"featured_media":31726,"template":"","meta":[],"product_brand":[],"product_cat":[21542],"product_tag":[],"class_list":{"0":"post-152424","1":"product","2":"type-product","3":"status-publish","4":"has-post-thumbnail","6":"product_cat-sachbuecher-dokumentationen","7":"pa_autor-kuerschner","8":"pa_erscheinungsjahr-21763","9":"pa_region-schweiz","10":"pa_sprache-de","12":"first","13":"outofstock","14":"taxable","15":"shipping-taxable","16":"purchasable","17":"product-type-simple"},"_links":{"self":[{"href":"https:\/\/pizbube.ch\/en\/wp-json\/wp\/v2\/product\/152424","targetHints":{"allow":["GET"]}}],"collection":[{"href":"https:\/\/pizbube.ch\/en\/wp-json\/wp\/v2\/product"}],"about":[{"href":"https:\/\/pizbube.ch\/en\/wp-json\/wp\/v2\/types\/product"}],"wp:featuredmedia":[{"embeddable":true,"href":"https:\/\/pizbube.ch\/en\/wp-json\/wp\/v2\/media\/31726"}],"wp:attachment":[{"href":"https:\/\/pizbube.ch\/en\/wp-json\/wp\/v2\/media?parent=152424"}],"wp:term":[{"taxonomy":"product_brand","embeddable":true,"href":"https:\/\/pizbube.ch\/en\/wp-json\/wp\/v2\/product_brand?post=152424"},{"taxonomy":"product_cat","embeddable":true,"href":"https:\/\/pizbube.ch\/en\/wp-json\/wp\/v2\/product_cat?post=152424"},{"taxonomy":"product_tag","embeddable":true,"href":"https:\/\/pizbube.ch\/en\/wp-json\/wp\/v2\/product_tag?post=152424"}],"curies":[{"name":"wp","href":"https:\/\/api.w.org\/{rel}","templated":true}]}}