{"id":152425,"date":"2021-01-15T12:04:43","date_gmt":"2021-01-15T12:04:43","guid":{"rendered":"https:\/\/codengine3.ch\/?product=import-placeholder-for-205681"},"modified":"2021-08-03T12:30:54","modified_gmt":"2021-08-03T10:30:54","slug":"wandern-in-den-vispertaelern","status":"publish","type":"product","link":"https:\/\/pizbube.ch\/en\/shop\/wandern-in-den-vispertaelern\/","title":{"rendered":"Wandern in den Vispert\u00e4lern"},"content":{"rendered":"<p>Spezialwanderf\u00fchrer<\/p>\n<p>Die Vispert\u00e4ler sind einem breiten Publikum vor allem dank Zermatt, dem<br \/>\nMatterhorn und anderen Viertausendern bekannt. Dass es daneben aber viele<br \/>\nlandschaftliche und kulturelle Besonderheiten gibt, zeigt unser neuer<br \/>\nSpezialf\u00fchrer &#8218;Wandern in den Vispert\u00e4lern&#8216; von Christoph K\u00e4sermann.<\/p>\n<p>Nach einer allgemeinen Einf\u00fchrung in die Region werden ca. zwanzig Wanderungen<br \/>\nbeschrieben, die zu den sch\u00f6nsten Pl\u00e4tzen in den Vispert\u00e4lern f\u00fchren. Das Buch<br \/>\nist reich bebildert und mit pr\u00e4zisen Karten versehen, auf denen die<br \/>\nWanderrouten nachvollzogen werden k\u00f6nnen.<\/p>","protected":false},"excerpt":{"rendered":"<p>Spezialwanderf\u00fchrer Die Vispert\u00e4ler sind einem breiten Publikum vor allem dank Zermatt, dem Matterhorn und anderen Viertausendern bekannt. Dass es daneben aber viele landschaftliche und kulturelle Besonderheiten gibt, zeigt unser neuer Spezialf\u00fchrer &#8218;Wandern in den Vispert\u00e4lern&#8216; von Christoph K\u00e4sermann. Nach einer allgemeinen Einf\u00fchrung in die Region werden ca. zwanzig Wanderungen beschrieben, die zu den sch\u00f6nsten Pl\u00e4tzen [&#8230;]\n","protected":false},"featured_media":34484,"template":"","meta":[],"product_brand":[],"product_cat":[21605],"product_tag":[],"class_list":{"0":"post-152425","1":"product","2":"type-product","3":"status-publish","4":"has-post-thumbnail","6":"product_cat-wanderfuehrer-trekking","7":"pa_autor-kaesermann","8":"pa_erscheinungsjahr-21591","9":"pa_region-schweiz","10":"pa_sprache-de","12":"first","13":"onbackorder","14":"taxable","15":"shipping-taxable","16":"purchasable","17":"product-type-simple"},"_links":{"self":[{"href":"https:\/\/pizbube.ch\/en\/wp-json\/wp\/v2\/product\/152425","targetHints":{"allow":["GET"]}}],"collection":[{"href":"https:\/\/pizbube.ch\/en\/wp-json\/wp\/v2\/product"}],"about":[{"href":"https:\/\/pizbube.ch\/en\/wp-json\/wp\/v2\/types\/product"}],"wp:featuredmedia":[{"embeddable":true,"href":"https:\/\/pizbube.ch\/en\/wp-json\/wp\/v2\/media\/34484"}],"wp:attachment":[{"href":"https:\/\/pizbube.ch\/en\/wp-json\/wp\/v2\/media?parent=152425"}],"wp:term":[{"taxonomy":"product_brand","embeddable":true,"href":"https:\/\/pizbube.ch\/en\/wp-json\/wp\/v2\/product_brand?post=152425"},{"taxonomy":"product_cat","embeddable":true,"href":"https:\/\/pizbube.ch\/en\/wp-json\/wp\/v2\/product_cat?post=152425"},{"taxonomy":"product_tag","embeddable":true,"href":"https:\/\/pizbube.ch\/en\/wp-json\/wp\/v2\/product_tag?post=152425"}],"curies":[{"name":"wp","href":"https:\/\/api.w.org\/{rel}","templated":true}]}}