{"id":152426,"date":"2021-01-15T12:04:43","date_gmt":"2021-01-15T12:04:43","guid":{"rendered":"https:\/\/codengine3.ch\/?product=import-placeholder-for-205061"},"modified":"2023-06-28T15:37:34","modified_gmt":"2023-06-28T13:37:34","slug":"wanderkarte-saas-fee-1-25-000","status":"publish","type":"product","link":"https:\/\/pizbube.ch\/en\/shop\/wanderkarte-saas-fee-1-25-000\/","title":{"rendered":"Wanderkarte Saas-Fee 1: 25 000"},"content":{"rendered":"<p>Saas Almagell, Saas Balen, Saas Fee, Saas Grund<\/p>\n<p>Wanderkarte \/ Skitouren<\/p>\n<p>Wandervergn\u00fcgen f\u00fcr den Sommer und den Winter. Von einfachen Themenwegen in<br \/>\nalten Walliserd\u00f6rfern bis zu anspruchsvollen hochalpinen Skirouten auf ewigem<br \/>\nGletschereis.<\/p>","protected":false},"excerpt":{"rendered":"<p>Saas Almagell, Saas Balen, Saas Fee, Saas Grund Wanderkarte \/ Skitouren Wandervergn\u00fcgen f\u00fcr den Sommer und den Winter. Von einfachen Themenwegen in alten Walliserd\u00f6rfern bis zu anspruchsvollen hochalpinen Skirouten auf ewigem Gletschereis.<\/p>","protected":false},"featured_media":33657,"template":"","meta":[],"product_brand":[],"product_cat":[21543],"product_tag":[],"class_list":{"0":"post-152426","1":"product","2":"type-product","3":"status-publish","4":"has-post-thumbnail","6":"product_cat-landkarten","7":"pa_autor-rotten","8":"pa_erscheinungsjahr-21842","9":"pa_region-schweiz","10":"pa_sprache-de","12":"first","13":"instock","14":"taxable","15":"shipping-taxable","16":"purchasable","17":"product-type-simple"},"_links":{"self":[{"href":"https:\/\/pizbube.ch\/en\/wp-json\/wp\/v2\/product\/152426","targetHints":{"allow":["GET"]}}],"collection":[{"href":"https:\/\/pizbube.ch\/en\/wp-json\/wp\/v2\/product"}],"about":[{"href":"https:\/\/pizbube.ch\/en\/wp-json\/wp\/v2\/types\/product"}],"wp:featuredmedia":[{"embeddable":true,"href":"https:\/\/pizbube.ch\/en\/wp-json\/wp\/v2\/media\/33657"}],"wp:attachment":[{"href":"https:\/\/pizbube.ch\/en\/wp-json\/wp\/v2\/media?parent=152426"}],"wp:term":[{"taxonomy":"product_brand","embeddable":true,"href":"https:\/\/pizbube.ch\/en\/wp-json\/wp\/v2\/product_brand?post=152426"},{"taxonomy":"product_cat","embeddable":true,"href":"https:\/\/pizbube.ch\/en\/wp-json\/wp\/v2\/product_cat?post=152426"},{"taxonomy":"product_tag","embeddable":true,"href":"https:\/\/pizbube.ch\/en\/wp-json\/wp\/v2\/product_tag?post=152426"}],"curies":[{"name":"wp","href":"https:\/\/api.w.org\/{rel}","templated":true}]}}