{"id":152427,"date":"2021-01-15T12:04:44","date_gmt":"2021-01-15T12:04:44","guid":{"rendered":"https:\/\/codengine3.ch\/?product=import-placeholder-for-202512"},"modified":"2021-01-15T12:36:56","modified_gmt":"2021-01-15T12:36:56","slug":"le-tour-du-cervin","status":"publish","type":"product","link":"https:\/\/pizbube.ch\/en\/shop\/le-tour-du-cervin\/","title":{"rendered":"Le tour du Cervin"},"content":{"rendered":"<p>Colonel nous propose une randonn\u00e9e in\u00e9dite autour du Cervin, illustr\u00e9e par<br \/>\nplus de deux cents photographies originales et d\u00e9coup\u00e9e en six chapitres qui<br \/>\ncorrespondent \u00e0 chacune des six vall\u00e9es travers\u00e9es pendant ce p\u00e9riple.<br \/>\nL&#8217;ouvrage s&#8217;ach\u00e8ve sur un cahier pratique dans lequel figurent tous les<br \/>\nrenseignements n\u00e9cessaires \u00e0 l&#8217;organisation d&#8217;une telle randonn\u00e9e (cartes,<br \/>\nitin\u00e9raires, coordonn\u00e9es des refuges et des offices du tourisme&#8230;).<\/p>","protected":false},"excerpt":{"rendered":"<p>Colonel nous propose une randonn\u00e9e in\u00e9dite autour du Cervin, illustr\u00e9e par plus de deux cents photographies originales et d\u00e9coup\u00e9e en six chapitres qui correspondent \u00e0 chacune des six vall\u00e9es travers\u00e9es pendant ce p\u00e9riple. L&#8217;ouvrage s&#8217;ach\u00e8ve sur un cahier pratique dans lequel figurent tous les renseignements n\u00e9cessaires \u00e0 l&#8217;organisation d&#8217;une telle randonn\u00e9e (cartes, itin\u00e9raires, coordonn\u00e9es des [&#8230;]\n","protected":false},"featured_media":29909,"template":"","meta":[],"product_brand":[],"product_cat":[21542],"product_tag":[],"class_list":{"0":"post-152427","1":"product","2":"type-product","3":"status-publish","4":"has-post-thumbnail","6":"product_cat-sachbuecher-dokumentationen","7":"pa_autor-colonel","8":"pa_erscheinungsjahr-22144","9":"pa_region-schweiz","10":"pa_sprache-fr","12":"first","13":"instock","14":"taxable","15":"shipping-taxable","16":"purchasable","17":"product-type-simple"},"_links":{"self":[{"href":"https:\/\/pizbube.ch\/en\/wp-json\/wp\/v2\/product\/152427","targetHints":{"allow":["GET"]}}],"collection":[{"href":"https:\/\/pizbube.ch\/en\/wp-json\/wp\/v2\/product"}],"about":[{"href":"https:\/\/pizbube.ch\/en\/wp-json\/wp\/v2\/types\/product"}],"wp:featuredmedia":[{"embeddable":true,"href":"https:\/\/pizbube.ch\/en\/wp-json\/wp\/v2\/media\/29909"}],"wp:attachment":[{"href":"https:\/\/pizbube.ch\/en\/wp-json\/wp\/v2\/media?parent=152427"}],"wp:term":[{"taxonomy":"product_brand","embeddable":true,"href":"https:\/\/pizbube.ch\/en\/wp-json\/wp\/v2\/product_brand?post=152427"},{"taxonomy":"product_cat","embeddable":true,"href":"https:\/\/pizbube.ch\/en\/wp-json\/wp\/v2\/product_cat?post=152427"},{"taxonomy":"product_tag","embeddable":true,"href":"https:\/\/pizbube.ch\/en\/wp-json\/wp\/v2\/product_tag?post=152427"}],"curies":[{"name":"wp","href":"https:\/\/api.w.org\/{rel}","templated":true}]}}