{"id":152429,"date":"2021-01-15T12:04:44","date_gmt":"2021-01-15T12:04:44","guid":{"rendered":"https:\/\/codengine3.ch\/?product=import-placeholder-for-206130"},"modified":"2024-08-07T15:27:50","modified_gmt":"2024-08-07T13:27:50","slug":"glarnerland-wandern-und-entdecken","status":"publish","type":"product","link":"https:\/\/pizbube.ch\/en\/shop\/glarnerland-wandern-und-entdecken\/","title":{"rendered":"Glarnerland &#8211; wandern und entdecken"},"content":{"rendered":"<p>Glarnerland &#8211; 55 Sommer- und Winterwanderungen<\/p>\n<p>Nach dem sonnt\u00e4glichen Ausschlafen ist die Tageszeit schon weit vorger\u00fcckt.<br \/>\nMissstimmung schleicht sich ein: Wieder einmal wurde die Planung am Vorabend<br \/>\nverpasst!<\/p>\n<p>Ausgehend von solch eigenen Erfahrungen entstand dieses Buch. Es erm\u00f6glicht<br \/>\nkurzfristige Entscheide mit vielf\u00e4ltigen Wandervorschl\u00e4gen und weist auf<br \/>\nweitere Freizeitaktivit\u00e4ten hin. Sie alle befinden sich in der noch weitgehend<br \/>\nunverf\u00e4lschten Natur der Region Glarnerland. Fast alle sind mit \u00f6ffentlichen<br \/>\nVerkehrsmitteln gut erreichbar.<br \/>\nAls besonderes Highlight f\u00fchren verschiedene Wanderungen ins Gebiet der<br \/>\nGlarner Haupt\u00fcberschiebung, die 2008 ins UNESCO Weltnaturerbe aufgenommen<br \/>\nwurde.<\/p>\n<p>Dies ist bereits die zweite, \u00fcberarbeitete und erweiterte Auflage des<br \/>\nbeliebten Wanderbuches.<\/p>","protected":false},"excerpt":{"rendered":"<p>Glarnerland &#8211; 55 Sommer- und Winterwanderungen Nach dem sonnt\u00e4glichen Ausschlafen ist die Tageszeit schon weit vorger\u00fcckt. Missstimmung schleicht sich ein: Wieder einmal wurde die Planung am Vorabend verpasst! Ausgehend von solch eigenen Erfahrungen entstand dieses Buch. Es erm\u00f6glicht kurzfristige Entscheide mit vielf\u00e4ltigen Wandervorschl\u00e4gen und weist auf weitere Freizeitaktivit\u00e4ten hin. Sie alle befinden sich in der [&#8230;]\n","protected":false},"featured_media":174262,"template":"","meta":[],"product_brand":[],"product_cat":[21605],"product_tag":[],"class_list":{"0":"post-152429","1":"product","2":"type-product","3":"status-publish","4":"has-post-thumbnail","6":"product_cat-wanderfuehrer-trekking","7":"pa_autor-beerli-kaufmann","8":"pa_erscheinungsjahr-21830","9":"pa_region-schweiz","10":"pa_sprache-de","12":"first","13":"instock","14":"taxable","15":"shipping-taxable","16":"purchasable","17":"product-type-simple"},"_links":{"self":[{"href":"https:\/\/pizbube.ch\/en\/wp-json\/wp\/v2\/product\/152429","targetHints":{"allow":["GET"]}}],"collection":[{"href":"https:\/\/pizbube.ch\/en\/wp-json\/wp\/v2\/product"}],"about":[{"href":"https:\/\/pizbube.ch\/en\/wp-json\/wp\/v2\/types\/product"}],"wp:featuredmedia":[{"embeddable":true,"href":"https:\/\/pizbube.ch\/en\/wp-json\/wp\/v2\/media\/174262"}],"wp:attachment":[{"href":"https:\/\/pizbube.ch\/en\/wp-json\/wp\/v2\/media?parent=152429"}],"wp:term":[{"taxonomy":"product_brand","embeddable":true,"href":"https:\/\/pizbube.ch\/en\/wp-json\/wp\/v2\/product_brand?post=152429"},{"taxonomy":"product_cat","embeddable":true,"href":"https:\/\/pizbube.ch\/en\/wp-json\/wp\/v2\/product_cat?post=152429"},{"taxonomy":"product_tag","embeddable":true,"href":"https:\/\/pizbube.ch\/en\/wp-json\/wp\/v2\/product_tag?post=152429"}],"curies":[{"name":"wp","href":"https:\/\/api.w.org\/{rel}","templated":true}]}}