{"id":152430,"date":"2021-01-15T12:04:44","date_gmt":"2021-01-15T12:04:44","guid":{"rendered":"https:\/\/codengine3.ch\/?product=import-placeholder-for-204268"},"modified":"2021-01-15T14:31:31","modified_gmt":"2021-01-15T14:31:31","slug":"memento-escalade","status":"publish","type":"product","link":"https:\/\/pizbube.ch\/en\/shop\/memento-escalade\/","title":{"rendered":"M\u00e9mento escalade"},"content":{"rendered":"<p>Techniques d&#8217;escalade: Le m\u00e9mento escalade est un ouvrage de r\u00e9f\u00e9rence.<br \/>\nEdit\u00e9 et r\u00e9dig\u00e9 par les formateurs et cadres de la F\u00e9d\u00e9ration Fran\u00e7aise de la<br \/>\nMontagne et de l&#8217;Escalade (FFME), ce document rassemble les \u00e9l\u00e9ments<br \/>\ntechniques, p\u00e9dagogiques et r\u00e9glementaires n\u00e9cessaires \u00e0 la gestion de<br \/>\nl&#8217;activit\u00e9 escalade. Con\u00e7u comme un outil de base des enseignants et des<br \/>\ncadres f\u00e9d\u00e9raux qui animent les \u00e9coles d&#8217;escalade, il int\u00e9ressera, plus<br \/>\ng\u00e9n\u00e9ralement, toute personne d\u00e9sireuse de parfaire ses comp\u00e9tences en la<br \/>\nmati\u00e8re.<br \/>\nCet ouvrage permettra ainsi d&#8217;enrichir ses connaissances dans les domaines<br \/>\naussi vari\u00e9s que la s\u00e9curit\u00e9, le mat\u00e9riel, la p\u00e9dagogie, les sites naturels et<br \/>\nartificiels, les techniques de secours, la r\u00e9glementation, etc.<br \/>\nCe m\u00e9mento se veut donc une aide pour aller vers une escalade plus s\u00fbre, plus<br \/>\nresponsable et donc plus libre.<\/p>","protected":false},"excerpt":{"rendered":"<p>Techniques d&#8217;escalade: Le m\u00e9mento escalade est un ouvrage de r\u00e9f\u00e9rence. Edit\u00e9 et r\u00e9dig\u00e9 par les formateurs et cadres de la F\u00e9d\u00e9ration Fran\u00e7aise de la Montagne et de l&#8217;Escalade (FFME), ce document rassemble les \u00e9l\u00e9ments techniques, p\u00e9dagogiques et r\u00e9glementaires n\u00e9cessaires \u00e0 la gestion de l&#8217;activit\u00e9 escalade. Con\u00e7u comme un outil de base des enseignants et des [&#8230;]\n","protected":false},"featured_media":32088,"template":"","meta":[],"product_brand":[],"product_cat":[21538],"product_tag":[],"class_list":{"0":"post-152430","1":"product","2":"type-product","3":"status-publish","4":"has-post-thumbnail","6":"product_cat-lehrbuecher","7":"pa_autor-ffme","8":"pa_erscheinungsjahr-21763","9":"pa_region-klettertechnik","10":"pa_sprache-fr","12":"first","13":"instock","14":"taxable","15":"shipping-taxable","16":"purchasable","17":"product-type-simple"},"_links":{"self":[{"href":"https:\/\/pizbube.ch\/en\/wp-json\/wp\/v2\/product\/152430","targetHints":{"allow":["GET"]}}],"collection":[{"href":"https:\/\/pizbube.ch\/en\/wp-json\/wp\/v2\/product"}],"about":[{"href":"https:\/\/pizbube.ch\/en\/wp-json\/wp\/v2\/types\/product"}],"wp:featuredmedia":[{"embeddable":true,"href":"https:\/\/pizbube.ch\/en\/wp-json\/wp\/v2\/media\/32088"}],"wp:attachment":[{"href":"https:\/\/pizbube.ch\/en\/wp-json\/wp\/v2\/media?parent=152430"}],"wp:term":[{"taxonomy":"product_brand","embeddable":true,"href":"https:\/\/pizbube.ch\/en\/wp-json\/wp\/v2\/product_brand?post=152430"},{"taxonomy":"product_cat","embeddable":true,"href":"https:\/\/pizbube.ch\/en\/wp-json\/wp\/v2\/product_cat?post=152430"},{"taxonomy":"product_tag","embeddable":true,"href":"https:\/\/pizbube.ch\/en\/wp-json\/wp\/v2\/product_tag?post=152430"}],"curies":[{"name":"wp","href":"https:\/\/api.w.org\/{rel}","templated":true}]}}