{"id":152431,"date":"2021-01-15T12:04:44","date_gmt":"2021-01-15T12:04:44","guid":{"rendered":"https:\/\/codengine3.ch\/?product=import-placeholder-for-206958"},"modified":"2024-04-19T09:44:08","modified_gmt":"2024-04-19T07:44:08","slug":"handbuch-sportklettern","status":"publish","type":"product","link":"https:\/\/pizbube.ch\/en\/shop\/handbuch-sportklettern\/","title":{"rendered":"Handbuch Sportklettern"},"content":{"rendered":"<p>Das bildstarke Ausbildungsbuch f\u00fcr alle Klettersport-Vermittler:innen<\/p>\n<p>Worauf kommt es an beim Partnercheck? Wie erlernt man dynamisches Sichern? Und<br \/>\nwie l\u00e4sst sich die richtige Klettertechnik auf spielerische Weise vermitteln?<\/p>\n<p>Mit Fragen wie diesen besch\u00e4ftigt sich das brandneue Handbuch Sportklettern<br \/>\ndes Alpenvereins, das sich wohl zu einem Standardwerk in der Kletterliteratur<br \/>\nentwickeln wird. Mithilfe von zahlreichen Illustrationen und Bildsequenzen<br \/>\nbehandelt der 274 Seiten starke Band das Sportklettern in all seinen Facetten.<br \/>\nGef\u00fcllt mit dem Erfahrungsschatz der Bergsportexperten dient das Buch als<br \/>\nideale Kursunterlage und als Nachschlagewerk f\u00fcr den ambitionierten<br \/>\nSportkletterer.<\/p>\n<p>Von der ersten Stunde im Toprope bis hin zum sicheren Vorsteigen, vom<br \/>\neinfachen Treten und Steigen bis hin zu speziellen Techniken wie Hooken oder<br \/>\nSt\u00fctzen bietet das Buch zahlreiche Praxistipps und spielerische<br \/>\n\u00dcbungsmethoden. Detaillierte Zeichnungen, anschauliche Bildsequenzen und<br \/>\nstilvolle Fotos lockern die Seiten auf und sorgen f\u00fcr eine klare Vermittlung<br \/>\nder Inhalte.<\/p>\n<p>Sportklettern ist Breitensport. Ausbildung ist notwendig. Dieses Buch dient als Kursunterlage f\u00fcr jeden Kletterlehrer. F\u00fcr jeden, der an der Vermittlung des Sportkletterns interessiert ist, dient es als wertvolles Nachschlagewerk, in das die Autoren mehr als ein halbes Jahrhundert Erfahrung an Sportkletterkursen gepackt haben. Durch umfangreiche Illustrationen und Bildreihen schaffen sie es, die Einstiegsh\u00fcrden sehr niedrig zu halten. Davon profitiert vor allem der ambitionierte Sportkletterer, der sich \u00fcber Sicherheit in seinem Sport Gedanken macht oder seine Leistungsf\u00e4higkeit steigern will.<\/p>\n<p>380 Seiten; durchgehend farbig bebildert; 29 cm x 24.5 cm<br \/>\nSprache Deutsch<br \/>\n5. Auflage 2022<\/p>","protected":false},"excerpt":{"rendered":"<p>Das bildstarke Ausbildungsbuch f\u00fcr alle Klettersport-Vermittler:innen Worauf kommt es an beim Partnercheck? Wie erlernt man dynamisches Sichern? Und wie l\u00e4sst sich die richtige Klettertechnik auf spielerische Weise vermitteln? Mit Fragen wie diesen besch\u00e4ftigt sich das brandneue Handbuch Sportklettern des Alpenvereins, das sich wohl zu einem Standardwerk in der Kletterliteratur entwickeln wird. Mithilfe von zahlreichen Illustrationen [&#8230;]\n","protected":false},"featured_media":172602,"template":"","meta":[],"product_brand":[],"product_cat":[21538],"product_tag":[],"class_list":{"0":"post-152431","1":"product","2":"type-product","3":"status-publish","4":"has-post-thumbnail","6":"product_cat-lehrbuecher","7":"pa_autor-gauster-hack","8":"pa_erscheinungsjahr-27013","9":"pa_region-klettertechnik","10":"pa_sprache-de","12":"first","13":"instock","14":"taxable","15":"shipping-taxable","16":"purchasable","17":"product-type-simple"},"_links":{"self":[{"href":"https:\/\/pizbube.ch\/en\/wp-json\/wp\/v2\/product\/152431","targetHints":{"allow":["GET"]}}],"collection":[{"href":"https:\/\/pizbube.ch\/en\/wp-json\/wp\/v2\/product"}],"about":[{"href":"https:\/\/pizbube.ch\/en\/wp-json\/wp\/v2\/types\/product"}],"wp:featuredmedia":[{"embeddable":true,"href":"https:\/\/pizbube.ch\/en\/wp-json\/wp\/v2\/media\/172602"}],"wp:attachment":[{"href":"https:\/\/pizbube.ch\/en\/wp-json\/wp\/v2\/media?parent=152431"}],"wp:term":[{"taxonomy":"product_brand","embeddable":true,"href":"https:\/\/pizbube.ch\/en\/wp-json\/wp\/v2\/product_brand?post=152431"},{"taxonomy":"product_cat","embeddable":true,"href":"https:\/\/pizbube.ch\/en\/wp-json\/wp\/v2\/product_cat?post=152431"},{"taxonomy":"product_tag","embeddable":true,"href":"https:\/\/pizbube.ch\/en\/wp-json\/wp\/v2\/product_tag?post=152431"}],"curies":[{"name":"wp","href":"https:\/\/api.w.org\/{rel}","templated":true}]}}