{"id":152436,"date":"2021-01-15T12:04:45","date_gmt":"2021-01-15T12:04:45","guid":{"rendered":"https:\/\/codengine3.ch\/?product=import-placeholder-for-204201"},"modified":"2021-01-15T14:30:50","modified_gmt":"2021-01-15T14:30:50","slug":"erste-hilfe-und-gesundheit-am-berg-und-auf-reisen","status":"publish","type":"product","link":"https:\/\/pizbube.ch\/en\/shop\/erste-hilfe-und-gesundheit-am-berg-und-auf-reisen\/","title":{"rendered":"Erste Hilfe und Gesundheit am Berg und auf Reisen"},"content":{"rendered":"<p>Dieses Erste-Hilfe-Buch kann auch medizinische Laien dabei unterst\u00fctzen, einem<br \/>\nVerletzten oder Erkrankten in einem Notfall angemessen zu helfen. Dar\u00fcber<br \/>\nhinaus gibt es einen \u00dcberblick \u00fcber alle wesentlichen Gesundheitsaspekte am<br \/>\nBerg und auf Reisen. Es bietet Wanderern, Bergsteigern, Outdoor-Sportlern und<br \/>\nReisenden praktische Hilfe bei Notf\u00e4llen abseits der Zivilisation und erkl\u00e4rt<br \/>\nalle wichtigen lebensrettenden Erstma\u00dfnahmen.  <\/p>\n<p>Weitere in diesem Buch behandelte Themenbereiche sind:<br \/>\nVerbinden, Schienen, Abtransport eines Verletzten<br \/>\nVorbeugung und Behandlung spezieller Erkrankungen<br \/>\nRucksack- und Reise-Apotheken, Notfallausr\u00fcstung<br \/>\nTraining, Ern\u00e4hrung, \u00dcberlastungssch\u00e4den, psychische Aspekte<br \/>\nh\u00f6henmedizinische Aspekte bei Trekkingtouren und Expeditionen<br \/>\nZahlreiche Abbildungen, \u00dcbersichten, Tipps und Adressen machen Kompliziertes<br \/>\nverst\u00e4ndlich, erleichtern den Umgang mit dem Buch und geben ihm einen sehr<br \/>\nhohen Informationswert.  <\/p>","protected":false},"excerpt":{"rendered":"<p>Dieses Erste-Hilfe-Buch kann auch medizinische Laien dabei unterst\u00fctzen, einem Verletzten oder Erkrankten in einem Notfall angemessen zu helfen. Dar\u00fcber hinaus gibt es einen \u00dcberblick \u00fcber alle wesentlichen Gesundheitsaspekte am Berg und auf Reisen. Es bietet Wanderern, Bergsteigern, Outdoor-Sportlern und Reisenden praktische Hilfe bei Notf\u00e4llen abseits der Zivilisation und erkl\u00e4rt alle wichtigen lebensrettenden Erstma\u00dfnahmen. Weitere in [&#8230;]\n","protected":false},"featured_media":31990,"template":"","meta":[],"product_brand":[],"product_cat":[21538],"product_tag":[],"class_list":{"0":"post-152436","1":"product","2":"type-product","3":"status-publish","4":"has-post-thumbnail","6":"product_cat-lehrbuecher","7":"pa_autor-treibel","8":"pa_erscheinungsjahr-21763","9":"pa_region-medizin-recht","10":"pa_sprache-de","12":"first","13":"instock","14":"taxable","15":"shipping-taxable","16":"purchasable","17":"product-type-simple"},"_links":{"self":[{"href":"https:\/\/pizbube.ch\/en\/wp-json\/wp\/v2\/product\/152436","targetHints":{"allow":["GET"]}}],"collection":[{"href":"https:\/\/pizbube.ch\/en\/wp-json\/wp\/v2\/product"}],"about":[{"href":"https:\/\/pizbube.ch\/en\/wp-json\/wp\/v2\/types\/product"}],"wp:featuredmedia":[{"embeddable":true,"href":"https:\/\/pizbube.ch\/en\/wp-json\/wp\/v2\/media\/31990"}],"wp:attachment":[{"href":"https:\/\/pizbube.ch\/en\/wp-json\/wp\/v2\/media?parent=152436"}],"wp:term":[{"taxonomy":"product_brand","embeddable":true,"href":"https:\/\/pizbube.ch\/en\/wp-json\/wp\/v2\/product_brand?post=152436"},{"taxonomy":"product_cat","embeddable":true,"href":"https:\/\/pizbube.ch\/en\/wp-json\/wp\/v2\/product_cat?post=152436"},{"taxonomy":"product_tag","embeddable":true,"href":"https:\/\/pizbube.ch\/en\/wp-json\/wp\/v2\/product_tag?post=152436"}],"curies":[{"name":"wp","href":"https:\/\/api.w.org\/{rel}","templated":true}]}}