{"id":152439,"date":"2021-01-15T12:04:45","date_gmt":"2021-01-15T12:04:45","guid":{"rendered":"https:\/\/codengine3.ch\/?product=import-placeholder-for-202318"},"modified":"2025-02-14T12:43:03","modified_gmt":"2025-02-14T11:43:03","slug":"kopfwehberge","status":"publish","type":"product","link":"https:\/\/pizbube.ch\/en\/shop\/kopfwehberge\/","title":{"rendered":"Kopfwehberge"},"content":{"rendered":"<p>Die Autoren erz\u00e4hlen in einer auch f\u00fcr den Laien verst\u00e4ndlichen Sprache und mit vielen Illustrationen die Geschichte der Entdeckung und Erforschung des Ph\u00e4nomens der akuten Bergkrankheit von den Anf\u00e4ngen in der Antike bis in die Gegenwart.<\/p>\n<p><span class=\"value\">Die akute Bergkrankheit stellt heute eine der gr\u00f6ssten Gefahren und die h\u00e4ufigste Todesursache bei Bergtouren in grosser H\u00f6he, etwa im Himalaya da. Im Extremfall k\u00f6nnen die durch den Sauerstoffmangel in der &#171;d\u00fcnnen Luft&#187; herbeigef\u00fchretn Ver\u00e4nderungen im menschlichen K\u00f6rper innert weniger Stunden zum Tod f\u00fchren. Dieses medizin-historische Sachbuch erz\u00e4hlt in einer auch f\u00fcr den Laien verst\u00e4ndlichen Sprache und mit vielen Illustrationen die Geschichte der Entdeckung und Erforschung des Ph\u00e4nomens von den Anf\u00e4ngen in der Antike bis in die Gegenwart.<\/span><\/p>\n<p><span class=\"value\">Elisabeth Simons, geboren 1963 in K\u00f6ln, begann ein Geschichtsstudium, wurdedann Fach\u00e4rztin f\u00fcr innere Medizin und \u00fcber die H\u00f6henmedizin begeisterte Bergsteigerin.<\/span><\/p>\n<p><span class=\"value\">Oswald Oelz, geb. 1943 in Vorarlberg, hat sich seit den Siebzigerjahren als Chefarzt, Bergsteiger, Expeditionsarzt und H\u00f6henmediziner einen Namen gemacht. Anspruchsvolle Gipfel und schwierige Routen weltweit stehen in seinem Tourenbuch. Er war der dritte Bergsteiger auf den &#8218;Seven Summits&#8216;. Seine andere Leidenschaft ist die Innere Medizin, die er seit 2006 als Privatmann von seinem Kleinbauernhof am Bachtel aus beobachtet. Dort schreibt er seine Texte \u00fcber Bergsteigen, Medizin und Allerlei.<\/span><\/p>","protected":false},"excerpt":{"rendered":"<p>Die Autoren erz\u00e4hlen in einer auch f\u00fcr den Laien verst\u00e4ndlichen Sprache und mit vielen Illustrationen die Geschichte der Entdeckung und Erforschung des Ph\u00e4nomens der akuten Bergkrankheit von den Anf\u00e4ngen in der Antike bis in die Gegenwart. Die akute Bergkrankheit stellt heute eine der gr\u00f6ssten Gefahren und die h\u00e4ufigste Todesursache bei Bergtouren in grosser H\u00f6he, etwa [&#8230;]\n","protected":false},"featured_media":174115,"template":"","meta":[],"product_brand":[],"product_cat":[21542],"product_tag":[],"class_list":{"0":"post-152439","1":"product","2":"type-product","3":"status-publish","4":"has-post-thumbnail","6":"product_cat-sachbuecher-dokumentationen","7":"pa_autor-oelz-simons","8":"pa_erscheinungsjahr-22242","9":"pa_region-schweiz","10":"pa_sprache-de","12":"first","13":"outofstock","14":"taxable","15":"shipping-taxable","16":"purchasable","17":"product-type-simple"},"_links":{"self":[{"href":"https:\/\/pizbube.ch\/en\/wp-json\/wp\/v2\/product\/152439","targetHints":{"allow":["GET"]}}],"collection":[{"href":"https:\/\/pizbube.ch\/en\/wp-json\/wp\/v2\/product"}],"about":[{"href":"https:\/\/pizbube.ch\/en\/wp-json\/wp\/v2\/types\/product"}],"wp:featuredmedia":[{"embeddable":true,"href":"https:\/\/pizbube.ch\/en\/wp-json\/wp\/v2\/media\/174115"}],"wp:attachment":[{"href":"https:\/\/pizbube.ch\/en\/wp-json\/wp\/v2\/media?parent=152439"}],"wp:term":[{"taxonomy":"product_brand","embeddable":true,"href":"https:\/\/pizbube.ch\/en\/wp-json\/wp\/v2\/product_brand?post=152439"},{"taxonomy":"product_cat","embeddable":true,"href":"https:\/\/pizbube.ch\/en\/wp-json\/wp\/v2\/product_cat?post=152439"},{"taxonomy":"product_tag","embeddable":true,"href":"https:\/\/pizbube.ch\/en\/wp-json\/wp\/v2\/product_tag?post=152439"}],"curies":[{"name":"wp","href":"https:\/\/api.w.org\/{rel}","templated":true}]}}