{"id":152440,"date":"2021-01-15T12:04:45","date_gmt":"2021-01-15T12:04:45","guid":{"rendered":"https:\/\/codengine3.ch\/?product=import-placeholder-for-205173"},"modified":"2021-01-15T14:39:16","modified_gmt":"2021-01-15T14:39:16","slug":"schitouren-in-den-suedalpen","status":"publish","type":"product","link":"https:\/\/pizbube.ch\/en\/shop\/schitouren-in-den-suedalpen\/","title":{"rendered":"Schitouren in den S\u00fcdalpen"},"content":{"rendered":"<p>100 Traumrouten in K\u00e4rnten, Slowenien und Friaul  <\/p>\n<p>Schibergsteigen an der k\u00e4rntnerisch-italienisch-slowenischen Grenze: Der<br \/>\nprachtvoll illustrierte Text-Bild-Band versammelt erstmals die 100 sch\u00f6nsten<br \/>\nSchitouren in den s\u00fcdlichen Alpen. Das Herzst\u00fcck des F\u00fchrers bilden die<br \/>\nwildromantischen Julischen Alpen, \u00fcber die bisher kaum detaillierte<br \/>\nSchitourenbeschreibungn in deutscher Sprache erschienen sind. Zus\u00e4tzlich sind<br \/>\nSchianstiege in den Karawanken, den Steiner Alpen, den Karnischen Alpen und in<br \/>\nder Kreuzeckgruppe, einem nahezu vergessenen Kleinod, beschrieben.<br \/>\nDie Mehrheit der vorgestellten Touren verl\u00e4uft \u00fcber anspruchsvolle Anstiege.<br \/>\nVor allem in den Julischen Alpen m\u00fcssen oft steile Rinnen und Kare \u00fcberwunden<br \/>\nwerden. Lediglich die Touren im Lesachtal und in der Kreuzeckgruppe stellen<br \/>\neine ideale \u00dcberleitung zu den sanfteren Z\u00fcgen der Hohen Tauern dar.  <\/p>\n<p>Jede Route ist mit einem Kartenausschnitt und einem kurzen Steckbrief<br \/>\nbez\u00fcglich H\u00f6henmeter, schitechnischer Schwierigkeit und Hangexposition<br \/>\nversehen.  <\/p>","protected":false},"excerpt":{"rendered":"<p>100 Traumrouten in K\u00e4rnten, Slowenien und Friaul Schibergsteigen an der k\u00e4rntnerisch-italienisch-slowenischen Grenze: Der prachtvoll illustrierte Text-Bild-Band versammelt erstmals die 100 sch\u00f6nsten Schitouren in den s\u00fcdlichen Alpen. Das Herzst\u00fcck des F\u00fchrers bilden die wildromantischen Julischen Alpen, \u00fcber die bisher kaum detaillierte Schitourenbeschreibungn in deutscher Sprache erschienen sind. Zus\u00e4tzlich sind Schianstiege in den Karawanken, den Steiner Alpen, [&#8230;]\n","protected":false},"featured_media":33801,"template":"","meta":[],"product_brand":[],"product_cat":[21540],"product_tag":[],"class_list":{"0":"post-152440","1":"product","2":"type-product","3":"status-publish","4":"has-post-thumbnail","6":"product_cat-fuehrerliteratur-alpin-winter","7":"pa_autor-zink","8":"pa_erscheinungsjahr-21842","9":"pa_region-oesterreich","10":"pa_sprache-de","12":"first","13":"instock","14":"taxable","15":"shipping-taxable","16":"purchasable","17":"product-type-simple"},"_links":{"self":[{"href":"https:\/\/pizbube.ch\/en\/wp-json\/wp\/v2\/product\/152440","targetHints":{"allow":["GET"]}}],"collection":[{"href":"https:\/\/pizbube.ch\/en\/wp-json\/wp\/v2\/product"}],"about":[{"href":"https:\/\/pizbube.ch\/en\/wp-json\/wp\/v2\/types\/product"}],"wp:featuredmedia":[{"embeddable":true,"href":"https:\/\/pizbube.ch\/en\/wp-json\/wp\/v2\/media\/33801"}],"wp:attachment":[{"href":"https:\/\/pizbube.ch\/en\/wp-json\/wp\/v2\/media?parent=152440"}],"wp:term":[{"taxonomy":"product_brand","embeddable":true,"href":"https:\/\/pizbube.ch\/en\/wp-json\/wp\/v2\/product_brand?post=152440"},{"taxonomy":"product_cat","embeddable":true,"href":"https:\/\/pizbube.ch\/en\/wp-json\/wp\/v2\/product_cat?post=152440"},{"taxonomy":"product_tag","embeddable":true,"href":"https:\/\/pizbube.ch\/en\/wp-json\/wp\/v2\/product_tag?post=152440"}],"curies":[{"name":"wp","href":"https:\/\/api.w.org\/{rel}","templated":true}]}}