{"id":152443,"date":"2021-01-15T12:04:51","date_gmt":"2021-01-15T12:04:51","guid":{"rendered":"https:\/\/codengine3.ch\/?product=import-placeholder-for-201820"},"modified":"2021-01-15T12:04:54","modified_gmt":"2021-01-15T12:04:54","slug":"bergwanderatlas-alpen","status":"publish","type":"product","link":"https:\/\/pizbube.ch\/en\/shop\/bergwanderatlas-alpen\/","title":{"rendered":"Bergwanderatlas Alpen"},"content":{"rendered":"<p>2000 Touren zwischen Wien und Nizza &#8211; Tourenvorschl\u00e4ge in 52 Alpenregionen,<br \/>\nmit vielen praktischen Angaben und Register.  <\/p>\n<p>Touren f\u00fcr ein ganzes Leben! Die 2000 Tourenvorschl\u00e4ge aus allen Alpenregionen<br \/>\nsind ein unentbehrliches Nachschlagewerk f\u00fcr jeden Alpenwanderer. Die komplett<br \/>\n\u00fcberarbeitete Neuauflage f\u00fchrt in die sch\u00f6nsten Bergregionen zwischen Wien und<br \/>\nNizza, stellt die wichtigsten Orte vor und bietet ein vielf\u00e4ltiges<br \/>\nRahmenprogramm.<\/p>\n<p>Das Wandern tut der Seele gut und sch\u00fctzt den K\u00f6rper vor dem Altern. Ganz<br \/>\nbesonders in den Bergen wo die Steigungen Tal und Gipfel trennen und oft auch<br \/>\nAlltag und Hochgef\u00fchle. Zum Wandern bietet sich in den Alpen reichlich<br \/>\nGelegenheit. Dieser Bergwanderatlas beweist es: 2.000 Ideen, die Berge zu<br \/>\nerleben, 2.000 Touren zwischen Wien und Nizza. Hier sind sie versammelt, die<br \/>\nsch\u00f6nsten Wanderziele aus allen Teilen des gr\u00f6\u00dften europ\u00e4ischen Gebirges.<\/p>\n<p>Ganz gleich, ob man nach einer beschaulichen Wanderung oder einer z\u00fcnftigen<br \/>\nBergtour sucht, dieser Atlas hat f\u00fcr jeden das Richtige.  <\/p>","protected":false},"excerpt":{"rendered":"<p>2000 Touren zwischen Wien und Nizza &#8211; Tourenvorschl\u00e4ge in 52 Alpenregionen, mit vielen praktischen Angaben und Register. Touren f\u00fcr ein ganzes Leben! Die 2000 Tourenvorschl\u00e4ge aus allen Alpenregionen sind ein unentbehrliches Nachschlagewerk f\u00fcr jeden Alpenwanderer. Die komplett \u00fcberarbeitete Neuauflage f\u00fchrt in die sch\u00f6nsten Bergregionen zwischen Wien und Nizza, stellt die wichtigsten Orte vor und bietet [&#8230;]\n","protected":false},"featured_media":26640,"template":"","meta":[],"product_brand":[],"product_cat":[21605],"product_tag":[],"class_list":{"0":"post-152443","1":"product","2":"type-product","3":"status-publish","4":"has-post-thumbnail","6":"product_cat-wanderfuehrer-trekking","7":"pa_autor-huesler","8":"pa_erscheinungsjahr-21574","9":"pa_region-schweiz","10":"pa_sprache-de","12":"first","13":"instock","14":"taxable","15":"shipping-taxable","16":"purchasable","17":"product-type-simple"},"_links":{"self":[{"href":"https:\/\/pizbube.ch\/en\/wp-json\/wp\/v2\/product\/152443","targetHints":{"allow":["GET"]}}],"collection":[{"href":"https:\/\/pizbube.ch\/en\/wp-json\/wp\/v2\/product"}],"about":[{"href":"https:\/\/pizbube.ch\/en\/wp-json\/wp\/v2\/types\/product"}],"wp:featuredmedia":[{"embeddable":true,"href":"https:\/\/pizbube.ch\/en\/wp-json\/wp\/v2\/media\/26640"}],"wp:attachment":[{"href":"https:\/\/pizbube.ch\/en\/wp-json\/wp\/v2\/media?parent=152443"}],"wp:term":[{"taxonomy":"product_brand","embeddable":true,"href":"https:\/\/pizbube.ch\/en\/wp-json\/wp\/v2\/product_brand?post=152443"},{"taxonomy":"product_cat","embeddable":true,"href":"https:\/\/pizbube.ch\/en\/wp-json\/wp\/v2\/product_cat?post=152443"},{"taxonomy":"product_tag","embeddable":true,"href":"https:\/\/pizbube.ch\/en\/wp-json\/wp\/v2\/product_tag?post=152443"}],"curies":[{"name":"wp","href":"https:\/\/api.w.org\/{rel}","templated":true}]}}