{"id":152446,"date":"2021-01-15T12:04:51","date_gmt":"2021-01-15T12:04:51","guid":{"rendered":"https:\/\/codengine3.ch\/?product=import-placeholder-for-202807"},"modified":"2026-03-25T11:45:13","modified_gmt":"2026-03-25T10:45:13","slug":"ecrins-est","status":"publish","type":"product","link":"https:\/\/pizbube.ch\/en\/shop\/ecrins-est\/","title":{"rendered":"Ecrins Est"},"content":{"rendered":"<p>Du Lautaret \u00e0 Serre-Pon\u00e7on ; toutes les courses au d\u00e9part des vall\u00e9es<br \/>\norientales :<br \/>\nGuisane, Vallouise, Fournel, Freissini\u00e8res, Tramouillon, Couleau<\/p>\n<p>Principaux groupes concern\u00e9s : Combeynot, Agneaux, Monbrison, Pelvoux,<br \/>\nAilefroide, Bans, Piniers, Vautisse, Couleau.<\/p>\n<p>166 courses de base d\u2019un acc\u00e8s rapide depuis Brian\u00e7on, Gap, Grenoble, Turin<\/p>\n<p>orientales : Guisane, Vallouise, Fournel, Freissini\u00e8res, Tramouillon, Couleau.<\/p>\n<p>&#8211; Format : 110&#215;170 mm. Reliure rigide, signet.<br \/>\n&#8211; 288 pages en couleurs<\/p>","protected":false},"excerpt":{"rendered":"<p>Du Lautaret \u00e0 Serre-Pon\u00e7on ; toutes les courses au d\u00e9part des vall\u00e9es orientales : Guisane, Vallouise, Fournel, Freissini\u00e8res, Tramouillon, Couleau Principaux groupes concern\u00e9s : Combeynot, Agneaux, Monbrison, Pelvoux, Ailefroide, Bans, Piniers, Vautisse, Couleau. 166 courses de base d\u2019un acc\u00e8s rapide depuis Brian\u00e7on, Gap, Grenoble, Turin orientales : Guisane, Vallouise, Fournel, Freissini\u00e8res, Tramouillon, Couleau. &#8211; Format [&#8230;]\n","protected":false},"featured_media":166306,"template":"","meta":[],"product_brand":[],"product_cat":[21540],"product_tag":[],"class_list":{"0":"post-152446","1":"product","2":"type-product","3":"status-publish","4":"has-post-thumbnail","6":"product_cat-fuehrerliteratur-alpin-winter","7":"pa_autor-tassan-volle","8":"pa_erscheinungsjahr-27013","9":"pa_region-frankreich","10":"pa_sprache-fr","12":"first","13":"instock","14":"taxable","15":"shipping-taxable","16":"purchasable","17":"product-type-simple"},"_links":{"self":[{"href":"https:\/\/pizbube.ch\/en\/wp-json\/wp\/v2\/product\/152446","targetHints":{"allow":["GET"]}}],"collection":[{"href":"https:\/\/pizbube.ch\/en\/wp-json\/wp\/v2\/product"}],"about":[{"href":"https:\/\/pizbube.ch\/en\/wp-json\/wp\/v2\/types\/product"}],"wp:featuredmedia":[{"embeddable":true,"href":"https:\/\/pizbube.ch\/en\/wp-json\/wp\/v2\/media\/166306"}],"wp:attachment":[{"href":"https:\/\/pizbube.ch\/en\/wp-json\/wp\/v2\/media?parent=152446"}],"wp:term":[{"taxonomy":"product_brand","embeddable":true,"href":"https:\/\/pizbube.ch\/en\/wp-json\/wp\/v2\/product_brand?post=152446"},{"taxonomy":"product_cat","embeddable":true,"href":"https:\/\/pizbube.ch\/en\/wp-json\/wp\/v2\/product_cat?post=152446"},{"taxonomy":"product_tag","embeddable":true,"href":"https:\/\/pizbube.ch\/en\/wp-json\/wp\/v2\/product_tag?post=152446"}],"curies":[{"name":"wp","href":"https:\/\/api.w.org\/{rel}","templated":true}]}}