{"id":152458,"date":"2021-01-15T12:04:52","date_gmt":"2021-01-15T12:04:52","guid":{"rendered":"https:\/\/codengine3.ch\/?product=import-placeholder-for-204215"},"modified":"2021-01-15T14:30:58","modified_gmt":"2021-01-15T14:30:58","slug":"valmalenco-le-piu-belle-escursioni","status":"publish","type":"product","link":"https:\/\/pizbube.ch\/en\/shop\/valmalenco-le-piu-belle-escursioni\/","title":{"rendered":"Valmalenco &#8211; Le piu belle escursioni"},"content":{"rendered":"<p>\nSono passati pi\u00f9 di dieci anni dalla pubblicazione della nostra prima guida<br \/>\nescursionistica sulla Valmalenco.  <\/p>\n<p>\u00c8 arrivato quindi il momento di rinnovarla completamente sia nel formato, pi\u00f9<br \/>\ntascabile e moderno, sia nei contenuti, pi\u00f9 sintetici ma non per questo meno<br \/>\ninteressanti.  <\/p>\n<p>Nuove inedite fotografie aeree invoglieranno ancor di pi\u00f9 il lettore a<br \/>\nscoprire lo spettacolare ambiente della Valmalenco, che non smette mai di<br \/>\nstupire.<\/p>\n<p>192 p.  <\/p>","protected":false},"excerpt":{"rendered":"<p>Sono passati pi\u00f9 di dieci anni dalla pubblicazione della nostra prima guida escursionistica sulla Valmalenco. \u00c8 arrivato quindi il momento di rinnovarla completamente sia nel formato, pi\u00f9 tascabile e moderno, sia nei contenuti, pi\u00f9 sintetici ma non per questo meno interessanti. Nuove inedite fotografie aeree invoglieranno ancor di pi\u00f9 il lettore a scoprire lo spettacolare [&#8230;]\n","protected":false},"featured_media":38880,"template":"","meta":[],"product_brand":[],"product_cat":[21605],"product_tag":[],"class_list":{"0":"post-152458","1":"product","2":"type-product","3":"status-publish","4":"has-post-thumbnail","6":"product_cat-wanderfuehrer-trekking","7":"pa_autor-arzuffi","8":"pa_erscheinungsjahr-21558","9":"pa_region-italien","10":"pa_sprache-it","12":"first","13":"instock","14":"taxable","15":"shipping-taxable","16":"purchasable","17":"product-type-simple"},"_links":{"self":[{"href":"https:\/\/pizbube.ch\/en\/wp-json\/wp\/v2\/product\/152458","targetHints":{"allow":["GET"]}}],"collection":[{"href":"https:\/\/pizbube.ch\/en\/wp-json\/wp\/v2\/product"}],"about":[{"href":"https:\/\/pizbube.ch\/en\/wp-json\/wp\/v2\/types\/product"}],"wp:featuredmedia":[{"embeddable":true,"href":"https:\/\/pizbube.ch\/en\/wp-json\/wp\/v2\/media\/38880"}],"wp:attachment":[{"href":"https:\/\/pizbube.ch\/en\/wp-json\/wp\/v2\/media?parent=152458"}],"wp:term":[{"taxonomy":"product_brand","embeddable":true,"href":"https:\/\/pizbube.ch\/en\/wp-json\/wp\/v2\/product_brand?post=152458"},{"taxonomy":"product_cat","embeddable":true,"href":"https:\/\/pizbube.ch\/en\/wp-json\/wp\/v2\/product_cat?post=152458"},{"taxonomy":"product_tag","embeddable":true,"href":"https:\/\/pizbube.ch\/en\/wp-json\/wp\/v2\/product_tag?post=152458"}],"curies":[{"name":"wp","href":"https:\/\/api.w.org\/{rel}","templated":true}]}}