{"id":152460,"date":"2021-01-15T12:04:52","date_gmt":"2021-01-15T12:04:52","guid":{"rendered":"https:\/\/codengine3.ch\/?product=import-placeholder-for-204886"},"modified":"2025-07-12T13:37:36","modified_gmt":"2025-07-12T11:37:36","slug":"alpinwandern-in-suedbuenden-engadin-muestair-puschlav-bergell-misox","status":"publish","type":"product","link":"https:\/\/pizbube.ch\/en\/shop\/alpinwandern-in-suedbuenden-engadin-muestair-puschlav-bergell-misox\/","title":{"rendered":"Alpinwandern in S\u00fcdb\u00fcnden &#8211; Engadin M\u00fcstair Puschlav Bergell Misox"},"content":{"rendered":"<p>Der vollst\u00e4ndig neue F\u00fchrer beschreibt viele einsame, vielf\u00e4ltig kombinierbare<br \/>\nAlpinwanderungen in S\u00fcdb\u00fcnden und den angrenzenden Gebieten Italiens.<\/p>\n<p>Grossz\u00fcgige bebilderte Hintergrundtexte zu kulturellen, naturkundlichen und<br \/>\ngeschichtlichen Themen runden das neue Werk ab.<br \/>\nAlinwanderklassiker wie der Sentiero Alpino Bregaglia, der Sentiero Alpino<br \/>\nCalanca und der Sentiero Roma werden ebenso vorgestellt wie viele Engadiner<br \/>\nGipfelziele und Neuentdeckungenabseits der ausgetrampelten Pfade.<\/p>\n<p>Die \u00fcber 60 Tagesetappen lassen sich sowohl als Tages- oder Wochenendtouren<br \/>\nerwandern wie auch zu l\u00e4ngeren Trekkings kombinieren.<\/p>\n<p>352 Seiten; 122 Farbfotos<\/p>","protected":false},"excerpt":{"rendered":"<p>Der vollst\u00e4ndig neue F\u00fchrer beschreibt viele einsame, vielf\u00e4ltig kombinierbare Alpinwanderungen in S\u00fcdb\u00fcnden und den angrenzenden Gebieten Italiens. Grossz\u00fcgige bebilderte Hintergrundtexte zu kulturellen, naturkundlichen und geschichtlichen Themen runden das neue Werk ab. Alinwanderklassiker wie der Sentiero Alpino Bregaglia, der Sentiero Alpino Calanca und der Sentiero Roma werden ebenso vorgestellt wie viele Engadiner Gipfelziele und Neuentdeckungenabseits der [&#8230;]\n","protected":false},"featured_media":163042,"template":"","meta":[],"product_brand":[],"product_cat":[21605],"product_tag":[],"class_list":{"0":"post-152460","1":"product","2":"type-product","3":"status-publish","4":"has-post-thumbnail","6":"product_cat-wanderfuehrer-trekking","7":"pa_autor-volken-kundert","8":"pa_erscheinungsjahr-21842","9":"pa_region-schweiz","10":"pa_sprache-de","12":"first","13":"outofstock","14":"taxable","15":"shipping-taxable","16":"purchasable","17":"product-type-simple"},"_links":{"self":[{"href":"https:\/\/pizbube.ch\/en\/wp-json\/wp\/v2\/product\/152460","targetHints":{"allow":["GET"]}}],"collection":[{"href":"https:\/\/pizbube.ch\/en\/wp-json\/wp\/v2\/product"}],"about":[{"href":"https:\/\/pizbube.ch\/en\/wp-json\/wp\/v2\/types\/product"}],"wp:featuredmedia":[{"embeddable":true,"href":"https:\/\/pizbube.ch\/en\/wp-json\/wp\/v2\/media\/163042"}],"wp:attachment":[{"href":"https:\/\/pizbube.ch\/en\/wp-json\/wp\/v2\/media?parent=152460"}],"wp:term":[{"taxonomy":"product_brand","embeddable":true,"href":"https:\/\/pizbube.ch\/en\/wp-json\/wp\/v2\/product_brand?post=152460"},{"taxonomy":"product_cat","embeddable":true,"href":"https:\/\/pizbube.ch\/en\/wp-json\/wp\/v2\/product_cat?post=152460"},{"taxonomy":"product_tag","embeddable":true,"href":"https:\/\/pizbube.ch\/en\/wp-json\/wp\/v2\/product_tag?post=152460"}],"curies":[{"name":"wp","href":"https:\/\/api.w.org\/{rel}","templated":true}]}}