{"id":152462,"date":"2021-01-15T12:04:53","date_gmt":"2021-01-15T12:04:53","guid":{"rendered":"https:\/\/codengine3.ch\/?product=import-placeholder-for-205141"},"modified":"2024-04-15T14:24:48","modified_gmt":"2024-04-15T12:24:48","slug":"carte-de-randonnees-a5-belledonne-1-50-000","status":"publish","type":"product","link":"https:\/\/pizbube.ch\/en\/shop\/carte-de-randonnees-a5-belledonne-1-50-000\/","title":{"rendered":"Carte de randonn\u00e9es A5 &#8211; Belledonne 1: 50.000"},"content":{"rendered":"<p>Grenoble, Chartreuse, Grandes Rousses<\/p>\n<p>Cartographie r\u00e9alis\u00e9e sur la base des fonds topographiques de l&#8217;Institut<br \/>\nG\u00e9ographique National, avec surimpression des itin\u00e9raires de randonn\u00e9es et de<br \/>\npromenades \u00e0 pied, \u00e0 ski, \u00e0 VTT.<br \/>\nLocalisation des refuges gard\u00e9s, g\u00eetes d&#8217;\u00e9tape, Rando&#8217;Plume, campings, zones<br \/>\nde bivouac, indications d&#8217;ordre touristique (points de vues, sites), culturel<br \/>\n(mus\u00e9es, etc.), sportif (centres d&#8217;activit\u00e9s \u00e9questres, VTT, vol libre,<br \/>\nescalades, canyoning, rafting).<\/p>","protected":false},"excerpt":{"rendered":"<p>Grenoble, Chartreuse, Grandes Rousses Cartographie r\u00e9alis\u00e9e sur la base des fonds topographiques de l&#8217;Institut G\u00e9ographique National, avec surimpression des itin\u00e9raires de randonn\u00e9es et de promenades \u00e0 pied, \u00e0 ski, \u00e0 VTT. Localisation des refuges gard\u00e9s, g\u00eetes d&#8217;\u00e9tape, Rando&#8217;Plume, campings, zones de bivouac, indications d&#8217;ordre touristique (points de vues, sites), culturel (mus\u00e9es, etc.), sportif (centres d&#8217;activit\u00e9s [&#8230;]\n","protected":false},"featured_media":33763,"template":"","meta":[],"product_brand":[],"product_cat":[21543],"product_tag":[],"class_list":{"0":"post-152462","1":"product","2":"type-product","3":"status-publish","4":"has-post-thumbnail","6":"product_cat-landkarten","7":"pa_autor-rando","8":"pa_erscheinungsjahr-21842","9":"pa_region-frankreich","10":"pa_sprache-e","11":"pa_sprache-f","13":"first","14":"outofstock","15":"taxable","16":"shipping-taxable","17":"purchasable","18":"product-type-simple"},"_links":{"self":[{"href":"https:\/\/pizbube.ch\/en\/wp-json\/wp\/v2\/product\/152462","targetHints":{"allow":["GET"]}}],"collection":[{"href":"https:\/\/pizbube.ch\/en\/wp-json\/wp\/v2\/product"}],"about":[{"href":"https:\/\/pizbube.ch\/en\/wp-json\/wp\/v2\/types\/product"}],"wp:featuredmedia":[{"embeddable":true,"href":"https:\/\/pizbube.ch\/en\/wp-json\/wp\/v2\/media\/33763"}],"wp:attachment":[{"href":"https:\/\/pizbube.ch\/en\/wp-json\/wp\/v2\/media?parent=152462"}],"wp:term":[{"taxonomy":"product_brand","embeddable":true,"href":"https:\/\/pizbube.ch\/en\/wp-json\/wp\/v2\/product_brand?post=152462"},{"taxonomy":"product_cat","embeddable":true,"href":"https:\/\/pizbube.ch\/en\/wp-json\/wp\/v2\/product_cat?post=152462"},{"taxonomy":"product_tag","embeddable":true,"href":"https:\/\/pizbube.ch\/en\/wp-json\/wp\/v2\/product_tag?post=152462"}],"curies":[{"name":"wp","href":"https:\/\/api.w.org\/{rel}","templated":true}]}}