{"id":152463,"date":"2021-01-15T12:04:53","date_gmt":"2021-01-15T12:04:53","guid":{"rendered":"https:\/\/codengine3.ch\/?product=import-placeholder-for-207506"},"modified":"2023-01-03T09:26:24","modified_gmt":"2023-01-03T08:26:24","slug":"alpinisme-hivernal-en-dauphine-tome-1","status":"publish","type":"product","link":"https:\/\/pizbube.ch\/en\/shop\/alpinisme-hivernal-en-dauphine-tome-1\/","title":{"rendered":"Alpinisme hivernal en Dauphin\u00e9 &#8211; Tome 1"},"content":{"rendered":"<p>Un ouvrage in\u00e9dit de courses d`alpinisme hivernal du PD au ED!<br \/>\nTome 1 Belledonne Taillefer Grand Armet<\/p>\n<p>Ce premier tome du topo, couvrant les massifs de Belledonne et du Taillefer &#8211;<br \/>\nGrand Armet vous pr\u00e9sente :<br \/>\n80 itin\u00e9raires d`ar\u00eates, goulottes et couloirs<br \/>\n90 cascades de glace r\u00e9parties sur 25 sites<\/p>\n<p>Ce topo couvre tous les types de pratiques alpines hivernales autour de<br \/>\nGrenoble : 90 cascades de glace, 80 itin\u00e9raires d`ar\u00eates, goulottes et<br \/>\ncouloirs de neige; voies mixtes et rocheuses.<br \/>\nDe Novembre \u00e0 Mai, les montagnes du Dauphin\u00e9 offrent une multitude<br \/>\nd\u2019itin\u00e9raires, pour beaucoup in\u00e9dits.<br \/>\nBelledonne, Taillefer, Grand Armet.<br \/>\nCe premier tome recense plut\u00f4t des courses au caract\u00e8re tr\u00e8s alpin.<\/p>\n<p>Un deuxi\u00e8me tome couvre le Vercors et la Chartreuse<\/p>","protected":false},"excerpt":{"rendered":"<p>Un ouvrage in\u00e9dit de courses d`alpinisme hivernal du PD au ED! Tome 1 Belledonne Taillefer Grand Armet Ce premier tome du topo, couvrant les massifs de Belledonne et du Taillefer &#8211; Grand Armet vous pr\u00e9sente : 80 itin\u00e9raires d`ar\u00eates, goulottes et couloirs 90 cascades de glace r\u00e9parties sur 25 sites Ce topo couvre tous les [&#8230;]\n","protected":false},"featured_media":38758,"template":"","meta":[],"product_brand":[],"product_cat":[21540],"product_tag":[],"class_list":{"0":"post-152463","1":"product","2":"type-product","3":"status-publish","4":"has-post-thumbnail","6":"product_cat-fuehrerliteratur-alpin-winter","7":"pa_autor-escande-weiss","8":"pa_erscheinungsjahr-21842","9":"pa_region-frankreich","10":"pa_sprache-fr","12":"first","13":"outofstock","14":"taxable","15":"shipping-taxable","16":"purchasable","17":"product-type-simple"},"_links":{"self":[{"href":"https:\/\/pizbube.ch\/en\/wp-json\/wp\/v2\/product\/152463","targetHints":{"allow":["GET"]}}],"collection":[{"href":"https:\/\/pizbube.ch\/en\/wp-json\/wp\/v2\/product"}],"about":[{"href":"https:\/\/pizbube.ch\/en\/wp-json\/wp\/v2\/types\/product"}],"wp:featuredmedia":[{"embeddable":true,"href":"https:\/\/pizbube.ch\/en\/wp-json\/wp\/v2\/media\/38758"}],"wp:attachment":[{"href":"https:\/\/pizbube.ch\/en\/wp-json\/wp\/v2\/media?parent=152463"}],"wp:term":[{"taxonomy":"product_brand","embeddable":true,"href":"https:\/\/pizbube.ch\/en\/wp-json\/wp\/v2\/product_brand?post=152463"},{"taxonomy":"product_cat","embeddable":true,"href":"https:\/\/pizbube.ch\/en\/wp-json\/wp\/v2\/product_cat?post=152463"},{"taxonomy":"product_tag","embeddable":true,"href":"https:\/\/pizbube.ch\/en\/wp-json\/wp\/v2\/product_tag?post=152463"}],"curies":[{"name":"wp","href":"https:\/\/api.w.org\/{rel}","templated":true}]}}