{"id":152465,"date":"2021-01-15T12:31:06","date_gmt":"2021-01-15T12:31:06","guid":{"rendered":"https:\/\/codengine3.ch\/?product=import-placeholder-for-203372"},"modified":"2025-06-20T13:49:38","modified_gmt":"2025-06-20T11:49:38","slug":"zillertal-mit-gerlos-und-tuxer-tal","status":"publish","type":"product","link":"https:\/\/pizbube.ch\/en\/shop\/zillertal-mit-gerlos-und-tuxer-tal\/","title":{"rendered":"Zillertal mit Gerlos- und Tuxer Tal"},"content":{"rendered":"<p><span class=\"value\">Vielseitig und erlebnisreich \u2013 so ist das Zillertal! Das weite Sonnental, flankiert von zahlreichen Gipfeln, bietet Wanderern unz\u00e4hlige Tourenm\u00f6glichkeiten. Von sch\u00f6nen H\u00f6henwegen, \u00fcber Wanderungen zu H\u00fctten und Almen bis zu hohen Gipfelzielen stellt der Rother Wanderf\u00fchrer \u00bbZillertal\u00ab 60 abwechslungsreiche Touren vor.<\/span><\/p>\n<p>Einladend ziehen links und rechts des Tales gr\u00fcne Wiesen- und Almh\u00e4nge hinauf in die k\u00fchle Frische der leicht erwanderbaren Zweitausender. Dahinter, Richtung S\u00fcden, werden die Gipfel nicht nur h\u00f6her, sondern auch schroffer und hochalpiner. Atemberaubend ist das Panorama auf den vergletscherten Hauptkamm. Sch\u00f6n gelegene H\u00fctten, wie Berliner H\u00fctte, Olpererh\u00fctte, oder die Greizer H\u00fctte, sind herrliche Ziele f\u00fcr Tageswanderungen. Die 60 Touren in diesem Wanderf\u00fchrer f\u00fchren in alle Winkel im Einzugsbereich des Zillertals, also auch in das Gerlostal und das Tuxer Tal. Sowohl f\u00fcr Genusswanderer als auch f\u00fcr anspruchsvolle Gipfelsammler h\u00e4lt der Band eine gro\u00dfe Auswahl an Zielen bereit.<\/p>\n<p>Jede Wanderung wird mit einer detaillierten Wegbeschreibung, einem Wanderk\u00e4rtchen mit eingetragenem Routenverlauf und einem aussagekr\u00e4ftigen H\u00f6henprofil vorgestellt. Au\u00dferdem stehen GPS-Tracks zum Download bereit. Viele Bilder machen Lust auf die n\u00e4chsten Touren.<\/p>\n<p>Der renommierte Autor und Alpinjournalist Mark Zahel ist begeisterter Wanderer und Bergsteiger und jeden Sommer in den Alpen unterwegs. Er hat f\u00fcr den Rother Wanderf\u00fchrer \u00bbZillertal\u00ab eine umfangreiche Auswahl der sch\u00f6nsten Touren zusammengestellt.<\/p>\n<p>200 Seiten mit 128 Farbabbildungen<br \/>\n60 H\u00f6henprofile, 60 Wanderk\u00e4rtchen im Ma\u00dfstab 1:50.000 und 1:75.000, eine \u00dcbersichtskarte im Ma\u00dfstab 1:350.000, GPS-Tracks zum Download<br \/>\n13. Auflage 2024<\/p>","protected":false},"excerpt":{"rendered":"<p>Vielseitig und erlebnisreich \u2013 so ist das Zillertal! Das weite Sonnental, flankiert von zahlreichen Gipfeln, bietet Wanderern unz\u00e4hlige Tourenm\u00f6glichkeiten. Von sch\u00f6nen H\u00f6henwegen, \u00fcber Wanderungen zu H\u00fctten und Almen bis zu hohen Gipfelzielen stellt der Rother Wanderf\u00fchrer \u00bbZillertal\u00ab 60 abwechslungsreiche Touren vor. Einladend ziehen links und rechts des Tales gr\u00fcne Wiesen- und Almh\u00e4nge hinauf in die [&#8230;]\n","protected":false},"featured_media":163144,"template":"","meta":[],"product_brand":[],"product_cat":[21605],"product_tag":[],"class_list":{"0":"post-152465","1":"product","2":"type-product","3":"status-publish","4":"has-post-thumbnail","6":"product_cat-wanderfuehrer-trekking","7":"pa_autor-zahel","8":"pa_erscheinungsjahr-27339","9":"pa_region-oesterreich","10":"pa_sprache-de","12":"first","13":"instock","14":"taxable","15":"shipping-taxable","16":"purchasable","17":"product-type-simple"},"_links":{"self":[{"href":"https:\/\/pizbube.ch\/en\/wp-json\/wp\/v2\/product\/152465","targetHints":{"allow":["GET"]}}],"collection":[{"href":"https:\/\/pizbube.ch\/en\/wp-json\/wp\/v2\/product"}],"about":[{"href":"https:\/\/pizbube.ch\/en\/wp-json\/wp\/v2\/types\/product"}],"wp:featuredmedia":[{"embeddable":true,"href":"https:\/\/pizbube.ch\/en\/wp-json\/wp\/v2\/media\/163144"}],"wp:attachment":[{"href":"https:\/\/pizbube.ch\/en\/wp-json\/wp\/v2\/media?parent=152465"}],"wp:term":[{"taxonomy":"product_brand","embeddable":true,"href":"https:\/\/pizbube.ch\/en\/wp-json\/wp\/v2\/product_brand?post=152465"},{"taxonomy":"product_cat","embeddable":true,"href":"https:\/\/pizbube.ch\/en\/wp-json\/wp\/v2\/product_cat?post=152465"},{"taxonomy":"product_tag","embeddable":true,"href":"https:\/\/pizbube.ch\/en\/wp-json\/wp\/v2\/product_tag?post=152465"}],"curies":[{"name":"wp","href":"https:\/\/api.w.org\/{rel}","templated":true}]}}