{"id":152467,"date":"2021-01-15T12:31:06","date_gmt":"2021-01-15T12:31:06","guid":{"rendered":"https:\/\/codengine3.ch\/?product=import-placeholder-for-201835"},"modified":"2024-12-11T17:33:48","modified_gmt":"2024-12-11T16:33:48","slug":"odenwald-kletterfuehrer","status":"publish","type":"product","link":"https:\/\/pizbube.ch\/en\/shop\/odenwald-kletterfuehrer\/","title":{"rendered":"Odenwald Kletterf\u00fchrer"},"content":{"rendered":"<p>Der sagenumwobene Odenwald verbirgt in seinen ausgedehnten W\u00e4ldern zahlreiche<br \/>\ninteressante Felsen, die nicht nur das Klettererherz h\u00f6her schlagen lassen,<br \/>\nsondern auch die Augen von Geologen zum Leuchten bringen. Im \u00f6stlichen Teil,<br \/>\ndem sogenannten Sandstein-Odenwald, finden sich zahlreiche alte Steinbr\u00fcche,<br \/>\ndie heute zum Kletten genutzt werden k\u00f6nnen.<\/p>\n<p>Charakteristisch f\u00fcr den Sandstein sind sehr sch\u00f6ne Risslinien, die<br \/>\nKlettertechniken verlangen, die man nicht unbedingt in der Halle lernt. Die<br \/>\nBr\u00fcche, allen voran der in Heubach, wurden teilweise so erschlossen, dass man<br \/>\nauch mal einen Keil oder Cam im Riss versenken muss, anstatt einen Bohrhaken<br \/>\nzu clippen. Rissklettern liegt bekanntlich nicht jedem, aber keine Bange: Der<br \/>\nOdenwald hat weit mehr zu bieten.<\/p>\n<p>Die h\u00fcbschen Quarzitklippen von Borstein und Hohenstein im Lautertal zum<br \/>\nBesipiel oder den gewaltigen Schriesheimer Steinbruch, der hoch \u00fcber der<br \/>\nRheinebene mit \u00fcber mehrere Terrassen verteilten W\u00e4nden geduldig auf die<br \/>\nwochenends anst\u00fcrmenden Klettererhorden wartet. Und Fans der neueren deutschen<br \/>\nKlettergeschichte k\u00f6nnen zum Heidelberger Riesenstein pilgern, an dem sich<br \/>\nWeiland Reinhard Karl seine legend\u00e4re Armkraft erboulderte.<\/p>\n<p>8. Auflage 2025, 224 Seiten, 148 x 185 mm, Softcover, komplett 4 Farbig<\/p>\n<p>Dem F\u00fchrer liegt ein Downloadcode f\u00fcr eine kostenlose Anwendung f\u00fcr iOS und<br \/>\nAndroid bei. Ihr bekommt damit alle im Kletterf\u00fchrer enthaltenen Topos in Form<br \/>\neiner App f\u00fcr euer Smartphone gratis dazu.<\/p>","protected":false},"excerpt":{"rendered":"<p><strong><a href=\"https:\/\/pizbube.ch\/wp-content\/uploads\/2021\/01\/Odenwald_2025_Leseprobe.pdf\" target=\"_blank\" rel=\"noopener\">Odenwald_2025_Leseprobe<\/a><\/strong><\/p>","protected":false},"featured_media":177669,"template":"","meta":[],"product_brand":[],"product_cat":[21539],"product_tag":[],"class_list":{"0":"post-152467","1":"product","2":"type-product","3":"status-publish","4":"has-post-thumbnail","6":"product_cat-fuehrerliteratur-sportklettern-bouldern","7":"pa_autor-fischer","8":"pa_erscheinungsjahr-27415","9":"pa_region-deutschland","10":"pa_sprache-de","12":"first","13":"onbackorder","14":"taxable","15":"shipping-taxable","16":"purchasable","17":"product-type-simple"},"_links":{"self":[{"href":"https:\/\/pizbube.ch\/en\/wp-json\/wp\/v2\/product\/152467","targetHints":{"allow":["GET"]}}],"collection":[{"href":"https:\/\/pizbube.ch\/en\/wp-json\/wp\/v2\/product"}],"about":[{"href":"https:\/\/pizbube.ch\/en\/wp-json\/wp\/v2\/types\/product"}],"wp:featuredmedia":[{"embeddable":true,"href":"https:\/\/pizbube.ch\/en\/wp-json\/wp\/v2\/media\/177669"}],"wp:attachment":[{"href":"https:\/\/pizbube.ch\/en\/wp-json\/wp\/v2\/media?parent=152467"}],"wp:term":[{"taxonomy":"product_brand","embeddable":true,"href":"https:\/\/pizbube.ch\/en\/wp-json\/wp\/v2\/product_brand?post=152467"},{"taxonomy":"product_cat","embeddable":true,"href":"https:\/\/pizbube.ch\/en\/wp-json\/wp\/v2\/product_cat?post=152467"},{"taxonomy":"product_tag","embeddable":true,"href":"https:\/\/pizbube.ch\/en\/wp-json\/wp\/v2\/product_tag?post=152467"}],"curies":[{"name":"wp","href":"https:\/\/api.w.org\/{rel}","templated":true}]}}