{"id":152469,"date":"2021-01-15T12:31:06","date_gmt":"2021-01-15T12:31:06","guid":{"rendered":"https:\/\/codengine3.ch\/?product=import-placeholder-for-201837"},"modified":"2021-01-15T12:31:09","modified_gmt":"2021-01-15T12:31:09","slug":"mont-blanc-randonnees-france-italie-suisse","status":"publish","type":"product","link":"https:\/\/pizbube.ch\/en\/shop\/mont-blanc-randonnees-france-italie-suisse\/","title":{"rendered":"Mont- Blanc Randonn\u00e9es: France, Italie, Suisse"},"content":{"rendered":"<p>la bible de la randonn\u00e9e au pays du Mont Blanc: les petites balades, les<br \/>\ngrandes classiques, les randonn\u00e9es d&#8217;exception!<br \/>\n90 randonn\u00e9es au Pay du Mont Blanc. 223 p.  <\/p>","protected":false},"excerpt":{"rendered":"<p>la bible de la randonn\u00e9e au pays du Mont Blanc: les petites balades, les grandes classiques, les randonn\u00e9es d&#8217;exception! 90 randonn\u00e9es au Pay du Mont Blanc. 223 p.<\/p>","protected":false},"featured_media":29224,"template":"","meta":[],"product_brand":[],"product_cat":[21605],"product_tag":[],"class_list":{"0":"post-152469","1":"product","2":"type-product","3":"status-publish","4":"has-post-thumbnail","6":"product_cat-wanderfuehrer-trekking","7":"pa_autor-labarbe","8":"pa_erscheinungsjahr-22167","9":"pa_region-frankreich","10":"pa_sprache-fr","12":"first","13":"instock","14":"taxable","15":"shipping-taxable","16":"purchasable","17":"product-type-simple"},"_links":{"self":[{"href":"https:\/\/pizbube.ch\/en\/wp-json\/wp\/v2\/product\/152469","targetHints":{"allow":["GET"]}}],"collection":[{"href":"https:\/\/pizbube.ch\/en\/wp-json\/wp\/v2\/product"}],"about":[{"href":"https:\/\/pizbube.ch\/en\/wp-json\/wp\/v2\/types\/product"}],"wp:featuredmedia":[{"embeddable":true,"href":"https:\/\/pizbube.ch\/en\/wp-json\/wp\/v2\/media\/29224"}],"wp:attachment":[{"href":"https:\/\/pizbube.ch\/en\/wp-json\/wp\/v2\/media?parent=152469"}],"wp:term":[{"taxonomy":"product_brand","embeddable":true,"href":"https:\/\/pizbube.ch\/en\/wp-json\/wp\/v2\/product_brand?post=152469"},{"taxonomy":"product_cat","embeddable":true,"href":"https:\/\/pizbube.ch\/en\/wp-json\/wp\/v2\/product_cat?post=152469"},{"taxonomy":"product_tag","embeddable":true,"href":"https:\/\/pizbube.ch\/en\/wp-json\/wp\/v2\/product_tag?post=152469"}],"curies":[{"name":"wp","href":"https:\/\/api.w.org\/{rel}","templated":true}]}}